{"id":39952,"date":"2026-01-03T13:03:23","date_gmt":"2026-01-03T12:03:23","guid":{"rendered":"https:\/\/manakinfleurs.com\/flower-shop\/velvet-romance-200-roses-rouges-bouquet\/"},"modified":"2026-01-30T13:03:23","modified_gmt":"2026-01-30T12:03:23","slug":"velvet-romance-200-roses-rouges-bouquet","status":"publish","type":"product","link":"https:\/\/manakinfleurs.com\/fr\/boutique\/velvet-romance-200-roses-rouges-bouquet\/","title":{"rendered":"VELVET ROMANCE"},"content":{"rendered":"<p data-pm-slice=\"1 1 [\"bullet_list\",{},\"list_item\",{},\"blockquote\",{}]\">L&#8217;effet est hypnotique. On d\u00e9couvre une texture continue de p\u00e9tales de velours qui invite au toucher. Il semble substantiel, lourd d&#8217;\u00e9motion et incroyablement luxueux. Contrairement aux arrangements plus grands et a\u00e9r\u00e9s, ce bouquet de 200 roses est intime et puissant. Il est con\u00e7u pour \u00eatre tenu tout contre soi et admir\u00e9 pour sa perfection sans faille.    <\/p>\n<h3 data-pm-slice=\"1 3 []\">Id\u00e9es de Mise en Sc\u00e8ne<\/h3>\n<ul>\n<li><strong>Le D\u00eener en Amoureux:<\/strong> Sa taille de 50 cm est parfaite pour \u00eatre plac\u00e9e sur une table de restaurant de luxe sans bloquer la vue. Il ajoute une romance intense au repas.<\/li>\n<li><strong>Luxe au Chevet: <\/strong>Placez-le sur une table de nuit pour une surprise au r\u00e9veil qui embaume la rose fra\u00eeche.<\/li>\n<li><strong>Demande Chic:<\/strong> Une alternative moderne et sophistiqu\u00e9e aux bouquets g\u00e9ants. C&#8217;est parfait pour une demande en mariage chic en ville.<\/li>\n<\/ul>\n<h3 data-pm-slice=\"1 3 []\">Instructions d&#8217;Entretien<\/h3>\n<ul>\n<li><strong>Hydratation : <\/strong>Comme les tiges sont serr\u00e9es, assurez-vous que le vase est rempli \u00e0 ras bord d&#8217;eau fra\u00eeche chaque jour.<\/li>\n<li><strong>Taille : <\/strong>Si possible, recoupez l\u00e9g\u00e8rement les tiges tous les 2 jours pour aider les <strong>200 roses<\/strong> \u00e0 boire efficacement.<\/li>\n<li><strong>Temp\u00e9rature <\/strong>: Gardez au frais. La densit\u00e9 des fleurs cr\u00e9e un microclimat et l&#8217;air frais aide donc \u00e0 \u00e9viter qu&#8217;elles ne s&#8217;ouvrent trop vite. <\/li>\n<\/ul>\n<p>&nbsp;<\/p>\n<section class=\"faq\" aria-labelledby=\"faq-title\">\n<h2 id=\"faq-title\">Questions Fr\u00e9quentes (FAQ)<\/h2>\n<details class=\"faq-item\">\n<summary class=\"faq-question\">Quel est le poids du bouquet Romance de Velours ?<\/summary>\n<div class=\"faq-answer\">Il est \u00e9tonnamment lourd. En raison de la densit\u00e9 des 200 roses serr\u00e9es les unes contre les autres, le bouquet p\u00e8se environ 20 kg. Il donne une sensation de poids substantiel et luxueux dans vos bras et symbolise la profondeur de vos sentiments.<\/div>\n<\/details>\n<details class=\"faq-item\">\n<summary class=\"faq-question\">Puis-je faire livrer ces 200 roses rouges dans un restaurant ?<\/summary>\n<div class=\"faq-answer\">Absolument. Cette taille est id\u00e9ale pour une livraison au restaurant car elle s&#8217;adapte magnifiquement \u00e0 une table. Nous pouvons nous coordonner avec l&#8217;\u00e9tablissement \u00e0 Nice, Monaco ou Cannes pour qu&#8217;il vous attende \u00e0 votre table. <\/div>\n<\/details>\n<details class=\"faq-item\">\n<summary class=\"faq-question\">Pourquoi choisir 200 roses au lieu de 100 ?<\/summary>\n<div class=\"faq-answer\">La diff\u00e9rence r\u00e9side dans la texture. Avec 200 roses dans cette taille sp\u00e9cifique, nous cr\u00e9ons un &#8220;effet velours&#8221; o\u00f9 les fleurs se soutiennent mutuellement. Cela cr\u00e9e une surface de couleur solide qui est incroyablement luxueuse.<\/div>\n<\/details>\n<\/section>\n","protected":false},"excerpt":{"rendered":"<h2>Romance de Velours : Une \u00c9treinte Intense de 200 Roses<\/h2>\n<p data-pm-slice=\"1 1 [\"bullet_list\",{},\"list_item\",{},\"blockquote\",{}]\">La passion n&#8217;est pas toujours une question de taille. Parfois tout r\u00e9side dans l&#8217;intensit\u00e9. &#8220;Romance de Velours&#8221; est un chef-d&#8217;\u0153uvre de concentration. Nous avons rassembl\u00e9 <strong>200 roses<\/strong> rouges du pourpre le plus profond pour les arranger en un d\u00f4me compact et incroyablement dense de <strong>50 cm de diam\u00e8tre<\/strong>.   <\/p>\n<h3 data-pm-slice=\"1 1 [\"bullet_list\",{},\"list_item\",{},\"blockquote\",{}]\"><strong>Le Cadeau Parfait pour la Saint-Valentin<\/strong><\/h3>\n<p data-pm-slice=\"1 1 [\"bullet_list\",{},\"list_item\",{},\"blockquote\",{}]\">Pour cette Saint-Valentin, offrez un cadeau qui bat comme un c\u0153ur. &#8220;Romance de Velours&#8221; est le geste ultime d&#8217;un amour profond et concentr\u00e9. Sa taille g\u00e9rable le rend parfait pour une table de d\u00eener romantique ou une surprise au chevet. Pourtant le volume pur de 200 roses rouges garantit qu&#8217;il reste une d\u00e9claration inoubliable de luxe et de d\u00e9vouement.   <\/p>\n<h3 data-pm-slice=\"1 3 []\">Caract\u00e9ristiques<\/h3>\n<ul>\n<li><strong>\u00c9chelle<\/strong>: Un d\u00f4me dense, lourd et parfait d&#8217;un <strong>diam\u00e8tre de 50 cm.<\/strong><\/li>\n<li>Nombre de Fleurs: <strong>200 roses <\/strong>(vari\u00e9t\u00e9s rouges premium serr\u00e9es pour un effet velours).<\/li>\n<li><strong>Pr\u00e9sentation<\/strong>: Emball\u00e9 dans un papier luxueux au toucher doux ou un ruban de velours assorti aux fleurs.<\/li>\n<li><strong>Impact<\/strong>: Haute densit\u00e9, texture riche et couleur intense.<\/li>\n<\/ul>\n<p>&nbsp;<\/p>\n","protected":false},"featured_media":39940,"template":"","meta":{"_uf_show_specific_survey":0,"_uf_disable_surveys":false},"product_brand":[1447],"product_cat":[1431,1433,1400],"product_tag":[],"class_list":{"0":"post-39952","1":"product","2":"type-product","3":"status-publish","4":"has-post-thumbnail","6":"product_brand-manakin-fleurs","7":"product_cat-romantique","8":"product_cat-bouquets-de-roses","9":"product_cat-saint-valentin","12":"first","13":"instock","14":"taxable","15":"shipping-taxable","16":"purchasable","17":"product-type-simple"},"_links":{"self":[{"href":"https:\/\/manakinfleurs.com\/fr\/wp-json\/wp\/v2\/product\/39952","targetHints":{"allow":["GET"]}}],"collection":[{"href":"https:\/\/manakinfleurs.com\/fr\/wp-json\/wp\/v2\/product"}],"about":[{"href":"https:\/\/manakinfleurs.com\/fr\/wp-json\/wp\/v2\/types\/product"}],"wp:featuredmedia":[{"embeddable":true,"href":"https:\/\/manakinfleurs.com\/fr\/wp-json\/wp\/v2\/media\/39940"}],"wp:attachment":[{"href":"https:\/\/manakinfleurs.com\/fr\/wp-json\/wp\/v2\/media?parent=39952"}],"wp:term":[{"taxonomy":"product_brand","embeddable":true,"href":"https:\/\/manakinfleurs.com\/fr\/wp-json\/wp\/v2\/product_brand?post=39952"},{"taxonomy":"product_cat","embeddable":true,"href":"https:\/\/manakinfleurs.com\/fr\/wp-json\/wp\/v2\/product_cat?post=39952"},{"taxonomy":"product_tag","embeddable":true,"href":"https:\/\/manakinfleurs.com\/fr\/wp-json\/wp\/v2\/product_tag?post=39952"}],"curies":[{"name":"wp","href":"https:\/\/api.w.org\/{rel}","templated":true}]}}