{"id":38916,"date":"2025-09-22T11:34:36","date_gmt":"2025-09-22T10:34:36","guid":{"rendered":"https:\/\/manakinfleurs.com\/flower-shop\/sunset-in-monaco\/"},"modified":"2025-09-22T11:34:36","modified_gmt":"2025-09-22T10:34:36","slug":"sunset-in-monaco","status":"publish","type":"product","link":"https:\/\/manakinfleurs.com\/fr\/boutique\/sunset-in-monaco\/","title":{"rendered":"SUNSET IN MONACO"},"content":{"rendered":"","protected":false},"excerpt":{"rendered":"<p><strong>Le bouquet<\/strong> \u00ab Coucher de soleil \u00e0 Monaco\u00bb est une composition exquise, rayonnante d\u2019\u00e9l\u00e9gance et de charme. Il se compose d\u2019hortensias roses et de lisianthus d\u00e9licats, violet p\u00e2le, rehauss\u00e9s de teintes douces de <strong>roses rose clair<\/strong> et de la chaleur subtile de la <strong>matthiole p\u00eache<\/strong>. Ce chef-d\u2019\u0153uvre de 65 \u00e0 70 cm de diam\u00e8tre, imagin\u00e9 par Manakin Fleurs, incarne raffinement et beaut\u00e9. <strong>C\u00e9l\u00e9brez les anniversaires<\/strong> ou exprimez votre affection avec ces fleurs d\u2019anniversaire rayonnantes, qui subliment cet ensemble magnifique. Le m\u00e9lange de couleurs vibrantes et de fleurs d\u00e9licates cr\u00e9e une exp\u00e9rience visuelle et aromatique enchanteresse.    <\/p>\n<p>Visit Manakin Fleurs, your go-to <strong>flower shop Nice France<\/strong>, for the most exquisite and delightful floral arrangements.<\/p>\n<p>Il est important de noter que notre collection florale d\u00e9pend des saisons et que l\u2019assortiment disponible varie selon les arrivages au moment de votre commande. Si certaines fleurs sont indisponibles, nous les remplacerons volontiers par l\u2019alternative la plus proche pour pr\u00e9server le visuel du bouquet. Et si, pour une raison quelconque, la cr\u00e9ation exacte du bouquet choisi s\u2019av\u00e8re impossible, nous vous contacterons rapidement pour convenir ensemble de la meilleure composition.  <\/p>\n<p>Diam\u00e8tre 65-70\u202fcm<\/p>\n","protected":false},"featured_media":35311,"template":"","meta":{"_uf_show_specific_survey":0,"_uf_disable_surveys":false},"product_brand":[1447],"product_cat":[1398],"product_tag":[],"class_list":{"0":"post-38916","1":"product","2":"type-product","3":"status-publish","4":"has-post-thumbnail","6":"product_brand-manakin-fleurs","7":"product_cat-sur-mesure","10":"first","11":"instock","12":"taxable","13":"shipping-taxable","14":"purchasable","15":"product-type-simple"},"_links":{"self":[{"href":"https:\/\/manakinfleurs.com\/fr\/wp-json\/wp\/v2\/product\/38916","targetHints":{"allow":["GET"]}}],"collection":[{"href":"https:\/\/manakinfleurs.com\/fr\/wp-json\/wp\/v2\/product"}],"about":[{"href":"https:\/\/manakinfleurs.com\/fr\/wp-json\/wp\/v2\/types\/product"}],"wp:featuredmedia":[{"embeddable":true,"href":"https:\/\/manakinfleurs.com\/fr\/wp-json\/wp\/v2\/media\/35311"}],"wp:attachment":[{"href":"https:\/\/manakinfleurs.com\/fr\/wp-json\/wp\/v2\/media?parent=38916"}],"wp:term":[{"taxonomy":"product_brand","embeddable":true,"href":"https:\/\/manakinfleurs.com\/fr\/wp-json\/wp\/v2\/product_brand?post=38916"},{"taxonomy":"product_cat","embeddable":true,"href":"https:\/\/manakinfleurs.com\/fr\/wp-json\/wp\/v2\/product_cat?post=38916"},{"taxonomy":"product_tag","embeddable":true,"href":"https:\/\/manakinfleurs.com\/fr\/wp-json\/wp\/v2\/product_tag?post=38916"}],"curies":[{"name":"wp","href":"https:\/\/api.w.org\/{rel}","templated":true}]}}