{"id":38711,"date":"2018-01-02T16:58:02","date_gmt":"2018-01-02T15:58:02","guid":{"rendered":"https:\/\/manakinfleurs.com\/?post_type=product&#038;p=38711"},"modified":"2025-09-22T11:25:05","modified_gmt":"2025-09-22T10:25:05","slug":"charm-peony","status":"publish","type":"product","link":"https:\/\/manakinfleurs.com\/fr\/boutique\/charm-peony\/","title":{"rendered":"CHARM PEONY"},"content":{"rendered":"","protected":false},"excerpt":{"rendered":"<p>C\u00e9l\u00e9brez l\u2019\u00e9l\u00e9gance avec notre collection exceptionnelle de <strong>pivoines corail<\/strong>. Brass\u00e9e de <strong>pivoines Coral Charm<\/strong>, \u00e0 grosse t\u00eate et parfum d\u00e9licieux. Leur couleur passe du corail au jaune, puis au p\u00eache tr\u00e8s p\u00e2le. Chez Manakin Fleurs, laissez-vous s\u00e9duire par leur beaut\u00e9, id\u00e9ale pour ajouter une note sophistiqu\u00e9e \u00e0 chaque \u00e9v\u00e9nement.   <\/p>\n<p>Vous cherchez le cadeau parfait ? D\u00e9couvrez nos options de <strong>livraison de bouquets \u00e0 Nice<\/strong> et surprenez vos proches. Ne manquez pas l\u2019occasion <strong>d\u2019offrir des fleurs<\/strong> qui allient beaut\u00e9 et charme.  <\/p>\n<p>Veuillez noter que la disponibilit\u00e9 de nos fleurs peut fluctuer selon les saisons et que l\u2019assortiment d\u00e9pend des arrivages au moment de votre commande. Si certaines fleurs ne sont pas disponibles, nous les remplacerons par l\u2019alternative la plus proche pour pr\u00e9server l\u2019esth\u00e9tique souhait\u00e9e. Si, pour quelque raison que ce soit, la cr\u00e9ation du bouquet choisi s\u2019av\u00e8re impossible, soyez assur\u00e9(e) que nous vous contacterons rapidement pour en discuter avec vous.  <\/p>\n<p>&nbsp;<\/p>\n","protected":false},"featured_media":40182,"template":"","meta":{"_uf_show_specific_survey":0,"_uf_disable_surveys":false},"product_brand":[1447],"product_cat":[1427,1402,1429],"product_tag":[],"class_list":{"0":"post-38711","1":"product","2":"type-product","3":"status-publish","4":"has-post-thumbnail","6":"product_brand-manakin-fleurs","7":"product_cat-mono-bouquets","8":"product_cat-anniversaire","9":"product_cat-pivoines","12":"first","13":"instock","14":"taxable","15":"shipping-taxable","16":"purchasable","17":"product-type-variable","18":"has-default-attributes"},"_links":{"self":[{"href":"https:\/\/manakinfleurs.com\/fr\/wp-json\/wp\/v2\/product\/38711","targetHints":{"allow":["GET"]}}],"collection":[{"href":"https:\/\/manakinfleurs.com\/fr\/wp-json\/wp\/v2\/product"}],"about":[{"href":"https:\/\/manakinfleurs.com\/fr\/wp-json\/wp\/v2\/types\/product"}],"wp:featuredmedia":[{"embeddable":true,"href":"https:\/\/manakinfleurs.com\/fr\/wp-json\/wp\/v2\/media\/40182"}],"wp:attachment":[{"href":"https:\/\/manakinfleurs.com\/fr\/wp-json\/wp\/v2\/media?parent=38711"}],"wp:term":[{"taxonomy":"product_brand","embeddable":true,"href":"https:\/\/manakinfleurs.com\/fr\/wp-json\/wp\/v2\/product_brand?post=38711"},{"taxonomy":"product_cat","embeddable":true,"href":"https:\/\/manakinfleurs.com\/fr\/wp-json\/wp\/v2\/product_cat?post=38711"},{"taxonomy":"product_tag","embeddable":true,"href":"https:\/\/manakinfleurs.com\/fr\/wp-json\/wp\/v2\/product_tag?post=38711"}],"curies":[{"name":"wp","href":"https:\/\/api.w.org\/{rel}","templated":true}]}}