{"id":38693,"date":"2026-01-03T19:52:09","date_gmt":"2026-01-03T18:52:09","guid":{"rendered":"https:\/\/manakinfleurs.com\/?post_type=product&#038;p=38693"},"modified":"2025-09-22T11:25:03","modified_gmt":"2025-09-22T10:25:03","slug":"red-addiction-red-spray-roses","status":"publish","type":"product","link":"https:\/\/manakinfleurs.com\/fr\/boutique\/red-addiction-red-spray-roses\/","title":{"rendered":"RED ADDICTION"},"content":{"rendered":"<p>Chez <strong>Manakin Fleurs et D\u00e9coration<\/strong>, nous <strong>livrons vos fleurs sur toute la C\u00f4te d\u2019Azur<\/strong> : <strong>Nice, Saint-Tropez, Cannes, Juan-les-Pins, Antibes, Saint-Paul-de-Vence, Saint-Jean-Cap-Ferrat, \u00c8ze, Monaco<\/strong> et <strong>Menton<\/strong>.<\/p>\n<p>Veuillez noter que la disponibilit\u00e9 de nos fleurs peut fluctuer selon les saisons et que l\u2019assortiment d\u00e9pend des arrivages au moment de votre commande. Si certaines fleurs ne sont pas disponibles, nous les remplacerons par l\u2019alternative la plus proche pour pr\u00e9server l\u2019esth\u00e9tique souhait\u00e9e. Si, pour quelque raison que ce soit, la cr\u00e9ation du bouquet choisi s\u2019av\u00e8re impossible, soyez assur\u00e9(e) que nous vous contacterons rapidement pour en discuter avec vous.  <\/p>\n","protected":false},"excerpt":{"rendered":"<h2><span data-sheets-root=\"1\">Rose branchue rouge \u2013 Le bouquet parfait entre passion et \u00e9l\u00e9gance<br \/>\n<\/span><\/h2>\n<p>Exprimez votre amour avec la beaut\u00e9 intemporelle de la <a href=\"https:\/\/manakinfleurs.com\/fr\/boutique\/?filter_flowers=rose&amp;filter_color=rouge\"><strong>rose branchue rouge<\/strong><\/a>. D\u2019un diam\u00e8tre de 60 cm, ce bouquet sait exprimer les sentiments avec \u00e9l\u00e9gance et g\u00e9n\u00e9rosit\u00e9. <\/p>\n<p><strong>Les roses branchues<\/strong> rouges sont r\u00e9put\u00e9es pour leur symbolique intense et passionn\u00e9e. Elles incarnent l\u2019amour, le d\u00e9sir et l\u2019admiration : un choix intemporel pour transmettre des \u00e9motions sinc\u00e8res. <strong>Leur rouge \u00e9clatant <\/strong> symbolise la romance et la tendresse, tandis que leur allure \u00e9l\u00e9gante donne une touche sophistiqu\u00e9e \u00e0 toutes les occasions.  <\/p>\n<p>&nbsp;<\/p>\n","protected":false},"featured_media":36265,"template":"","meta":{"_uf_show_specific_survey":0,"_uf_disable_surveys":false},"product_brand":[],"product_cat":[1427,1402,1418,1431,1433,1400],"product_tag":[],"class_list":{"0":"post-38693","1":"product","2":"type-product","3":"status-publish","4":"has-post-thumbnail","6":"product_cat-mono-bouquets","7":"product_cat-anniversaire","8":"product_cat-luxe","9":"product_cat-romantique","10":"product_cat-bouquets-de-roses","11":"product_cat-saint-valentin","14":"first","15":"instock","16":"taxable","17":"shipping-taxable","18":"purchasable","19":"product-type-simple"},"_links":{"self":[{"href":"https:\/\/manakinfleurs.com\/fr\/wp-json\/wp\/v2\/product\/38693","targetHints":{"allow":["GET"]}}],"collection":[{"href":"https:\/\/manakinfleurs.com\/fr\/wp-json\/wp\/v2\/product"}],"about":[{"href":"https:\/\/manakinfleurs.com\/fr\/wp-json\/wp\/v2\/types\/product"}],"wp:featuredmedia":[{"embeddable":true,"href":"https:\/\/manakinfleurs.com\/fr\/wp-json\/wp\/v2\/media\/36265"}],"wp:attachment":[{"href":"https:\/\/manakinfleurs.com\/fr\/wp-json\/wp\/v2\/media?parent=38693"}],"wp:term":[{"taxonomy":"product_brand","embeddable":true,"href":"https:\/\/manakinfleurs.com\/fr\/wp-json\/wp\/v2\/product_brand?post=38693"},{"taxonomy":"product_cat","embeddable":true,"href":"https:\/\/manakinfleurs.com\/fr\/wp-json\/wp\/v2\/product_cat?post=38693"},{"taxonomy":"product_tag","embeddable":true,"href":"https:\/\/manakinfleurs.com\/fr\/wp-json\/wp\/v2\/product_tag?post=38693"}],"curies":[{"name":"wp","href":"https:\/\/api.w.org\/{rel}","templated":true}]}}