{"id":38686,"date":"2018-02-04T15:12:40","date_gmt":"2018-02-04T14:12:40","guid":{"rendered":"https:\/\/manakinfleurs.com\/?post_type=product&#038;p=38686"},"modified":"2025-09-22T11:25:03","modified_gmt":"2025-09-22T10:25:03","slug":"pink-peonies-sarah-bernardt","status":"publish","type":"product","link":"https:\/\/manakinfleurs.com\/fr\/boutique\/pink-peonies-sarah-bernardt\/","title":{"rendered":"PINK PEONIES &#8211; SARAH BERNARDT"},"content":{"rendered":"","protected":false},"excerpt":{"rendered":"<p>Connues pour leur parfum envo\u00fbtant et leurs grandes fleurs, <strong>les pivoines Sarah Bernhardt<\/strong> sont l\u2019embl\u00e8me parfait du printemps. Leur apparence est \u00e0 la fois d\u00e9licate et impressionnante, avec des p\u00e9tales soyeux et une senteur douce. Commandez ce <strong style=\"font-weight: 900;\">magnifique bouquet de pivoines roses<\/strong> sur notre site et <strong>offrez un sourire<\/strong> durable \u00e0 vos proches \u2014 une touche de bonheur qui illumine leur quotidien.  <\/p>\n<p>Nos fleurs sont saisonni\u00e8res, la composition d\u00e9pend donc de la disponibilit\u00e9 au moment de la commande. Si certaines fleurs manquent, elles seront remplac\u00e9es par une vari\u00e9t\u00e9 similaire pour pr\u00e9server l\u2019harmonie du bouquet. Si la cr\u00e9ation exacte de votre bouquet n\u2019est pas possible, nous prendrons rapidement contact avec vous pour vous proposer une alternative.  <\/p>\n","protected":false},"featured_media":34049,"template":"","meta":{"_uf_show_specific_survey":0,"_uf_disable_surveys":false},"product_brand":[1447],"product_cat":[1429],"product_tag":[],"class_list":{"0":"post-38686","1":"product","2":"type-product","3":"status-publish","4":"has-post-thumbnail","6":"product_brand-manakin-fleurs","7":"product_cat-pivoines","10":"first","11":"instock","12":"taxable","13":"shipping-taxable","14":"purchasable","15":"product-type-variable","16":"has-default-attributes"},"_links":{"self":[{"href":"https:\/\/manakinfleurs.com\/fr\/wp-json\/wp\/v2\/product\/38686","targetHints":{"allow":["GET"]}}],"collection":[{"href":"https:\/\/manakinfleurs.com\/fr\/wp-json\/wp\/v2\/product"}],"about":[{"href":"https:\/\/manakinfleurs.com\/fr\/wp-json\/wp\/v2\/types\/product"}],"wp:featuredmedia":[{"embeddable":true,"href":"https:\/\/manakinfleurs.com\/fr\/wp-json\/wp\/v2\/media\/34049"}],"wp:attachment":[{"href":"https:\/\/manakinfleurs.com\/fr\/wp-json\/wp\/v2\/media?parent=38686"}],"wp:term":[{"taxonomy":"product_brand","embeddable":true,"href":"https:\/\/manakinfleurs.com\/fr\/wp-json\/wp\/v2\/product_brand?post=38686"},{"taxonomy":"product_cat","embeddable":true,"href":"https:\/\/manakinfleurs.com\/fr\/wp-json\/wp\/v2\/product_cat?post=38686"},{"taxonomy":"product_tag","embeddable":true,"href":"https:\/\/manakinfleurs.com\/fr\/wp-json\/wp\/v2\/product_tag?post=38686"}],"curies":[{"name":"wp","href":"https:\/\/api.w.org\/{rel}","templated":true}]}}