{"id":38661,"date":"2018-03-08T15:24:39","date_gmt":"2018-03-08T14:24:39","guid":{"rendered":"https:\/\/manakinfleurs.com\/?post_type=product&#038;p=38661"},"modified":"2025-09-22T11:25:01","modified_gmt":"2025-09-22T10:25:01","slug":"red-burgundy-peonies","status":"publish","type":"product","link":"https:\/\/manakinfleurs.com\/fr\/boutique\/red-burgundy-peonies\/","title":{"rendered":"RED BURGUNDY PEONIES"},"content":{"rendered":"","protected":false},"excerpt":{"rendered":"<p><strong>Les pivoines Burgundy<\/strong> rouges sont un choix pris\u00e9 pour toutes <strong>les compositions florales \u00e9l\u00e9gantes<\/strong>, mais elles brillent \u00e9galement seules en bouquets mono-vari\u00e9t\u00e9 (disponibles en diff\u00e9rentes tailles !). Leur multitude de p\u00e9tales, leur parfum et leur envergure imposante s\u00e9duisent \u00e0 chaque occasion. D\u00e9couvrez l\u2019enchantement profond <strong>des pivoines Burgundy<\/strong>, symboles de passion, d\u2019\u00e9l\u00e9gance et de raffinement. Offrir un bouquet de pivoines Burgundy \u00e9quivaut \u00e0 d\u00e9clarer un amour ardent avec une pointe de luxe. La joie et l\u2019\u00e9motion du destinataire expriment toute la sophistication de ce geste. Ces superbes <strong>pivoines <\/strong> couleur vin portent un message du c\u0153ur et transforment chaque moment en souvenir pr\u00e9cieux.     <\/p>\n<p>Merci de noter que la disponibilit\u00e9 de nos fleurs d\u00e9pend des saisons et que la s\u00e9lection peut varier selon les arrivages au moment de votre achat. Si certaines fleurs sont momentan\u00e9ment indisponibles, elles seront remplac\u00e9es par une alternative la plus proche afin de pr\u00e9server l\u2019harmonie du bouquet. Si la cr\u00e9ation exacte de votre bouquet de fleurs violet s\u2019av\u00e8re difficile ou impossible, nous vous contacterons rapidement pour convenir ensemble de la meilleure solution.<\/p>\n","protected":false},"featured_media":40252,"template":"","meta":{"_uf_show_specific_survey":0,"_uf_disable_surveys":false},"product_brand":[1447],"product_cat":[1402,1427,1429],"product_tag":[],"class_list":{"0":"post-38661","1":"product","2":"type-product","3":"status-publish","4":"has-post-thumbnail","6":"product_brand-manakin-fleurs","7":"product_cat-anniversaire","8":"product_cat-mono-bouquets","9":"product_cat-pivoines","12":"first","13":"instock","14":"taxable","15":"shipping-taxable","16":"purchasable","17":"product-type-variable","18":"has-default-attributes"},"_links":{"self":[{"href":"https:\/\/manakinfleurs.com\/fr\/wp-json\/wp\/v2\/product\/38661","targetHints":{"allow":["GET"]}}],"collection":[{"href":"https:\/\/manakinfleurs.com\/fr\/wp-json\/wp\/v2\/product"}],"about":[{"href":"https:\/\/manakinfleurs.com\/fr\/wp-json\/wp\/v2\/types\/product"}],"wp:featuredmedia":[{"embeddable":true,"href":"https:\/\/manakinfleurs.com\/fr\/wp-json\/wp\/v2\/media\/40252"}],"wp:attachment":[{"href":"https:\/\/manakinfleurs.com\/fr\/wp-json\/wp\/v2\/media?parent=38661"}],"wp:term":[{"taxonomy":"product_brand","embeddable":true,"href":"https:\/\/manakinfleurs.com\/fr\/wp-json\/wp\/v2\/product_brand?post=38661"},{"taxonomy":"product_cat","embeddable":true,"href":"https:\/\/manakinfleurs.com\/fr\/wp-json\/wp\/v2\/product_cat?post=38661"},{"taxonomy":"product_tag","embeddable":true,"href":"https:\/\/manakinfleurs.com\/fr\/wp-json\/wp\/v2\/product_tag?post=38661"}],"curies":[{"name":"wp","href":"https:\/\/api.w.org\/{rel}","templated":true}]}}