{"id":38656,"date":"2018-03-15T15:20:32","date_gmt":"2018-03-15T14:20:32","guid":{"rendered":"https:\/\/manakinfleurs.com\/?post_type=product&#038;p=38656"},"modified":"2025-09-22T11:25:00","modified_gmt":"2025-09-22T10:25:00","slug":"coral-charm-peonies","status":"publish","type":"product","link":"https:\/\/manakinfleurs.com\/fr\/boutique\/coral-charm-peonies\/","title":{"rendered":"CORAL CHARM PEONIES"},"content":{"rendered":"","protected":false},"excerpt":{"rendered":"<p><strong style=\"font-weight: 900;\">Les pivoines Coral Charm<\/strong> sont le choix parfait pour surprendre vos proches avec un <strong>bouquet de r\u00eave<\/strong>.<br \/>\nTout le monde appr\u00e9cie leur charme, symbole de jeunesse et de romance.<br \/>\nSi vous cherchez un <strong>cadeau exceptionnel<\/strong> mais manquez de temps pour aller en boutique, commandez facilement ces <strong>magnifiques pivoines<\/strong> en ligne chez nous ! La grande fleur de la pivoine Coral Charm change de couleur en une semaine, passant d\u2019un corail intense \u00e0 un jaune tr\u00e8s p\u00e2le. Ce miracle s\u00e9duira le destinataire et laissera une impression inoubliable.<br \/>\nVeuillez noter que nos fleurs sont saisonni\u00e8res et la composition d\u00e9pend de la disponibilit\u00e9 lors de votre commande. Si certaines fleurs sont indisponibles, nous les remplacerons par des vari\u00e9t\u00e9s similaires pour pr\u00e9server l\u2019harmonie du bouquet. Si la cr\u00e9ation exacte du bouquet command\u00e9 s\u2019av\u00e8re impossible, nous vous contacterons rapidement pour trouver ensemble la meilleure solution.<\/p>\n","protected":false},"featured_media":40219,"template":"","meta":{"_uf_show_specific_survey":0,"_uf_disable_surveys":false},"product_brand":[1447],"product_cat":[1427,1429],"product_tag":[],"class_list":{"0":"post-38656","1":"product","2":"type-product","3":"status-publish","4":"has-post-thumbnail","6":"product_brand-manakin-fleurs","7":"product_cat-mono-bouquets","8":"product_cat-pivoines","11":"first","12":"instock","13":"taxable","14":"shipping-taxable","15":"purchasable","16":"product-type-simple"},"_links":{"self":[{"href":"https:\/\/manakinfleurs.com\/fr\/wp-json\/wp\/v2\/product\/38656","targetHints":{"allow":["GET"]}}],"collection":[{"href":"https:\/\/manakinfleurs.com\/fr\/wp-json\/wp\/v2\/product"}],"about":[{"href":"https:\/\/manakinfleurs.com\/fr\/wp-json\/wp\/v2\/types\/product"}],"wp:featuredmedia":[{"embeddable":true,"href":"https:\/\/manakinfleurs.com\/fr\/wp-json\/wp\/v2\/media\/40219"}],"wp:attachment":[{"href":"https:\/\/manakinfleurs.com\/fr\/wp-json\/wp\/v2\/media?parent=38656"}],"wp:term":[{"taxonomy":"product_brand","embeddable":true,"href":"https:\/\/manakinfleurs.com\/fr\/wp-json\/wp\/v2\/product_brand?post=38656"},{"taxonomy":"product_cat","embeddable":true,"href":"https:\/\/manakinfleurs.com\/fr\/wp-json\/wp\/v2\/product_cat?post=38656"},{"taxonomy":"product_tag","embeddable":true,"href":"https:\/\/manakinfleurs.com\/fr\/wp-json\/wp\/v2\/product_tag?post=38656"}],"curies":[{"name":"wp","href":"https:\/\/api.w.org\/{rel}","templated":true}]}}