{"id":38646,"date":"2018-04-23T15:28:15","date_gmt":"2018-04-23T14:28:15","guid":{"rendered":"https:\/\/manakinfleurs.com\/?post_type=product&#038;p=38646"},"modified":"2025-09-22T11:24:59","modified_gmt":"2025-09-22T10:24:59","slug":"white-peonies","status":"publish","type":"product","link":"https:\/\/manakinfleurs.com\/fr\/boutique\/white-peonies\/","title":{"rendered":"WHITE PEONIES"},"content":{"rendered":"","protected":false},"excerpt":{"rendered":"<p>Offrez de la joie \u00e0 vos proches avec <strong>les pivoines blanches<\/strong> de Manakin Fleurs. Ces fleurs d\u00e9licates sont id\u00e9ales pour transmettre affection et tendresse \u00e0 toutes les occasions. <strong>Notre service de livraison garantit des pivoines fra\u00eeches<\/strong> cueillies \u00e0 la main. Laissez-vous s\u00e9duire par la puret\u00e9 de <strong>nos bulbes premium<\/strong> et profitez de la beaut\u00e9 de la nature.   <\/p>\n<p>Merci de noter que la disponibilit\u00e9 de nos fleurs d\u00e9pend des saisons et que la s\u00e9lection peut varier selon les arrivages au moment de votre achat. Si certaines fleurs sont momentan\u00e9ment indisponibles, elles seront remplac\u00e9es par une alternative la plus proche afin de pr\u00e9server l\u2019harmonie du bouquet. Si la cr\u00e9ation exacte de votre bouquet de fleurs violet s\u2019av\u00e8re difficile ou impossible, nous vous contacterons rapidement pour convenir ensemble de la meilleure solution. Sublimez votre int\u00e9rieur gr\u00e2ce \u00e0 <strong>nos bouquets sur mesure<\/strong> et <strong>cr\u00e9ations florales romantiques<\/strong>, travaill\u00e9es avec perfection. Laissez-vous charmer par nos pivoines blanches et partagez-les avec vos proches. <\/p>\n","protected":false},"featured_media":40198,"template":"","meta":{"_uf_show_specific_survey":0,"_uf_disable_surveys":false},"product_brand":[1447],"product_cat":[1429],"product_tag":[],"class_list":{"0":"post-38646","1":"product","2":"type-product","3":"status-publish","4":"has-post-thumbnail","6":"product_brand-manakin-fleurs","7":"product_cat-pivoines","10":"first","11":"instock","12":"taxable","13":"shipping-taxable","14":"purchasable","15":"product-type-variable","16":"has-default-attributes"},"_links":{"self":[{"href":"https:\/\/manakinfleurs.com\/fr\/wp-json\/wp\/v2\/product\/38646","targetHints":{"allow":["GET"]}}],"collection":[{"href":"https:\/\/manakinfleurs.com\/fr\/wp-json\/wp\/v2\/product"}],"about":[{"href":"https:\/\/manakinfleurs.com\/fr\/wp-json\/wp\/v2\/types\/product"}],"wp:featuredmedia":[{"embeddable":true,"href":"https:\/\/manakinfleurs.com\/fr\/wp-json\/wp\/v2\/media\/40198"}],"wp:attachment":[{"href":"https:\/\/manakinfleurs.com\/fr\/wp-json\/wp\/v2\/media?parent=38646"}],"wp:term":[{"taxonomy":"product_brand","embeddable":true,"href":"https:\/\/manakinfleurs.com\/fr\/wp-json\/wp\/v2\/product_brand?post=38646"},{"taxonomy":"product_cat","embeddable":true,"href":"https:\/\/manakinfleurs.com\/fr\/wp-json\/wp\/v2\/product_cat?post=38646"},{"taxonomy":"product_tag","embeddable":true,"href":"https:\/\/manakinfleurs.com\/fr\/wp-json\/wp\/v2\/product_tag?post=38646"}],"curies":[{"name":"wp","href":"https:\/\/api.w.org\/{rel}","templated":true}]}}