{"id":38629,"date":"2020-04-25T19:30:15","date_gmt":"2020-04-25T18:30:15","guid":{"rendered":"https:\/\/manakinfleurs.com\/?post_type=product&#038;p=38629"},"modified":"2025-09-22T11:24:59","modified_gmt":"2025-09-22T10:24:59","slug":"naomi-red-roses-bouquet","status":"publish","type":"product","link":"https:\/\/manakinfleurs.com\/fr\/boutique\/naomi-red-roses-bouquet\/","title":{"rendered":"RED ROSES BOUQUET"},"content":{"rendered":"<p>Exprimez votre amour avec le \u00ab Red Roses\u00bb, livr\u00e9 par coursier et soigneusement emball\u00e9 dans un papier con\u00e7u pour prot\u00e9ger les tiges durant le transport. Ajoutez une touche personnelle en joignant un mot d\u2019affection \u00e0 votre cadeau. <\/p>\n<p>Votre <strong>fleuriste de confiance \u00e0 Nice<\/strong>, Manakin Fleurs et D\u00e9corations, d\u00e9passe toujours vos attentes. Commandez d\u00e8s maintenant votre \u00ab Red Roses \u00bb et profitez de la magie de ces fleurs. <strong>Livraison sur toute<\/strong> la <strong>C\u00f4te d\u2019Azur<\/strong> : <strong>Saint-Tropez, Cannes, Juan-les-Pins, Antibes, Saint-Paul-de-Vence, Nice, Saint-Jean-Cap-Ferrat, \u00c8ze, Monaco, Menton,<\/strong> etc. Selon la demande et le volume, la livraison peut \u00eatre \u00e9largie \u00e0 d\u2019autres r\u00e9gions.   <\/p>\n<p>Merci de noter que la disponibilit\u00e9 de nos fleurs varie selon la saison et les approvisionnements au moment de la commande. Si une fleur manque, elle sera remplac\u00e9e par l\u2019alternative la plus proche pour pr\u00e9server l\u2019harmonie du bouquet. Si la cr\u00e9ation exacte n\u2019est pas possible, nous vous contacterons pour vous proposer la meilleure option de saison.  <\/p>\n<p>Diam\u00e8tre 70 cm<\/p>\n","protected":false},"excerpt":{"rendered":"<h2><span data-sheets-root=\"1\">Roses Red Naomi \u2013 Une expression luxueuse de l\u2019amour<\/span><\/h2>\n<p>Une composition raffin\u00e9e de <a href=\"https:\/\/manakinfleurs.com\/fr\/boutique\/?filter_flowers=rose&amp;filter_color=rouge\">roses Red Naomi<\/a> parfum\u00e9es. Ces <strong>roses rouges<\/strong> symbolisent l\u2019amour pur. En 24 \u00e0 48 heures, elles s\u2019ouvrent pleinement, r\u00e9v\u00e9lant de <strong>somptueux p\u00e9tales rouge carmin<\/strong>.  <\/p>\n<p>Chaque rose est choisie avec soin pour ne s\u00e9lectionner que les fleurs les plus somptueuses. Ce bouquet est parfait pour les <a href=\"https:\/\/manakinfleurs.com\/fr\/categorie\/romantique\">occasions romantiques<\/a>, <a href=\"https:\/\/manakinfleurs.com\/fr\/categorie\/anniversaire\">anniversaires<\/a>, <a href=\"https:\/\/manakinfleurs.com\/fr\/categorie\/anniversaire-de-mariage\">moments \u00e0 honorer<\/a>, ou comme geste \u00e9l\u00e9gant de sympathie : un cadeau intemporel qui exprime toute la profondeur de vos sentiments. <\/p>\n<p>&nbsp;<\/p>\n","protected":false},"featured_media":34953,"template":"","meta":{"_uf_show_specific_survey":0,"_uf_disable_surveys":false},"product_brand":[],"product_cat":[1427,1418,1431,1433],"product_tag":[],"class_list":{"0":"post-38629","1":"product","2":"type-product","3":"status-publish","4":"has-post-thumbnail","6":"product_cat-mono-bouquets","7":"product_cat-luxe","8":"product_cat-romantique","9":"product_cat-bouquets-de-roses","12":"first","13":"instock","14":"taxable","15":"shipping-taxable","16":"purchasable","17":"product-type-variable","18":"has-default-attributes"},"_links":{"self":[{"href":"https:\/\/manakinfleurs.com\/fr\/wp-json\/wp\/v2\/product\/38629","targetHints":{"allow":["GET"]}}],"collection":[{"href":"https:\/\/manakinfleurs.com\/fr\/wp-json\/wp\/v2\/product"}],"about":[{"href":"https:\/\/manakinfleurs.com\/fr\/wp-json\/wp\/v2\/types\/product"}],"wp:featuredmedia":[{"embeddable":true,"href":"https:\/\/manakinfleurs.com\/fr\/wp-json\/wp\/v2\/media\/34953"}],"wp:attachment":[{"href":"https:\/\/manakinfleurs.com\/fr\/wp-json\/wp\/v2\/media?parent=38629"}],"wp:term":[{"taxonomy":"product_brand","embeddable":true,"href":"https:\/\/manakinfleurs.com\/fr\/wp-json\/wp\/v2\/product_brand?post=38629"},{"taxonomy":"product_cat","embeddable":true,"href":"https:\/\/manakinfleurs.com\/fr\/wp-json\/wp\/v2\/product_cat?post=38629"},{"taxonomy":"product_tag","embeddable":true,"href":"https:\/\/manakinfleurs.com\/fr\/wp-json\/wp\/v2\/product_tag?post=38629"}],"curies":[{"name":"wp","href":"https:\/\/api.w.org\/{rel}","templated":true}]}}