{"id":38627,"date":"2020-04-26T16:38:01","date_gmt":"2020-04-26T15:38:01","guid":{"rendered":"https:\/\/manakinfleurs.com\/?post_type=product&#038;p=38627"},"modified":"2025-09-22T11:24:58","modified_gmt":"2025-09-22T10:24:58","slug":"harmony-pink-hortensia-bouquet","status":"publish","type":"product","link":"https:\/\/manakinfleurs.com\/fr\/boutique\/harmony-pink-hortensia-bouquet\/","title":{"rendered":"HARMONY"},"content":{"rendered":"<p>Le bouquet \u00ab <strong>Harmonie <\/strong> \u00bb est un favori : il s\u00e9duit par sa <strong>composition florale<\/strong> parfaite et sa fra\u00eecheur remarquable. Compos\u00e9 de nombreuses <strong>fleurs d\u00e9licates et fra\u00eeches<\/strong>, dont des <strong>roses <\/strong> en abondance, il offre un spectacle saisissant de la beaut\u00e9 naturelle. <\/p>\n<p>Pour une <strong>livraison de fleurs \u00e0 Nice<\/strong>, faites confiance \u00e0 Manakin Fleurs et D\u00e9corations pour un <strong>bouquet parfait<\/strong>. Nous livrons sur toute la C\u00f4te d\u2019Azur, y compris \u00e0 Saint-Tropez, Cannes, Juan-les-Pins, Antibes, Saint-Paul-de-Vence, Nice, Saint-Jean-Cap-Ferrat, \u00c8ze, Monaco, Menton et bien d\u2019autres villes. <\/p>\n<p>Il est important de noter que notre collection florale d\u00e9pend des saisons et que l\u2019assortiment disponible varie selon les arrivages au moment de votre commande. Si certaines fleurs sont indisponibles, nous les remplacerons volontiers par l\u2019alternative la plus proche pour pr\u00e9server le visuel du bouquet. Et si, pour une raison quelconque, la cr\u00e9ation exacte du bouquet choisi s\u2019av\u00e8re impossible, nous vous contacterons rapidement pour convenir ensemble de la meilleure composition.  <\/p>\n<p>Diam\u00e8tre 50\u201355 cm<\/p>\n","protected":false},"excerpt":{"rendered":"<h2><span data-sheets-root=\"1\">Superbe bouquet d\u2019hortensias roses \u2014 \u00c9l\u00e9gance et gr\u00e2ce<\/span><\/h2>\n<p><span data-sheets-root=\"1\"><strong>Harmonie <\/strong> est une composition fascinante qui incarne la beaut\u00e9 et la gr\u00e2ce. Ce bouquet <a href=\"https:\/\/manakinfleurs.com\/fr\/boutique\/?filter_flowers=hortensia&amp;filter_color=rose\">d\u2019hortensias roses<\/a>, <a href=\"https:\/\/manakinfleurs.com\/fr\/boutique\/?filter_flowers=rose&amp;filter_color=rose\">de roses roses d\u00e9licates<\/a>, <a href=\"https:\/\/manakinfleurs.com\/fr\/boutique\/?filter_flowers=pivoines&amp;filter_color=rose\">de pivoines roses \u00e9l\u00e9gantes<\/a> et <a href=\"https:\/\/manakinfleurs.com\/fr\/boutique\/?filter_flowers=eustoma&amp;filter_color=rose\">de lisianthus rose <\/a> charmeur offre un raffinement et une harmonie incomparables. Gr\u00e2ce \u00e0 un diam\u00e8tre g\u00e9n\u00e9reux de 50\u201355 cm, le bouquet pr\u00e9sente des nuances d\u00e9licates de rose p\u00e2le, des accents corail et de subtiles touches orang\u00e9es.  <\/span><\/p>\n<p><span data-sheets-root=\"1\"> Parfait pour <a href=\"https:\/\/manakinfleurs.com\/fr\/categorie\/anniversaire\">les anniversaires<\/a>, <a href=\"https:\/\/manakinfleurs.com\/fr\/categorie\/anniversaire-de-mariage\">les f\u00eates<\/a> ou <a href=\"https:\/\/manakinfleurs.com\/fr\/categorie\/romantique\">les occasions romantiques<\/a>, cet arrangement somptueux symbolise l\u2019\u00e9l\u00e9gance et l\u2019\u00e9motion sinc\u00e8re.<\/span><\/p>\n<p>&nbsp;<\/p>\n","protected":false},"featured_media":33839,"template":"","meta":{"_uf_show_specific_survey":0,"_uf_disable_surveys":false},"product_brand":[],"product_cat":[1402,1390,1429,1431,1433,1398],"product_tag":[],"class_list":{"0":"post-38627","1":"product","2":"type-product","3":"status-publish","4":"has-post-thumbnail","6":"product_cat-anniversaire","7":"product_cat-anniversaire-de-mariage","8":"product_cat-pivoines","9":"product_cat-romantique","10":"product_cat-bouquets-de-roses","11":"product_cat-sur-mesure","14":"first","15":"instock","16":"taxable","17":"shipping-taxable","18":"purchasable","19":"product-type-simple"},"_links":{"self":[{"href":"https:\/\/manakinfleurs.com\/fr\/wp-json\/wp\/v2\/product\/38627","targetHints":{"allow":["GET"]}}],"collection":[{"href":"https:\/\/manakinfleurs.com\/fr\/wp-json\/wp\/v2\/product"}],"about":[{"href":"https:\/\/manakinfleurs.com\/fr\/wp-json\/wp\/v2\/types\/product"}],"wp:featuredmedia":[{"embeddable":true,"href":"https:\/\/manakinfleurs.com\/fr\/wp-json\/wp\/v2\/media\/33839"}],"wp:attachment":[{"href":"https:\/\/manakinfleurs.com\/fr\/wp-json\/wp\/v2\/media?parent=38627"}],"wp:term":[{"taxonomy":"product_brand","embeddable":true,"href":"https:\/\/manakinfleurs.com\/fr\/wp-json\/wp\/v2\/product_brand?post=38627"},{"taxonomy":"product_cat","embeddable":true,"href":"https:\/\/manakinfleurs.com\/fr\/wp-json\/wp\/v2\/product_cat?post=38627"},{"taxonomy":"product_tag","embeddable":true,"href":"https:\/\/manakinfleurs.com\/fr\/wp-json\/wp\/v2\/product_tag?post=38627"}],"curies":[{"name":"wp","href":"https:\/\/api.w.org\/{rel}","templated":true}]}}