{"id":38625,"date":"2020-06-01T16:30:50","date_gmt":"2020-06-01T15:30:50","guid":{"rendered":"https:\/\/manakinfleurs.com\/?post_type=product&#038;p=38625"},"modified":"2025-09-22T11:24:57","modified_gmt":"2025-09-22T10:24:57","slug":"white-perfection-white-ranunculus","status":"publish","type":"product","link":"https:\/\/manakinfleurs.com\/fr\/boutique\/white-perfection-white-ranunculus\/","title":{"rendered":"WHITE PERFECTION"},"content":{"rendered":"<p>Ce bouquet est con\u00e7u pour \u00eatre offert \u00e0 une personne ch\u00e8re, <strong>id\u00e9al pour une livraison de fleurs \u00e0 Cannes, C\u00f4te d&#8217;Azur. <\/strong> Manakin Fleurs et D\u00e9corations est <strong>votre fleuriste<\/strong> de confiance pour toutes livraisons sur la <strong>C\u00f4te d\u2019Azur<\/strong>. <\/p>\n<p>Exp\u00e9dition par coursier dans un emballage sp\u00e9cialement con\u00e7u pour prot\u00e9ger les tiges lors du transport.<br \/>\nJoignez un mot personnel \u00e0 votre cadeau.<\/p>\n<p>Merci de noter que la disponibilit\u00e9 de nos fleurs varie selon la saison et les approvisionnements au moment de la commande. Si une fleur manque, elle sera remplac\u00e9e par l\u2019alternative la plus proche pour pr\u00e9server l\u2019harmonie du bouquet. Si la cr\u00e9ation exacte n\u2019est pas possible, nous vous contacterons pour vous proposer la meilleure option de saison.  <\/p>\n<p>Diam\u00e8tre 30-35 cm<\/p>\n","protected":false},"excerpt":{"rendered":"<h2><span data-sheets-root=\"1\">Bouquet \u00e9l\u00e9gant de renoncules blanches pour chaque occasion<\/span><\/h2>\n<p>Une composition d\u00e9licate \u00e0 base de <a href=\"https:\/\/manakinfleurs.com\/product-category\/anniversary\/?filter_color=white&amp;filter_flowers=ranunculus\">renoncules blanches<\/a>, <strong>d\u2019an\u00e9mones blanches<\/strong>, <strong>de pois de senteur<\/strong> et <strong>de viornes<\/strong>. Avec un diam\u00e8tre de 30-35 cm, ce bouquet offre une harmonie de tons blancs purs, soulign\u00e9s par un vert p\u00e2le subtil et quelques fleurs beiges. <\/p>\n<p>Le bouquet est orn\u00e9 d\u2019un d\u00e9cor vert intense comprenant des branches de conif\u00e8re. Cette composition est parfaite pour tous ceux qui appr\u00e9cient la puret\u00e9 du blanc. Vase non inclus.  <\/p>\n<p>&nbsp;<\/p>\n","protected":false},"featured_media":33897,"template":"","meta":{"_uf_show_specific_survey":0,"_uf_disable_surveys":false},"product_brand":[],"product_cat":[1437,1439],"product_tag":[],"class_list":{"0":"post-38625","1":"product","2":"type-product","3":"status-publish","4":"has-post-thumbnail","6":"product_cat-ete","7":"product_cat-deuil","10":"first","11":"instock","12":"taxable","13":"shipping-taxable","14":"purchasable","15":"product-type-simple"},"_links":{"self":[{"href":"https:\/\/manakinfleurs.com\/fr\/wp-json\/wp\/v2\/product\/38625","targetHints":{"allow":["GET"]}}],"collection":[{"href":"https:\/\/manakinfleurs.com\/fr\/wp-json\/wp\/v2\/product"}],"about":[{"href":"https:\/\/manakinfleurs.com\/fr\/wp-json\/wp\/v2\/types\/product"}],"wp:featuredmedia":[{"embeddable":true,"href":"https:\/\/manakinfleurs.com\/fr\/wp-json\/wp\/v2\/media\/33897"}],"wp:attachment":[{"href":"https:\/\/manakinfleurs.com\/fr\/wp-json\/wp\/v2\/media?parent=38625"}],"wp:term":[{"taxonomy":"product_brand","embeddable":true,"href":"https:\/\/manakinfleurs.com\/fr\/wp-json\/wp\/v2\/product_brand?post=38625"},{"taxonomy":"product_cat","embeddable":true,"href":"https:\/\/manakinfleurs.com\/fr\/wp-json\/wp\/v2\/product_cat?post=38625"},{"taxonomy":"product_tag","embeddable":true,"href":"https:\/\/manakinfleurs.com\/fr\/wp-json\/wp\/v2\/product_tag?post=38625"}],"curies":[{"name":"wp","href":"https:\/\/api.w.org\/{rel}","templated":true}]}}