{"id":38621,"date":"2020-06-01T16:36:02","date_gmt":"2020-06-01T15:36:02","guid":{"rendered":"https:\/\/manakinfleurs.com\/?post_type=product&#038;p=38621"},"modified":"2025-09-22T11:24:56","modified_gmt":"2025-09-22T10:24:56","slug":"daisy-daze-wildflowers-bouquet","status":"publish","type":"product","link":"https:\/\/manakinfleurs.com\/fr\/boutique\/daisy-daze-wildflowers-bouquet\/","title":{"rendered":"DAISY DAZE"},"content":{"rendered":"<p>Veuillez noter que le vase n\u2019est pas inclus dans cette cr\u00e9ation. Compos\u00e9 sp\u00e9cialement pour l\u2019\u00e9t\u00e9, le bouquet Daisy Daze s\u00e9duira tous les amoureux des fleurs des champs. <\/p>\n<p>Pour la <strong>livraison de fleurs sur la C\u00f4te d\u2019Azur<\/strong> \u2014 Saint-Tropez, Cannes, Juan-les-Pins, Antibes, Saint-Paul-de-Vence, Nice, Saint-Jean-Cap-Ferrat, \u00c8ze, Monaco, Menton \u2014 faites confiance \u00e0 Manakin Fleurs et D\u00e9corations. Selon les cas particuliers et pour les grandes commandes, une livraison au-del\u00e0 de ces zones peut \u00eatre envisag\u00e9e. <\/p>\n<p>Veuillez noter que la disponibilit\u00e9 de nos fleurs peut fluctuer selon les saisons et que l\u2019assortiment d\u00e9pend des arrivages au moment de votre commande. Si certaines fleurs ne sont pas disponibles, nous les remplacerons par l\u2019alternative la plus proche pour pr\u00e9server l\u2019esth\u00e9tique souhait\u00e9e. Si, pour quelque raison que ce soit, la cr\u00e9ation du bouquet choisi s\u2019av\u00e8re impossible, soyez assur\u00e9(e) que nous vous contacterons rapidement pour en discuter avec vous.  <\/p>\n<p>Diam\u00e8tre : 35\u201340 cm<\/p>\n","protected":false},"excerpt":{"rendered":"<h2><span data-sheets-root=\"1\">Bouquet de fleurs des champs enchanteur pour toute occasion<\/span><\/h2>\n<p><strong>Daisy Daze<\/strong> est un <strong>bouquet de fleurs des champs<\/strong> qui invite la nature \u00e0 l\u2019int\u00e9rieur. <a href=\"https:\/\/manakinfleurs.com\/fr\/boutique\/?filter_flowers=tournesols\">Tournesols vibrants<\/a>, <a href=\"https:\/\/manakinfleurs.com\/fr\/boutique\/?filter_flowers=gerbera\">marguerites d\u00e9licates<\/a>, <a href=\"https:\/\/manakinfleurs.com\/fr\/boutique\/?filter_flowers=dauphinelles&amp;filter_color=violets\">delphinium violet<\/a>, <strong>freesia blanche<\/strong> et <strong>scabieuse jaune<\/strong> : parfait pour <a href=\"https:\/\/manakinfleurs.com\/fr\/categorie\/decor-floral-maison\">la d\u00e9coration<\/a>, <a href=\"https:\/\/manakinfleurs.com\/fr\/categorie\/romantique\">un geste romantique<\/a> ou <a href=\"https:\/\/manakinfleurs.com\/fr\/categorie\/anniversaire-de-mariage\">un anniversaire<\/a>. <\/p>\n<p>Gr\u00e2ce \u00e0 un savant m\u00e9lange de formes, couleurs et parfums, le <strong>bouquet de fleurs des champs <\/strong> allie blanc, jaune tendre, bleu p\u00e2le, orange doux et rose clair. Diam\u00e8tre 35\u201340 cm. Parfait pour tous les moments, il \u00e9voque la beaut\u00e9 d\u2019un pr\u00e9 fleuri. <\/p>\n","protected":false},"featured_media":33919,"template":"","meta":{"_uf_show_specific_survey":0,"_uf_disable_surveys":false},"product_brand":[],"product_cat":[1437,1390,1416,1431],"product_tag":[],"class_list":{"0":"post-38621","1":"product","2":"type-product","3":"status-publish","4":"has-post-thumbnail","6":"product_cat-ete","7":"product_cat-anniversaire-de-mariage","8":"product_cat-decor-floral-maison","9":"product_cat-romantique","12":"first","13":"instock","14":"taxable","15":"shipping-taxable","16":"purchasable","17":"product-type-simple"},"_links":{"self":[{"href":"https:\/\/manakinfleurs.com\/fr\/wp-json\/wp\/v2\/product\/38621","targetHints":{"allow":["GET"]}}],"collection":[{"href":"https:\/\/manakinfleurs.com\/fr\/wp-json\/wp\/v2\/product"}],"about":[{"href":"https:\/\/manakinfleurs.com\/fr\/wp-json\/wp\/v2\/types\/product"}],"wp:featuredmedia":[{"embeddable":true,"href":"https:\/\/manakinfleurs.com\/fr\/wp-json\/wp\/v2\/media\/33919"}],"wp:attachment":[{"href":"https:\/\/manakinfleurs.com\/fr\/wp-json\/wp\/v2\/media?parent=38621"}],"wp:term":[{"taxonomy":"product_brand","embeddable":true,"href":"https:\/\/manakinfleurs.com\/fr\/wp-json\/wp\/v2\/product_brand?post=38621"},{"taxonomy":"product_cat","embeddable":true,"href":"https:\/\/manakinfleurs.com\/fr\/wp-json\/wp\/v2\/product_cat?post=38621"},{"taxonomy":"product_tag","embeddable":true,"href":"https:\/\/manakinfleurs.com\/fr\/wp-json\/wp\/v2\/product_tag?post=38621"}],"curies":[{"name":"wp","href":"https:\/\/api.w.org\/{rel}","templated":true}]}}