{"id":38618,"date":"2020-09-30T21:05:50","date_gmt":"2020-09-30T20:05:50","guid":{"rendered":"https:\/\/manakinfleurs.com\/?post_type=product&#038;p=38618"},"modified":"2025-09-22T11:24:54","modified_gmt":"2025-09-22T10:24:54","slug":"pink-blooming-box-pink-peonies","status":"publish","type":"product","link":"https:\/\/manakinfleurs.com\/fr\/boutique\/pink-blooming-box-pink-peonies\/","title":{"rendered":"PINK BLOOMING BOX"},"content":{"rendered":"<p>Notre \u00ab <strong>Blooming Box Rose <\/strong> \u00bb propose une superbe combinaison de fleurs \u00e9voquant la joie et l\u2019\u00e9l\u00e9gance. Cette <strong>composition <\/strong> <strong>florale <\/strong> convient \u00e0 toutes les occasions en apportant une touche de raffinement \u00e0 tout d\u00e9cor. <\/p>\n<p>Chez <strong>Manakin Fleurs et D\u00e9corations<\/strong>, nous nous engageons \u00e0 offrir des <strong>exp\u00e9riences florales<\/strong> exceptionnelles.<\/p>\n<p>Faites-nous confiance pour une livraison de fleurs d\u2019excellence. Nos services couvrent toute la <strong>C\u00f4te d\u2019Azur<\/strong> : <strong> Saint-Tropez, Cannes, Juan-les-Pins, Antibes, Saint-Paul-de-Vence, Nice, Saint-Jean-Cap-Ferrat, \u00c8ze, Monaco, Menton<\/strong>. Pour des commandes importantes ou des besoins sp\u00e9cifiques, la livraison peut \u00eatre \u00e9tendue au-del\u00e0 de cette zone. <\/p>\n<p>Merci de noter que la disponibilit\u00e9 de nos fleurs varie selon la saison et les approvisionnements au moment de la commande. Si une fleur manque, elle sera remplac\u00e9e par l\u2019alternative la plus proche pour pr\u00e9server l\u2019harmonie du bouquet. Si la cr\u00e9ation exacte n\u2019est pas possible, nous vous contacterons pour vous proposer la meilleure option de saison.  <\/p>\n<p>Diam\u00e8tre : 50 cm<\/p>\n","protected":false},"excerpt":{"rendered":"<h2><span data-sheets-root=\"1\">D\u00e9couvrez la beaut\u00e9 des pivoines roses et des <strong>hortensias <\/strong><\/span><\/h2>\n<p>Une <strong>composition florale raffin\u00e9e<\/strong> compos\u00e9e <a href=\"https:\/\/manakinfleurs.com\/fr\/boutique\/?filter_flowers=hortensia&amp;filter_color=rose\"><strong>d\u2019hortensias roses<\/strong><\/a>, <strong>de <a href=\"https:\/\/manakinfleurs.com\/fr\/boutique\/?filter_flowers=pivoines&amp;filter_color=rose\">pivoines roses<\/a> (Sarah Bernhardt)<\/strong>, <a href=\"https:\/\/manakinfleurs.com\/flower-shop\/?filter_color=cream&amp;filter_flowers=dahlia\"><strong>de dahlia caf\u00e9 au lait<\/strong><\/a> et de <a href=\"https:\/\/manakinfleurs.com\/fr\/boutique\/?filter_flowers=eustoma&amp;filter_color=rose\"><strong>lisianthus rose<\/strong><\/a>. Ce <strong>superbe bouquet<\/strong>, au design asym\u00e9trique et vaporeux de 50 cm de diam\u00e8tre, offre une palette \u00e9clatante de nuances roses.  <\/p>\n<p>Cet agencement asym\u00e9trique est con\u00e7u avec soin pour cr\u00e9er une composition visuellement harmonieuse et bien \u00e9quilibr\u00e9e.<\/p>\n<p>&nbsp;<\/p>\n","protected":false},"featured_media":34717,"template":"","meta":{"_uf_show_specific_survey":0,"_uf_disable_surveys":false},"product_brand":[],"product_cat":[1404,1402,1390,1429,1431],"product_tag":[],"class_list":{"0":"post-38618","1":"product","2":"type-product","3":"status-publish","4":"has-post-thumbnail","6":"product_cat-boite-de-fleurs","7":"product_cat-anniversaire","8":"product_cat-anniversaire-de-mariage","9":"product_cat-pivoines","10":"product_cat-romantique","13":"first","14":"instock","15":"taxable","16":"shipping-taxable","17":"purchasable","18":"product-type-simple"},"_links":{"self":[{"href":"https:\/\/manakinfleurs.com\/fr\/wp-json\/wp\/v2\/product\/38618","targetHints":{"allow":["GET"]}}],"collection":[{"href":"https:\/\/manakinfleurs.com\/fr\/wp-json\/wp\/v2\/product"}],"about":[{"href":"https:\/\/manakinfleurs.com\/fr\/wp-json\/wp\/v2\/types\/product"}],"wp:featuredmedia":[{"embeddable":true,"href":"https:\/\/manakinfleurs.com\/fr\/wp-json\/wp\/v2\/media\/34717"}],"wp:attachment":[{"href":"https:\/\/manakinfleurs.com\/fr\/wp-json\/wp\/v2\/media?parent=38618"}],"wp:term":[{"taxonomy":"product_brand","embeddable":true,"href":"https:\/\/manakinfleurs.com\/fr\/wp-json\/wp\/v2\/product_brand?post=38618"},{"taxonomy":"product_cat","embeddable":true,"href":"https:\/\/manakinfleurs.com\/fr\/wp-json\/wp\/v2\/product_cat?post=38618"},{"taxonomy":"product_tag","embeddable":true,"href":"https:\/\/manakinfleurs.com\/fr\/wp-json\/wp\/v2\/product_tag?post=38618"}],"curies":[{"name":"wp","href":"https:\/\/api.w.org\/{rel}","templated":true}]}}