{"id":38616,"date":"2026-01-18T19:53:09","date_gmt":"2026-01-18T18:53:09","guid":{"rendered":"https:\/\/manakinfleurs.com\/?post_type=product&#038;p=38616"},"modified":"2025-09-22T11:24:53","modified_gmt":"2025-09-22T10:24:53","slug":"tulip-whisper-romantic-tulip-bouquet","status":"publish","type":"product","link":"https:\/\/manakinfleurs.com\/fr\/boutique\/tulip-whisper-romantic-tulip-bouquet\/","title":{"rendered":"TULIP WHISPER"},"content":{"rendered":"<p><strong>Manakin Fleurs et D\u00e9corations<\/strong> \u043e\u0441\u0443\u0449\u0435\u0441\u0442\u0432\u043b\u044f\u0435\u0442 \u0434\u043e\u0441\u0442\u0430\u0432\u043a\u0443 \u0446\u0432\u0435\u0442\u043e\u0432 \u043f\u043e \u0432\u0441\u0435\u043c\u0443 \u0440\u0435\u0433\u0438\u043e\u043d\u0443: <strong>\u0421\u0435\u043d-\u0422\u0440\u043e\u043f\u0435, \u041a\u0430\u043d\u043d\u044b, \u0416\u0443\u0430\u043d-\u043b\u0435-\u041f\u0435\u043d, \u0410\u043d\u0442\u0438\u0431, \u0421\u0435\u043d-\u041f\u043e\u043b\u044c-\u0434\u0435-\u0412\u0430\u043d\u0441, \u041d\u0438\u0446\u0446\u0430, \u0421\u0435\u043d-\u0416\u0430\u043d-\u041a\u0430\u043f-\u0424\u0435\u0440\u0440\u0430, \u042d\u0437, \u041c\u043e\u043d\u0430\u043a\u043e, \u041c\u0435\u043d\u0442\u043e\u043d <\/strong> \u0438 \u043f\u043e \u0432\u0441\u0435\u043c\u0443 <strong>\u041b\u0430\u0437\u0443\u0440\u043d\u043e\u043c\u0443 \u0431\u0435\u0440\u0435\u0433\u0443<\/strong>. \u041f\u0440\u0438 \u0431\u043e\u043b\u044c\u0448\u0438\u0445 \u0437\u0430\u043a\u0430\u0437\u0430\u0445 \u0438 \u043e\u0441\u043e\u0431\u044b\u0445 \u0443\u0441\u043b\u043e\u0432\u0438\u044f\u0445 \u043c\u044b \u043c\u043e\u0436\u0435\u043c \u0440\u0430\u0441\u0448\u0438\u0440\u0438\u0442\u044c \u043d\u0430\u0448\u0443 \u0434\u043e\u0441\u0442\u0430\u0432\u043a\u0443 \u0435\u0449\u0451 \u0434\u0430\u043b\u044c\u0448\u0435. <\/p>\n<p>Merci de noter que la disponibilit\u00e9 de nos fleurs varie selon la saison et les approvisionnements au moment de la commande. Si une fleur manque, elle sera remplac\u00e9e par l\u2019alternative la plus proche pour pr\u00e9server l\u2019harmonie du bouquet. Si la cr\u00e9ation exacte n\u2019est pas possible, nous vous contacterons pour vous proposer la meilleure option de saison.  <\/p>\n<p>Diam\u00e8tre de 35 cm<\/p>\n","protected":false},"excerpt":{"rendered":"<h2><span data-sheets-root=\"1\">Le charme d\u00e9licat d\u2019un bouquet de tulipes romantiques <\/span><\/h2>\n<p><strong>Le bouquet Tulip Whisper<\/strong> est une composition florale d\u00e9licate et \u00e9blouissante, parfaite pour c\u00e9l\u00e9brer l\u2019amour et les moments uniques. Compos\u00e9 de <a href=\"https:\/\/manakinfleurs.com\/fr\/boutique\/?filter_flowers=tulipes&amp;filter_color=rose\"><strong>tulipes romantiques rose vif<\/strong><\/a> d\u2019un <strong>diam\u00e8tre de 35 cm<\/strong>, ce bouquet rayonne de finesse et d\u2019\u00e9l\u00e9gance. Que ce soit pour un <a href=\"https:\/\/manakinfleurs.com\/fr\/categorie\/anniversaire\">anniversaire <\/a> ou une <a href=\"https:\/\/manakinfleurs.com\/fr\/categorie\/romantique\">attention amoureuse<\/a>, <strong>Tulip Whisper<\/strong> ajoute charme et beaut\u00e9 \u00e0 chaque occasion.  <\/p>\n<p>Confectionn\u00e9 par <strong>Manakin Fleurs et D\u00e9corations<\/strong> \u00e0 Nice, ce bouquet refl\u00e8te l\u2019expression artistique et un design soign\u00e9. Laissez la beaut\u00e9 des tulipes romantiques parler d\u2019elle-m\u00eame \u2013 commandez le <strong>bouquet Tulip Whisper<\/strong> d\u00e8s aujourd\u2019hui. <\/p>\n","protected":false},"featured_media":36829,"template":"","meta":{"_uf_show_specific_survey":0,"_uf_disable_surveys":false},"product_brand":[1447],"product_cat":[1427,1472,1402,1435,1431,1400,1455],"product_tag":[],"class_list":{"0":"post-38616","1":"product","2":"type-product","3":"status-publish","4":"has-post-thumbnail","6":"product_brand-manakin-fleurs","7":"product_cat-mono-bouquets","8":"product_cat-8-mars","9":"product_cat-anniversaire","10":"product_cat-bouquets-de-saison","11":"product_cat-romantique","12":"product_cat-saint-valentin","13":"product_cat-tulipes","16":"first","17":"instock","18":"taxable","19":"shipping-taxable","20":"purchasable","21":"product-type-simple"},"_links":{"self":[{"href":"https:\/\/manakinfleurs.com\/fr\/wp-json\/wp\/v2\/product\/38616","targetHints":{"allow":["GET"]}}],"collection":[{"href":"https:\/\/manakinfleurs.com\/fr\/wp-json\/wp\/v2\/product"}],"about":[{"href":"https:\/\/manakinfleurs.com\/fr\/wp-json\/wp\/v2\/types\/product"}],"wp:featuredmedia":[{"embeddable":true,"href":"https:\/\/manakinfleurs.com\/fr\/wp-json\/wp\/v2\/media\/36829"}],"wp:attachment":[{"href":"https:\/\/manakinfleurs.com\/fr\/wp-json\/wp\/v2\/media?parent=38616"}],"wp:term":[{"taxonomy":"product_brand","embeddable":true,"href":"https:\/\/manakinfleurs.com\/fr\/wp-json\/wp\/v2\/product_brand?post=38616"},{"taxonomy":"product_cat","embeddable":true,"href":"https:\/\/manakinfleurs.com\/fr\/wp-json\/wp\/v2\/product_cat?post=38616"},{"taxonomy":"product_tag","embeddable":true,"href":"https:\/\/manakinfleurs.com\/fr\/wp-json\/wp\/v2\/product_tag?post=38616"}],"curies":[{"name":"wp","href":"https:\/\/api.w.org\/{rel}","templated":true}]}}