{"id":38610,"date":"2020-10-08T20:32:12","date_gmt":"2020-10-08T19:32:12","guid":{"rendered":"https:\/\/manakinfleurs.com\/?post_type=product&#038;p=38610"},"modified":"2025-09-22T11:24:53","modified_gmt":"2025-09-22T10:24:53","slug":"jane-austen-charm-coral-roses","status":"publish","type":"product","link":"https:\/\/manakinfleurs.com\/fr\/boutique\/jane-austen-charm-coral-roses\/","title":{"rendered":"JANE AUSTEN CHARM"},"content":{"rendered":"<p>Pour votre confort, \u00ab <strong>Jane Austen Charm<\/strong> \u00bb est envoy\u00e9 par livraison courri\u00e8re, emball\u00e9 dans un papier sp\u00e9cialement con\u00e7u pour prot\u00e9ger les tiges pendant le transport. Vous avez \u00e9galement la possibilit\u00e9 d\u2019inclure un message personnalis\u00e9, pour rendre votre cadeau encore plus sp\u00e9cial. <\/p>\n<p>Commandez ce bouquet plein de vie et de charme pour une <strong>livraison \u00e0 Nice<\/strong>, en France, et dans les environs de la <strong>C\u00f4te d\u2019Azur : Saint-Tropez, Cannes, Juan-les-Pins, Antibes, Saint-Paul-de-Vence, Saint-Jean-Cap-Ferrat, \u00c8ze, Monaco<\/strong> et <strong>Menton<\/strong>, partout sur la <strong>C\u00f4te d\u2019Azur<\/strong>.<\/p>\n<p><strong>Manakin Fleurs et D\u00e9corations<\/strong>, votre fleuriste de confiance, est fier de <strong>livrer de magnifiques bouquets<\/strong> qui apportent de la joie \u00e0 chaque moment sp\u00e9cial.<\/p>\n<p>Merci de noter que la disponibilit\u00e9 de nos fleurs varie selon la saison et les approvisionnements au moment de la commande. Si une fleur manque, elle sera remplac\u00e9e par l\u2019alternative la plus proche pour pr\u00e9server l\u2019harmonie du bouquet. Si la cr\u00e9ation exacte n\u2019est pas possible, nous vous contacterons pour vous proposer la meilleure option de saison.  <\/p>\n","protected":false},"excerpt":{"rendered":"<h2><span data-sheets-root=\"1\">L\u2019\u00e9l\u00e9gance des Roses corail <\/span><\/h2>\n<p>Un <a href=\"https:\/\/manakinfleurs.com\/product-category\/mono\/\"><strong>mono-bouquet<\/strong><\/a> compos\u00e9 de superbes <strong><a href=\"https:\/\/manakinfleurs.com\/fr\/boutique\/?filter_flowers=rose&amp;filter_color=corail\">Roses corail<\/a> Jane Austen<\/strong>, sublim\u00e9es par le feuillage \u00e9clatant de <strong>l\u2019eucalyptus<\/strong>. Ce <strong>bouquet <\/strong> est une expression \u00e9blouissante du raffinement, parfait pour toutes les occasions. <\/p>\n<p>Exprimez votre amour et votre reconnaissance avec <strong>des Roses corail Jane Austen<\/strong>, un geste romantique qui laissera \u00e0 coup s\u00fbr une impression durable. Choisissez parmi quatre tailles, allant de M &#8211; 20 roses \u00e0 XXL &#8211; 50 roses, afin d\u2019adapter le bouquet \u00e0 vos pr\u00e9f\u00e9rences. <\/p>\n<p>&nbsp;<\/p>\n","protected":false},"featured_media":34451,"template":"","meta":{"_uf_show_specific_survey":0,"_uf_disable_surveys":false},"product_brand":[],"product_cat":[1427,1402,1431,1433],"product_tag":[],"class_list":{"0":"post-38610","1":"product","2":"type-product","3":"status-publish","4":"has-post-thumbnail","6":"product_cat-mono-bouquets","7":"product_cat-anniversaire","8":"product_cat-romantique","9":"product_cat-bouquets-de-roses","12":"first","13":"instock","14":"taxable","15":"shipping-taxable","16":"purchasable","17":"product-type-variable","18":"has-default-attributes"},"_links":{"self":[{"href":"https:\/\/manakinfleurs.com\/fr\/wp-json\/wp\/v2\/product\/38610","targetHints":{"allow":["GET"]}}],"collection":[{"href":"https:\/\/manakinfleurs.com\/fr\/wp-json\/wp\/v2\/product"}],"about":[{"href":"https:\/\/manakinfleurs.com\/fr\/wp-json\/wp\/v2\/types\/product"}],"wp:featuredmedia":[{"embeddable":true,"href":"https:\/\/manakinfleurs.com\/fr\/wp-json\/wp\/v2\/media\/34451"}],"wp:attachment":[{"href":"https:\/\/manakinfleurs.com\/fr\/wp-json\/wp\/v2\/media?parent=38610"}],"wp:term":[{"taxonomy":"product_brand","embeddable":true,"href":"https:\/\/manakinfleurs.com\/fr\/wp-json\/wp\/v2\/product_brand?post=38610"},{"taxonomy":"product_cat","embeddable":true,"href":"https:\/\/manakinfleurs.com\/fr\/wp-json\/wp\/v2\/product_cat?post=38610"},{"taxonomy":"product_tag","embeddable":true,"href":"https:\/\/manakinfleurs.com\/fr\/wp-json\/wp\/v2\/product_tag?post=38610"}],"curies":[{"name":"wp","href":"https:\/\/api.w.org\/{rel}","templated":true}]}}