{"id":38601,"date":"2020-10-08T20:45:22","date_gmt":"2020-10-08T19:45:22","guid":{"rendered":"https:\/\/manakinfleurs.com\/?post_type=product&#038;p=38601"},"modified":"2025-09-22T11:24:52","modified_gmt":"2025-09-22T10:24:52","slug":"rose-paradise-romantic-roses-bouquet","status":"publish","type":"product","link":"https:\/\/manakinfleurs.com\/fr\/boutique\/rose-paradise-romantic-roses-bouquet\/","title":{"rendered":"ROSE PARADISE"},"content":{"rendered":"<p>Commandez le bouquet \u00ab<strong>Rose Paradise<\/strong>\u00bb en <strong>livraison \u00e0 Nice<\/strong> et dans toute la <strong>C\u00f4te d\u2019Azur<\/strong>, y compris <strong>Saint-Tropez, Cannes, Juan-les-Pins, Antibes, Saint-Paul-de-Vence, Saint-Jean-Cap-Ferrat, \u00c8ze, Monaco,<\/strong> <strong>Menton<\/strong>, et <strong>les environs<\/strong>.<\/p>\n<p><strong>Manakin Fleurs et D\u00e9corations<\/strong>, votre fleuriste de confiance, est fier de <strong>livrer des bouquets sensationnels<\/strong> pour embellir chaque moment sp\u00e9cial.<\/p>\n<p>Veuillez noter que la disponibilit\u00e9 de nos fleurs peut fluctuer selon les saisons et que l\u2019assortiment d\u00e9pend des arrivages au moment de votre commande. Si certaines fleurs ne sont pas disponibles, nous les remplacerons par l\u2019alternative la plus proche pour pr\u00e9server l\u2019esth\u00e9tique souhait\u00e9e. Si, pour quelque raison que ce soit, la cr\u00e9ation du bouquet choisi s\u2019av\u00e8re impossible, soyez assur\u00e9(e) que nous vous contacterons rapidement pour en discuter avec vous.  <\/p>\n","protected":false},"excerpt":{"rendered":"<h2><span data-sheets-root=\"1\">Expression color\u00e9e de l\u2019amour avec un bouquet de roses romantiques <\/span><\/h2>\n<p><strong>Le bouquet Rose Paradise<\/strong> est une composition vive et \u00e9l\u00e9gante, parfait pour exprimer l\u2019amour et la joie. Ce <strong>bouquet de roses romantiques<\/strong> marie des <strong><a href=\"https:\/\/manakinfleurs.com\/fr\/boutique\/?filter_flowers=rose&amp;filter_color=blanc\">roses blanches<\/a>, <a href=\"https:\/\/manakinfleurs.com\/fr\/boutique\/?filter_flowers=rose&amp;filter_color=rose\">roses<\/a>, <a href=\"https:\/\/manakinfleurs.com\/fr\/boutique\/?filter_flowers=rose&amp;filter_color=rouge\">rouges <\/a> et <a href=\"https:\/\/manakinfleurs.com\/flower-shop\/?filter_color=yellow&amp;filter_flowers=roses\">jaunes<\/a><\/strong> pour un r\u00e9sultat color\u00e9 exceptionnel. Id\u00e9al pour <a href=\"https:\/\/manakinfleurs.com\/fr\/categorie\/anniversaire\">anniversaire<\/a>, <a href=\"https:\/\/manakinfleurs.com\/fr\/categorie\/anniversaire-de-mariage\">f\u00eate<\/a> ou <a href=\"https:\/\/manakinfleurs.com\/fr\/categorie\/romantique\">occasion romantique<\/a>, il existe en trois formats : <strong>25<\/strong>, <strong>50<\/strong> ou <strong>100 roses<\/strong> \u2013 pour exprimer votre \u00e9motion de fa\u00e7on unique.  <\/p>\n<p>Livr\u00e9 par coursier dans un emballage sp\u00e9cialement con\u00e7u pour prot\u00e9ger les tiges, <strong>le bouquet Rose Paradise<\/strong> apporte sourire, bonheur et \u00e9l\u00e9gance \u00e0 chaque occasion.<\/p>\n<p>&nbsp;<\/p>\n","protected":false},"featured_media":34473,"template":"","meta":{"_uf_show_specific_survey":0,"_uf_disable_surveys":false},"product_brand":[],"product_cat":[1427,1402,1431,1433],"product_tag":[],"class_list":{"0":"post-38601","1":"product","2":"type-product","3":"status-publish","4":"has-post-thumbnail","6":"product_cat-mono-bouquets","7":"product_cat-anniversaire","8":"product_cat-romantique","9":"product_cat-bouquets-de-roses","12":"first","13":"instock","14":"taxable","15":"shipping-taxable","16":"purchasable","17":"product-type-variable","18":"has-default-attributes"},"_links":{"self":[{"href":"https:\/\/manakinfleurs.com\/fr\/wp-json\/wp\/v2\/product\/38601","targetHints":{"allow":["GET"]}}],"collection":[{"href":"https:\/\/manakinfleurs.com\/fr\/wp-json\/wp\/v2\/product"}],"about":[{"href":"https:\/\/manakinfleurs.com\/fr\/wp-json\/wp\/v2\/types\/product"}],"wp:featuredmedia":[{"embeddable":true,"href":"https:\/\/manakinfleurs.com\/fr\/wp-json\/wp\/v2\/media\/34473"}],"wp:attachment":[{"href":"https:\/\/manakinfleurs.com\/fr\/wp-json\/wp\/v2\/media?parent=38601"}],"wp:term":[{"taxonomy":"product_brand","embeddable":true,"href":"https:\/\/manakinfleurs.com\/fr\/wp-json\/wp\/v2\/product_brand?post=38601"},{"taxonomy":"product_cat","embeddable":true,"href":"https:\/\/manakinfleurs.com\/fr\/wp-json\/wp\/v2\/product_cat?post=38601"},{"taxonomy":"product_tag","embeddable":true,"href":"https:\/\/manakinfleurs.com\/fr\/wp-json\/wp\/v2\/product_tag?post=38601"}],"curies":[{"name":"wp","href":"https:\/\/api.w.org\/{rel}","templated":true}]}}