{"id":38593,"date":"2025-11-19T03:13:24","date_gmt":"2025-11-19T02:13:24","guid":{"rendered":"https:\/\/manakinfleurs.com\/?post_type=product&#038;p=38593"},"modified":"2025-09-22T11:24:50","modified_gmt":"2025-09-22T10:24:50","slug":"spring-bloom-flower-basket","status":"publish","type":"product","link":"https:\/\/manakinfleurs.com\/fr\/boutique\/spring-bloom-flower-basket\/","title":{"rendered":"SPRING BLOOM"},"content":{"rendered":"<p><span class=\"s1\">En raison des variations saisonni\u00e8res, certaines fleurs peuvent ne pas \u00eatre disponibles en permanence. Si nous ne pouvons pas honorer votre commande, notre responsable vous contactera pour trouver une solution adapt\u00e9e. Profitez de notre   <\/span><span class=\"s2\">service <\/span><span class=\"s1\">de livraison dans toute <strong>la <\/strong><\/span><strong><span class=\"s2\">C\u00f4te d\u2019Azur<\/span><\/strong><span class=\"s1\">, de<\/span> <span class=\"s2\"><strong>Saint-Tropez<\/strong> \u00e0 <strong>Menton<\/strong><\/span> <span class=\"s1\">et <\/span><strong><span class=\"s2\">Monaco<\/span><\/strong><span class=\"s1\">.<\/span><\/p>\n","protected":false},"excerpt":{"rendered":"<p>Invitez la beaut\u00e9 du printemps dans votre vie avec le <strong>panier de fleurs de printemps Spring Bloom<\/strong>, une cr\u00e9ation saisissante qui capture l\u2019essence vibrante de la saison. Compos\u00e9 \u00e0 la main avec soin, ce panier \u00e9l\u00e9gant contient : <\/p>\n<ul>\n<li><a href=\"https:\/\/manakinfleurs.com\/fr\/boutique\/?filter_flowers=tulipes&amp;filter_color=rose\"><strong>tulipes roses \u00e9clatantes<\/strong><\/a> pour la fra\u00eecheur et la joie,<\/li>\n<li><strong>mini narcisses<\/strong> pour une touche solaire,<\/li>\n<li><strong>viorne d\u00e9licate<\/strong> aux tons verts doux,<\/li>\n<li><a href=\"https:\/\/manakinfleurs.com\/flower-shop\/?filter_color=white&amp;filter_flowers=delphinium&amp;orderby=date\"><strong>delphinium blanc<\/strong><\/a>, atout de gr\u00e2ce a\u00e9rienne.<\/li>\n<\/ul>\n<p>Parfait pour la <strong>f\u00eate des m\u00e8res<\/strong>, <a href=\"https:\/\/manakinfleurs.com\/fr\/categorie\/anniversaire\">un anniversaire<\/a>, <a href=\"https:\/\/manakinfleurs.com\/fr\/categorie\/anniversaire-de-mariage\"><strong>une naissance<\/strong><\/a> ou toute c\u00e9l\u00e9bration printani\u00e8re, ce panier allie charme et raffinement. En centre de table ou en cadeau, le panier de fleurs de printemps <strong>Spring Bloom<\/strong> insuffle renouveau et beaut\u00e9 naturelle \u00e0 tous les espaces. <\/p>\n<p>Laissez cette cr\u00e9ation florale <strong>symboliser la lumi\u00e8re, la joie et la renaissance<\/strong>, pour c\u00e9l\u00e9brer les plus beaux moments avec <a href=\"https:\/\/manakinfleurs.com\/fr\/categorie\/luxe\">\u00e9l\u00e9gance<\/a>. .<\/p>\n","protected":false},"featured_media":36491,"template":"","meta":{"_uf_show_specific_survey":0,"_uf_disable_surveys":false},"product_brand":[1447],"product_cat":[1396,1472,1402,1390,1416,1418,1431,1455],"product_tag":[],"class_list":{"0":"post-38593","1":"product","2":"type-product","3":"status-publish","4":"has-post-thumbnail","6":"product_brand-manakin-fleurs","7":"product_cat-panier-de-fleurs","8":"product_cat-8-mars","9":"product_cat-anniversaire","10":"product_cat-anniversaire-de-mariage","11":"product_cat-decor-floral-maison","12":"product_cat-luxe","13":"product_cat-romantique","14":"product_cat-tulipes","17":"first","18":"instock","19":"taxable","20":"shipping-taxable","21":"purchasable","22":"product-type-simple"},"_links":{"self":[{"href":"https:\/\/manakinfleurs.com\/fr\/wp-json\/wp\/v2\/product\/38593","targetHints":{"allow":["GET"]}}],"collection":[{"href":"https:\/\/manakinfleurs.com\/fr\/wp-json\/wp\/v2\/product"}],"about":[{"href":"https:\/\/manakinfleurs.com\/fr\/wp-json\/wp\/v2\/types\/product"}],"wp:featuredmedia":[{"embeddable":true,"href":"https:\/\/manakinfleurs.com\/fr\/wp-json\/wp\/v2\/media\/36491"}],"wp:attachment":[{"href":"https:\/\/manakinfleurs.com\/fr\/wp-json\/wp\/v2\/media?parent=38593"}],"wp:term":[{"taxonomy":"product_brand","embeddable":true,"href":"https:\/\/manakinfleurs.com\/fr\/wp-json\/wp\/v2\/product_brand?post=38593"},{"taxonomy":"product_cat","embeddable":true,"href":"https:\/\/manakinfleurs.com\/fr\/wp-json\/wp\/v2\/product_cat?post=38593"},{"taxonomy":"product_tag","embeddable":true,"href":"https:\/\/manakinfleurs.com\/fr\/wp-json\/wp\/v2\/product_tag?post=38593"}],"curies":[{"name":"wp","href":"https:\/\/api.w.org\/{rel}","templated":true}]}}