{"id":38591,"date":"2020-10-13T11:25:04","date_gmt":"2020-10-13T10:25:04","guid":{"rendered":"https:\/\/manakinfleurs.com\/?post_type=product&#038;p=38591"},"modified":"2025-09-22T11:24:50","modified_gmt":"2025-09-22T10:24:50","slug":"pretty-women-romantic-bouquet","status":"publish","type":"product","link":"https:\/\/manakinfleurs.com\/fr\/boutique\/pretty-women-romantic-bouquet\/","title":{"rendered":"PRETTY WOMEN"},"content":{"rendered":"<p>Pour une <strong>livraison de fleurs fra\u00eeches<\/strong> \u00e0 Nice et sur la C\u00f4te d\u2019Azur, faites confiance \u00e0 Manakin Fleurs et D\u00e9corations pour r\u00e9aliser le <strong>bouquet parfait<\/strong> : Saint-Tropez, Cannes, Juan-les-Pins, Antibes, Saint-Paul-de-Vence, Nice, Saint-Jean-Cap-Ferrat, \u00c8ze, Monaco, Menton et au-del\u00e0. <\/p>\n<p>Merci de noter que la disponibilit\u00e9 de nos fleurs d\u00e9pend des saisons et que la s\u00e9lection peut varier selon les arrivages au moment de votre achat. \u0415\u0441\u043b\u0438 \u043a\u0430\u043a\u0438\u0445\u2011\u043b\u0438\u0431\u043e \u0446\u0432\u0435\u0442\u043e\u0432 \u043d\u0435 \u0431\u0443\u0434\u0435\u0442 \u0432 \u043d\u0430\u043b\u0438\u0447\u0438\u0438, \u043c\u044b \u0437\u0430\u043c\u0435\u043d\u0438\u043c \u0438\u0445 \u043d\u0430 \u043c\u0430\u043a\u0441\u0438\u043c\u0430\u043b\u044c\u043d\u043e \u0441\u0445\u043e\u0436\u0438\u0435 \u043f\u043e \u0441\u0442\u0438\u043b\u044e, \u0447\u0442\u043e\u0431\u044b \u0441\u043e\u0445\u0440\u0430\u043d\u0438\u0442\u044c \u043e\u0431\u0449\u0438\u0439 \u044d\u0441\u0442\u0435\u0442\u0438\u0447\u0435\u0441\u043a\u0438\u0439 \u0432\u0438\u0434 \u043a\u043e\u043c\u043f\u043e\u0437\u0438\u0446\u0438\u0438. Si la cr\u00e9ation exacte de votre bouquet de fleurs violet s\u2019av\u00e8re difficile ou impossible, nous vous contacterons rapidement pour convenir ensemble de la meilleure solution.<\/p>\n<p>Diam\u00e8tre : 35 cm<\/p>\n","protected":false},"excerpt":{"rendered":"<h2><span data-sheets-root=\"1\"> L\u2019\u00e9l\u00e9gance d\u2019un bouquet romantique <\/span><\/h2>\n<p><strong>Le bouquet romantique Pretty Women<\/strong> est une composition florale pleine de charme, pens\u00e9e pour s\u00e9duire et inspirer. Association de <a href=\"https:\/\/manakinfleurs.com\/fr\/boutique\/?filter_flowers=dauphinelles&amp;filter_color=pourpre\"><strong>delphinium violet<\/strong><\/a> \u00e9clatant et de <a href=\"https:\/\/manakinfleurs.com\/fr\/boutique\/?filter_color=rose\"><strong>fleurs rose p\u00e2le<\/strong><\/a>, sa palette m\u00eale <a href=\"https:\/\/manakinfleurs.com\/fr\/boutique\/?filter_color=rose\">rose poudr\u00e9<\/a>, <a href=\"https:\/\/manakinfleurs.com\/flower-shop\/?filter_color=lavender,blue\">bleu clair<\/a> et une <a href=\"https:\/\/manakinfleurs.com\/fr\/boutique\/?filter_color=blanc\">touche de blanc<\/a>, pour une allure \u00e9l\u00e9gante et vaporeuse. Compact (35 cm), il respire la fra\u00eecheur et le raffinement \u2014 parfait pour une <a href=\"https:\/\/manakinfleurs.com\/fr\/categorie\/romantique\">occasion romantique<\/a>, <a href=\"https:\/\/manakinfleurs.com\/fr\/categorie\/anniversaire\">un anniversaire<\/a>, un <a href=\"https:\/\/manakinfleurs.com\/product-category\/corporate\/\">cadeau d\u2019entreprise<\/a> ou une <a href=\"https:\/\/manakinfleurs.com\/fr\/categorie\/anniversaire-de-mariage\">f\u00eate<\/a>.  <\/p>\n<p><strong>Le bouquet Pretty Women<\/strong> c\u00e9l\u00e8bre le charme et l\u2019\u00e9l\u00e9gance, rendant chaque moment inoubliable.<\/p>\n","protected":false},"featured_media":34667,"template":"","meta":{"_uf_show_specific_survey":0,"_uf_disable_surveys":false},"product_brand":[],"product_cat":[1402,1390,1431,1398],"product_tag":[],"class_list":{"0":"post-38591","1":"product","2":"type-product","3":"status-publish","4":"has-post-thumbnail","6":"product_cat-anniversaire","7":"product_cat-anniversaire-de-mariage","8":"product_cat-romantique","9":"product_cat-sur-mesure","12":"first","13":"instock","14":"taxable","15":"shipping-taxable","16":"purchasable","17":"product-type-simple"},"_links":{"self":[{"href":"https:\/\/manakinfleurs.com\/fr\/wp-json\/wp\/v2\/product\/38591","targetHints":{"allow":["GET"]}}],"collection":[{"href":"https:\/\/manakinfleurs.com\/fr\/wp-json\/wp\/v2\/product"}],"about":[{"href":"https:\/\/manakinfleurs.com\/fr\/wp-json\/wp\/v2\/types\/product"}],"wp:featuredmedia":[{"embeddable":true,"href":"https:\/\/manakinfleurs.com\/fr\/wp-json\/wp\/v2\/media\/34667"}],"wp:attachment":[{"href":"https:\/\/manakinfleurs.com\/fr\/wp-json\/wp\/v2\/media?parent=38591"}],"wp:term":[{"taxonomy":"product_brand","embeddable":true,"href":"https:\/\/manakinfleurs.com\/fr\/wp-json\/wp\/v2\/product_brand?post=38591"},{"taxonomy":"product_cat","embeddable":true,"href":"https:\/\/manakinfleurs.com\/fr\/wp-json\/wp\/v2\/product_cat?post=38591"},{"taxonomy":"product_tag","embeddable":true,"href":"https:\/\/manakinfleurs.com\/fr\/wp-json\/wp\/v2\/product_tag?post=38591"}],"curies":[{"name":"wp","href":"https:\/\/api.w.org\/{rel}","templated":true}]}}