{"id":38586,"date":"2021-02-01T23:05:00","date_gmt":"2021-02-01T22:05:00","guid":{"rendered":"https:\/\/manakinfleurs.com\/?post_type=product&#038;p=38586"},"modified":"2025-09-22T11:24:47","modified_gmt":"2025-09-22T10:24:47","slug":"blush-flower-basket","status":"publish","type":"product","link":"https:\/\/manakinfleurs.com\/fr\/boutique\/blush-flower-basket\/","title":{"rendered":"BLUSH FLOWER BASKET"},"content":{"rendered":"<p>Avec un diam\u00e8tre de 45 \u00e0 50 cm, le panier de fleurs pastel est une attention romantique parfaite, id\u00e9ale pour exprimer vos sentiments. <strong>L\u2019harmonie visuelle des fleurs<\/strong> s\u00e9lectionn\u00e9es en fait un cadeau pr\u00e9cieux pour chaque occasion. <\/p>\n<p>Votre fleuriste Manakin Fleurs et D\u00e9corations exp\u00e9die votre panier de fleurs pastel en livraison s\u00e9curis\u00e9e par <strong>coursier <\/strong> pour pr\u00e9server la fra\u00eecheur. Chaque bouquet est pr\u00e9par\u00e9 avec soin pour offrir bonheur et beaut\u00e9. Ajoutez un message personnalis\u00e9 pour une touche encore plus \u00e9mouvante.  <\/p>\n<p>Manakin Fleurs et D\u00e9corations s\u2019engage \u00e0 offrir l\u2019excellence florale sur toute la C\u00f4te d\u2019Azur.<\/p>\n<p>Merci de noter que la disponibilit\u00e9 de nos fleurs varie selon la saison et les approvisionnements au moment de la commande. Si une fleur manque, elle sera remplac\u00e9e par l\u2019alternative la plus proche pour pr\u00e9server l\u2019harmonie du bouquet. Si la cr\u00e9ation exacte n\u2019est pas possible, nous vous contacterons pour vous proposer la meilleure option de saison.  <\/p>\n<p>Diam\u00e8tre : 45\u201350 cm<\/p>\n","protected":false},"excerpt":{"rendered":"<h2><span data-sheets-root=\"1\">D\u00e9licate symphonie romantique<\/span><\/h2>\n<p>Le panier de fleurs pastel \u00ab<strong>Blush Flower Basket<\/strong>\u00bb incarne l\u2019\u00e9l\u00e9gance et la romance. Cette composition d\u00e9licate associe <a href=\"https:\/\/manakinfleurs.com\/fr\/boutique\/?filter_flowers=hortensia&amp;filter_color=rose\"><strong>hortensia blush<\/strong><\/a>, <a href=\"https:\/\/manakinfleurs.com\/fr\/boutique\/?filter_flowers=hortensia&amp;filter_color=blanc\"><strong>hortensia blanc<\/strong><\/a>, <strong>freesia blanche<\/strong>, <a href=\"https:\/\/manakinfleurs.com\/flower-shop\/?filter_color=white,cream&amp;filter_flowers=roses\"><strong>roses branchues blanches et cr\u00e8me<\/strong><\/a>, <a href=\"https:\/\/manakinfleurs.com\/flower-shop\/?filter_color=white,pink&amp;filter_flowers=ranunculus\"><strong>ranoncules blanches<\/strong><\/a> et roses \u2014 le tout agenc\u00e9 \u00e0 la perfection. <\/p>\n<p>Parfaite pour <a href=\"https:\/\/manakinfleurs.com\/fr\/categorie\/mariage\">mariages<\/a>, <a href=\"https:\/\/manakinfleurs.com\/fr\/categorie\/anniversaire-de-mariage\">f\u00eates<\/a>, <a href=\"https:\/\/manakinfleurs.com\/fr\/categorie\/anniversaire\">anniversaires<\/a>, <a href=\"https:\/\/manakinfleurs.com\/fr\/categorie\/fleurs-pour-naissance\">naissances <\/a> ou <a href=\"https:\/\/manakinfleurs.com\/fr\/categorie\/romantique\">gestes romantiques<\/a>, cette basket offre une beaut\u00e9 intemporelle. Ses tons rose poudr\u00e9 et blanc apportent <strong>douceur et \u00e9l\u00e9gance<\/strong> \u2014 le cadeau parfait pour c\u00e9l\u00e9brer tous les moments pr\u00e9cieux. <\/p>\n","protected":false},"featured_media":34799,"template":"","meta":{"_uf_show_specific_survey":0,"_uf_disable_surveys":false},"product_brand":[],"product_cat":[1402,1390,1392,1441,1396,1431,1433],"product_tag":[],"class_list":{"0":"post-38586","1":"product","2":"type-product","3":"status-publish","4":"has-post-thumbnail","6":"product_cat-anniversaire","7":"product_cat-anniversaire-de-mariage","8":"product_cat-fleurs-pour-naissance","9":"product_cat-mariage","10":"product_cat-panier-de-fleurs","11":"product_cat-romantique","12":"product_cat-bouquets-de-roses","15":"first","16":"instock","17":"taxable","18":"shipping-taxable","19":"purchasable","20":"product-type-simple"},"_links":{"self":[{"href":"https:\/\/manakinfleurs.com\/fr\/wp-json\/wp\/v2\/product\/38586","targetHints":{"allow":["GET"]}}],"collection":[{"href":"https:\/\/manakinfleurs.com\/fr\/wp-json\/wp\/v2\/product"}],"about":[{"href":"https:\/\/manakinfleurs.com\/fr\/wp-json\/wp\/v2\/types\/product"}],"wp:featuredmedia":[{"embeddable":true,"href":"https:\/\/manakinfleurs.com\/fr\/wp-json\/wp\/v2\/media\/34799"}],"wp:attachment":[{"href":"https:\/\/manakinfleurs.com\/fr\/wp-json\/wp\/v2\/media?parent=38586"}],"wp:term":[{"taxonomy":"product_brand","embeddable":true,"href":"https:\/\/manakinfleurs.com\/fr\/wp-json\/wp\/v2\/product_brand?post=38586"},{"taxonomy":"product_cat","embeddable":true,"href":"https:\/\/manakinfleurs.com\/fr\/wp-json\/wp\/v2\/product_cat?post=38586"},{"taxonomy":"product_tag","embeddable":true,"href":"https:\/\/manakinfleurs.com\/fr\/wp-json\/wp\/v2\/product_tag?post=38586"}],"curies":[{"name":"wp","href":"https:\/\/api.w.org\/{rel}","templated":true}]}}