{"id":38583,"date":"2021-02-01T23:14:06","date_gmt":"2021-02-01T22:14:06","guid":{"rendered":"https:\/\/manakinfleurs.com\/?post_type=product&#038;p=38583"},"modified":"2025-09-22T11:24:46","modified_gmt":"2025-09-22T10:24:46","slug":"infinite-elegance-luxury-flowers","status":"publish","type":"product","link":"https:\/\/manakinfleurs.com\/fr\/boutique\/infinite-elegance-luxury-flowers\/","title":{"rendered":"INFINITE ELEGANCE"},"content":{"rendered":"<p>Plongez dans la beaut\u00e9 de fleurs fra\u00eeches : \u00ab<strong>Infinite Elegance<\/strong>\u00bb promet une impression durable gr\u00e2ce \u00e0 ses couleurs douces et son style raffin\u00e9.<\/p>\n<p><strong>Manakin Fleurs et D\u00e9corations<\/strong> est votre <strong><\/strong><strong>service de livraison de fleurs de confiance dans la r\u00e9gion, couvrant Saint-Tropez, Cannes, Juan-les-Pins, Antibes, Saint-Paul-de-Vence, Nice, Saint-Jean-Cap-Ferrat, \u00c8ze, Monaco, Menton<\/strong> et toute la <strong>C\u00f4te d\u2019Azur<\/strong>. Par ailleurs, sous certaines conditions et pour les grandes commandes, nous pouvons assurer la livraison dans d\u2019autres r\u00e9gions plus \u00e9loign\u00e9es. <\/p>\n<p>Veuillez noter que la disponibilit\u00e9 de nos fleurs peut fluctuer selon les saisons et que l\u2019assortiment d\u00e9pend des arrivages au moment de votre commande. Si certaines fleurs ne sont pas disponibles, nous les remplacerons par l\u2019alternative la plus proche pour pr\u00e9server l\u2019esth\u00e9tique souhait\u00e9e. Si, pour quelque raison que ce soit, la cr\u00e9ation du bouquet choisi s\u2019av\u00e8re impossible, soyez assur\u00e9(e) que nous vous contacterons rapidement pour en discuter avec vous.  <\/p>\n<p><em>Note : Nous pouvons r\u00e9aliser la m\u00eame composition en diff\u00e9rentes tailles, selon vos pr\u00e9f\u00e9rences et votre budget.<\/em> Exp\u00e9dition s\u00e9curis\u00e9e par coursier<br \/>\npour prot\u00e9ger les tiges pendant le transport. Joignez un message personnel \u00e0 votre cadeau.<\/p>\n<p>Diam\u00e8tre 1m<\/p>\n<p>&nbsp;<\/p>\n","protected":false},"excerpt":{"rendered":"<h2><span data-sheets-root=\"1\"> Le summum des fleurs de luxe<\/span><\/h2>\n<p>Le panier <strong>Infinite Elegance<\/strong> est une cr\u00e9ation florale luxueuse, con\u00e7ue pour inspirer et \u00e9merveiller. Mesurant plus d\u2019un m\u00e8tre de diam\u00e8tre, cette composition grandiose associe <a href=\"https:\/\/manakinfleurs.com\/product-category\/hydrangeas\/?filter_color=pink&amp;filter_flowers=hydrangea\"><strong>hortensias rose poudr\u00e9<\/strong><\/a>, <a href=\"https:\/\/manakinfleurs.com\/product-category\/hydrangeas\/?filter_color=white&amp;filter_flowers=hydrangea\"><strong>hortensias blancs<\/strong><\/a>, <strong>matthiolas blanches<\/strong>, <a href=\"https:\/\/manakinfleurs.com\/fr\/boutique\/?filter_flowers=rose&amp;filter_color=rose\"><strong>roses rose p\u00e2le<\/strong><\/a>, <a href=\"https:\/\/manakinfleurs.com\/fr\/boutique\/?filter_flowers=rose&amp;filter_color=blanc\"><strong>roses blanches<\/strong><\/a>, <strong>an\u00e9mones <\/strong> et <strong>eucalyptus luxuriant<\/strong>, soigneusement agenc\u00e9s avec perfection. Parfait pour un <a href=\"https:\/\/manakinfleurs.com\/fr\/categorie\/mariage\">mariage<\/a>, un <a href=\"https:\/\/manakinfleurs.com\/fr\/categorie\/anniversaire-de-mariage\">anniversaire <\/a> ou pour sublimer un <a href=\"https:\/\/manakinfleurs.com\/fr\/categorie\/decor-floral-maison\">int\u00e9rieur<\/a>, cet arrangement respire le raffinement et l\u2019\u00e9l\u00e9gance.  <\/p>\n<p>Les doux tons pastel de rose, blanc et vert conf\u00e8rent une ambiance sereine et luxueuse, faisant du panier <strong>Infinite Elegance<\/strong> le choix id\u00e9al pour ceux qui recherchent des fleurs de luxe pour les moments les plus pr\u00e9cieux de la vie.<\/p>\n","protected":false},"featured_media":34781,"template":"","meta":{"_uf_show_specific_survey":0,"_uf_disable_surveys":false},"product_brand":[],"product_cat":[1420,1390,1416,1418,1441,1396],"product_tag":[],"class_list":{"0":"post-38583","1":"product","2":"type-product","3":"status-publish","4":"has-post-thumbnail","6":"product_cat-enorme","7":"product_cat-anniversaire-de-mariage","8":"product_cat-decor-floral-maison","9":"product_cat-luxe","10":"product_cat-mariage","11":"product_cat-panier-de-fleurs","14":"first","15":"instock","16":"taxable","17":"shipping-taxable","18":"purchasable","19":"product-type-simple"},"_links":{"self":[{"href":"https:\/\/manakinfleurs.com\/fr\/wp-json\/wp\/v2\/product\/38583","targetHints":{"allow":["GET"]}}],"collection":[{"href":"https:\/\/manakinfleurs.com\/fr\/wp-json\/wp\/v2\/product"}],"about":[{"href":"https:\/\/manakinfleurs.com\/fr\/wp-json\/wp\/v2\/types\/product"}],"wp:featuredmedia":[{"embeddable":true,"href":"https:\/\/manakinfleurs.com\/fr\/wp-json\/wp\/v2\/media\/34781"}],"wp:attachment":[{"href":"https:\/\/manakinfleurs.com\/fr\/wp-json\/wp\/v2\/media?parent=38583"}],"wp:term":[{"taxonomy":"product_brand","embeddable":true,"href":"https:\/\/manakinfleurs.com\/fr\/wp-json\/wp\/v2\/product_brand?post=38583"},{"taxonomy":"product_cat","embeddable":true,"href":"https:\/\/manakinfleurs.com\/fr\/wp-json\/wp\/v2\/product_cat?post=38583"},{"taxonomy":"product_tag","embeddable":true,"href":"https:\/\/manakinfleurs.com\/fr\/wp-json\/wp\/v2\/product_tag?post=38583"}],"curies":[{"name":"wp","href":"https:\/\/api.w.org\/{rel}","templated":true}]}}