{"id":38580,"date":"2021-10-19T12:19:47","date_gmt":"2021-10-19T11:19:47","guid":{"rendered":"https:\/\/manakinfleurs.com\/?post_type=product&#038;p=38580"},"modified":"2025-09-22T11:24:45","modified_gmt":"2025-09-22T10:24:45","slug":"cerise-flower-box","status":"publish","type":"product","link":"https:\/\/manakinfleurs.com\/fr\/boutique\/cerise-flower-box\/","title":{"rendered":"CERISE FLOWER BOX"},"content":{"rendered":"<p>Avec un diam\u00e8tre de 1 \u00e0 1,2 m\u00e8tre, cette <strong>box fleurs cerise<\/strong> respire l\u2019\u00e9nergie et l\u2019abondance. Elle est magnifi\u00e9e par des touches violettes captivantes, qui ajoutent \u00e9clat \u00e0 l\u2019ensemble. <\/p>\n<p>Chaque box est confectionn\u00e9e pour insuffler bonheur et prosp\u00e9rit\u00e9 \u2013 le cadeau parfait pour transmettre des v\u0153ux chaleureux!<\/p>\n<p>Votre <strong>fleuriste <\/strong> Manakin Fleurs et D\u00e9corations livre la C\u00f4te d\u2019Azur, notamment : Saint-Tropez, Cannes, Juan-les-Pins, Antibes, Saint-Paul-de-Vence, Nice, Saint-Jean-Cap-Ferrat, \u00c8ze, Monaco et Menton.<\/p>\n<p>Il est important de noter que notre collection florale d\u00e9pend des saisons et que l\u2019assortiment disponible varie selon les arrivages au moment de votre commande. Si certaines fleurs sont indisponibles, nous les remplacerons volontiers par l\u2019alternative la plus proche pour pr\u00e9server le visuel du bouquet. Et si, pour une raison quelconque, la cr\u00e9ation exacte du bouquet choisi s\u2019av\u00e8re impossible, nous vous contacterons rapidement pour convenir ensemble de la meilleure composition.  <\/p>\n<p>&nbsp;<\/p>\n","protected":false},"excerpt":{"rendered":"<p>Un <strong>panier floral<\/strong> immense et spectaculaire, con\u00e7u pour r\u00e9pandre le sourire, la joie et une sensation d\u2019abondance en toute occasion. Ce <a href=\"https:\/\/manakinfleurs.com\/fr\/categorie\/enorme\"><strong>grand panier<\/strong><\/a> r\u00e9unit <a href=\"https:\/\/manakinfleurs.com\/fr\/boutique\/?filter_flowers=hortensia&amp;filter_color=rose\">hortensias rose fonc\u00e9<\/a>, <a href=\"https:\/\/manakinfleurs.com\/fr\/boutique\/?filter_flowers=rose\"><strong>roses de jardin<\/strong> parfum\u00e9es<\/a>, <a href=\"https:\/\/manakinfleurs.com\/fr\/boutique\/?filter_flowers=orchidee-cymbidium\"><strong>orchid\u00e9es<\/strong> beige<\/a>, <a href=\"https:\/\/manakinfleurs.com\/flower-shop\/?filter_color=violet&amp;filter_flowers=dahlia\"><strong>dahlia violet<\/strong><\/a>, <strong>astilbe bordeaux<\/strong> et <strong><a href=\"https:\/\/manakinfleurs.com\/flower-shop\/?filter_color=red&amp;filter_flowers=gerbera-daisy\">gerbera rouge<\/a><\/strong>, offrant un jeu saisissant de nuances puissantes. <\/p>\n<p>&nbsp;<\/p>\n","protected":false},"featured_media":34521,"template":"","meta":{"_uf_show_specific_survey":0,"_uf_disable_surveys":false},"product_brand":[1447],"product_cat":[1402,1390,1420,1396,1431,1433],"product_tag":[],"class_list":{"0":"post-38580","1":"product","2":"type-product","3":"status-publish","4":"has-post-thumbnail","6":"product_brand-manakin-fleurs","7":"product_cat-anniversaire","8":"product_cat-anniversaire-de-mariage","9":"product_cat-enorme","10":"product_cat-panier-de-fleurs","11":"product_cat-romantique","12":"product_cat-bouquets-de-roses","15":"first","16":"instock","17":"taxable","18":"shipping-taxable","19":"purchasable","20":"product-type-simple"},"_links":{"self":[{"href":"https:\/\/manakinfleurs.com\/fr\/wp-json\/wp\/v2\/product\/38580","targetHints":{"allow":["GET"]}}],"collection":[{"href":"https:\/\/manakinfleurs.com\/fr\/wp-json\/wp\/v2\/product"}],"about":[{"href":"https:\/\/manakinfleurs.com\/fr\/wp-json\/wp\/v2\/types\/product"}],"wp:featuredmedia":[{"embeddable":true,"href":"https:\/\/manakinfleurs.com\/fr\/wp-json\/wp\/v2\/media\/34521"}],"wp:attachment":[{"href":"https:\/\/manakinfleurs.com\/fr\/wp-json\/wp\/v2\/media?parent=38580"}],"wp:term":[{"taxonomy":"product_brand","embeddable":true,"href":"https:\/\/manakinfleurs.com\/fr\/wp-json\/wp\/v2\/product_brand?post=38580"},{"taxonomy":"product_cat","embeddable":true,"href":"https:\/\/manakinfleurs.com\/fr\/wp-json\/wp\/v2\/product_cat?post=38580"},{"taxonomy":"product_tag","embeddable":true,"href":"https:\/\/manakinfleurs.com\/fr\/wp-json\/wp\/v2\/product_tag?post=38580"}],"curies":[{"name":"wp","href":"https:\/\/api.w.org\/{rel}","templated":true}]}}