{"id":38578,"date":"2021-10-19T12:21:43","date_gmt":"2021-10-19T11:21:43","guid":{"rendered":"https:\/\/manakinfleurs.com\/?post_type=product&#038;p=38578"},"modified":"2025-09-22T11:24:45","modified_gmt":"2025-09-22T10:24:45","slug":"summer-sky-romantic-birthday-flowers","status":"publish","type":"product","link":"https:\/\/manakinfleurs.com\/fr\/boutique\/summer-sky-romantic-birthday-flowers\/","title":{"rendered":"SUMMER SKY"},"content":{"rendered":"<p>Commandez ce <strong>bouquet pour une livraison<\/strong> \u00e0 Nice, en France, et dans les environs de la C\u00f4te d\u2019Azur, y compris Saint-Tropez, Cannes, Juan-les-Pins, Antibes, Saint-Paul-de-Vence, Saint-Jean-Cap-Ferrat, \u00c8ze, Monaco et Menton. Chez Manakin Fleurs et D\u00e9corations, nous sommes fiers de <strong>livrer des arrangements floraux<\/strong> qui marquent les esprits. <\/p>\n<p>Veuillez noter que notre offre florale d\u00e9pend des saisons et de la disponibilit\u00e9 au moment de la commande. Si une vari\u00e9t\u00e9 n\u2019est pas disponible, elle sera remplac\u00e9e par la meilleure alternative possible pour pr\u00e9server l\u2019aspect du bouquet. Si la cr\u00e9ation exacte n\u2019est pas r\u00e9alisable, nous vous contacterons rapidement pour d\u00e9finir ensemble la solution id\u00e9ale.  <\/p>\n<p>Diam\u00e8tre : 60\u201365 cm<\/p>\n","protected":false},"excerpt":{"rendered":"<h2><span data-sheets-root=\"1\">C\u00e9l\u00e9brez avec \u00e9l\u00e9gance gr\u00e2ce \u00e0 des fleurs romantiques pour anniversaire <\/span><\/h2>\n<p><span data-sheets-root=\"1\"><strong>Le bouquet Summer Sky<\/strong> est un choix magnifique pour des <strong>fleurs romantiques d\u2019anniversaire<\/strong> ou toute occasion sp\u00e9ciale. Avec son diam\u00e8tre g\u00e9n\u00e9reux de 60\u201365 cm, il associe des <a href=\"https:\/\/manakinfleurs.com\/fr\/boutique\/?filter_flowers=hortensia&amp;filter_color=bleu\"><strong>hortensias bleu ciel<\/strong><\/a> et des <a href=\"https:\/\/manakinfleurs.com\/fr\/boutique\/?filter_flowers=rose&amp;filter_color=rose\"><strong>roses roses d\u00e9licates<\/strong><\/a>. Le mariage harmonieux des tons pastel bleu et rose cr\u00e9e une allure joyeuse mais raffin\u00e9e, parfaite pour un <a href=\"https:\/\/manakinfleurs.com\/fr\/categorie\/anniversaire\">anniversaire<\/a>, une <a href=\"https:\/\/manakinfleurs.com\/fr\/categorie\/anniversaire-de-mariage\">f\u00eate<\/a> ou une <a href=\"https:\/\/manakinfleurs.com\/fr\/categorie\/romantique\">c\u00e9l\u00e9bration romantique<\/a>.   <\/span><\/p>\n<p><span data-sheets-root=\"1\">Ses couleurs fra\u00eeches et vibrantes ajoutent un effet \u00ab waouh \u00bb et garantissent que la personne qui re\u00e7oit ce bouquet se sent ch\u00e9rie et unique.<br \/>\n<\/span><\/p>\n","protected":false},"featured_media":34573,"template":"","meta":{"_uf_show_specific_survey":0,"_uf_disable_surveys":false},"product_brand":[],"product_cat":[1402,1390,1431,1433,1398],"product_tag":[],"class_list":{"0":"post-38578","1":"product","2":"type-product","3":"status-publish","4":"has-post-thumbnail","6":"product_cat-anniversaire","7":"product_cat-anniversaire-de-mariage","8":"product_cat-romantique","9":"product_cat-bouquets-de-roses","10":"product_cat-sur-mesure","13":"first","14":"instock","15":"taxable","16":"shipping-taxable","17":"purchasable","18":"product-type-simple"},"_links":{"self":[{"href":"https:\/\/manakinfleurs.com\/fr\/wp-json\/wp\/v2\/product\/38578","targetHints":{"allow":["GET"]}}],"collection":[{"href":"https:\/\/manakinfleurs.com\/fr\/wp-json\/wp\/v2\/product"}],"about":[{"href":"https:\/\/manakinfleurs.com\/fr\/wp-json\/wp\/v2\/types\/product"}],"wp:featuredmedia":[{"embeddable":true,"href":"https:\/\/manakinfleurs.com\/fr\/wp-json\/wp\/v2\/media\/34573"}],"wp:attachment":[{"href":"https:\/\/manakinfleurs.com\/fr\/wp-json\/wp\/v2\/media?parent=38578"}],"wp:term":[{"taxonomy":"product_brand","embeddable":true,"href":"https:\/\/manakinfleurs.com\/fr\/wp-json\/wp\/v2\/product_brand?post=38578"},{"taxonomy":"product_cat","embeddable":true,"href":"https:\/\/manakinfleurs.com\/fr\/wp-json\/wp\/v2\/product_cat?post=38578"},{"taxonomy":"product_tag","embeddable":true,"href":"https:\/\/manakinfleurs.com\/fr\/wp-json\/wp\/v2\/product_tag?post=38578"}],"curies":[{"name":"wp","href":"https:\/\/api.w.org\/{rel}","templated":true}]}}