{"id":38575,"date":"2021-10-19T12:27:21","date_gmt":"2021-10-19T11:27:21","guid":{"rendered":"https:\/\/manakinfleurs.com\/?post_type=product&#038;p=38575"},"modified":"2025-09-22T11:22:33","modified_gmt":"2025-09-22T10:22:33","slug":"rich-puff-special-occasion-flower","status":"publish","type":"product","link":"https:\/\/manakinfleurs.com\/fr\/boutique\/rich-puff-special-occasion-flower\/","title":{"rendered":"RICH PUFF"},"content":{"rendered":"<p>La palette de couleurs vari\u00e9e offre un aspect joyeux et raffin\u00e9, agr\u00e9able visuellement. Design asym\u00e9trique \u00e9quilibr\u00e9 : un bouquet qui sublime la beaut\u00e9 de la nature \u00e0 chaque regard. <\/p>\n<p>Commandez cette magnifique <strong>composition livrable<\/strong> \u00e0 Nice, en France, et sur toute la C\u00f4te d\u2019Azur. <strong>Manakin Fleurs et D\u00e9corations<\/strong> : la fiert\u00e9 de livrer des bouquets qui marquent l\u2019esprit. <\/p>\n<p>Veuillez noter : notre collection d\u00e9pend des saisons et de la disponibilit\u00e9 actuelle. Si une fleur manque, nous la rempla\u00e7ons par la meilleure alternative afin de conserver l\u2019harmonie du bouquet. Si la cr\u00e9ation exacte n\u2019est pas possible, nous vous contacterons rapidement pour convenir ensemble de la plus belle composition.  <\/p>\n<p>Diam\u00e8tre : 70\u201375 cm<\/p>\n","protected":false},"excerpt":{"rendered":"<h2><span data-sheets-root=\"1\">C\u00e9l\u00e9brez chaque moment avec le bouquet de fleurs de c\u00e9l\u00e9bration<\/span><\/h2>\n<p><strong>Le bouquet Rich Puff <\/strong> est une cr\u00e9ation florale luxueuse pens\u00e9e pour rendre chaque occasion m\u00e9morable : diam\u00e8tre 70\u201375 cm et profusion de fleurs : <strong>hortensias blancs<\/strong>, <strong>delphiniums bleu ciel<\/strong>, <strong>lisianthus roses<\/strong>, <strong>cl\u00e9matites violettes<\/strong> et <strong>roses p\u00eache.<\/strong> <\/p>\n<p>Id\u00e9al pour anniversaire, mariage, f\u00eate ou surprise romantique, ce bouquet \u00e9l\u00e9gant sublime chaque grand moment de vie par ses associations uniques de couleurs et textures. <\/p>\n<p>&nbsp;<\/p>\n","protected":false},"featured_media":34583,"template":"","meta":{"_uf_show_specific_survey":0,"_uf_disable_surveys":false},"product_brand":[],"product_cat":[1402,1390,1420,1441,1431,1433,1398],"product_tag":[],"class_list":{"0":"post-38575","1":"product","2":"type-product","3":"status-publish","4":"has-post-thumbnail","6":"product_cat-anniversaire","7":"product_cat-anniversaire-de-mariage","8":"product_cat-enorme","9":"product_cat-mariage","10":"product_cat-romantique","11":"product_cat-bouquets-de-roses","12":"product_cat-sur-mesure","15":"first","16":"instock","17":"taxable","18":"shipping-taxable","19":"purchasable","20":"product-type-simple"},"_links":{"self":[{"href":"https:\/\/manakinfleurs.com\/fr\/wp-json\/wp\/v2\/product\/38575","targetHints":{"allow":["GET"]}}],"collection":[{"href":"https:\/\/manakinfleurs.com\/fr\/wp-json\/wp\/v2\/product"}],"about":[{"href":"https:\/\/manakinfleurs.com\/fr\/wp-json\/wp\/v2\/types\/product"}],"wp:featuredmedia":[{"embeddable":true,"href":"https:\/\/manakinfleurs.com\/fr\/wp-json\/wp\/v2\/media\/34583"}],"wp:attachment":[{"href":"https:\/\/manakinfleurs.com\/fr\/wp-json\/wp\/v2\/media?parent=38575"}],"wp:term":[{"taxonomy":"product_brand","embeddable":true,"href":"https:\/\/manakinfleurs.com\/fr\/wp-json\/wp\/v2\/product_brand?post=38575"},{"taxonomy":"product_cat","embeddable":true,"href":"https:\/\/manakinfleurs.com\/fr\/wp-json\/wp\/v2\/product_cat?post=38575"},{"taxonomy":"product_tag","embeddable":true,"href":"https:\/\/manakinfleurs.com\/fr\/wp-json\/wp\/v2\/product_tag?post=38575"}],"curies":[{"name":"wp","href":"https:\/\/api.w.org\/{rel}","templated":true}]}}