{"id":38572,"date":"2021-10-19T12:34:11","date_gmt":"2021-10-19T11:34:11","guid":{"rendered":"https:\/\/manakinfleurs.com\/?post_type=product&#038;p=38572"},"modified":"2025-09-22T11:22:32","modified_gmt":"2025-09-22T10:22:32","slug":"playful-perfection-fuchsia-roses","status":"publish","type":"product","link":"https:\/\/manakinfleurs.com\/fr\/boutique\/playful-perfection-fuchsia-roses\/","title":{"rendered":"PLAYFUL PERFECTION"},"content":{"rendered":"<p>Faites confiance \u00e0 notre \u00e9quipe pour sublimer toutes vos envies florales : Manakin Fleurs et D\u00e9corations, votre fleuriste sur la C\u00f4te d\u2019Azur, assure la livraison m\u00eame pour les grandes commandes et selon vos besoins sp\u00e9cifiques.  <\/p>\n<p>Merci de noter que la disponibilit\u00e9 de nos fleurs d\u00e9pend des saisons et que la s\u00e9lection peut varier selon les arrivages au moment de votre achat. Le bouquet Playful Perfection, avec ses roses fuchsia, c\u00e9l\u00e8bre tous les moments de vie. Hortensias fuchsia, roses de jardin p\u00eache, lisianthus rose, lisianthus blanc, c\u00e9losie rose vif, delphiniums bleu ciel : une palette dynamique de textures et couleurs. Avec un soup\u00e7on d\u2019eucalyptus, ce bouquet offre gaiet\u00e9 et originalit\u00e9. Si la cr\u00e9ation exacte de votre bouquet de fleurs violet s\u2019av\u00e8re difficile ou impossible, nous vous contacterons rapidement pour convenir ensemble de la meilleure solution.<\/p>\n","protected":false},"excerpt":{"rendered":"<h2><span data-sheets-root=\"1\">D\u00e9claration florale audacieuse et vibrante avec des roses fuchsia<\/span><\/h2>\n<p><strong>Le bouquet Playful Perfection<\/strong>, avec ses <a href=\"https:\/\/manakinfleurs.com\/fr\/boutique\/?filter_flowers=tournesols&amp;filter_color=fuchsias\">roses fuchsia<\/a>, c\u00e9l\u00e8bre tous les moments de vie. <a href=\"https:\/\/manakinfleurs.com\/flower-shop\/?filter_color=fuchsia&amp;filter_flowers=hydrangea\">Hortensias fuchsia<\/a>, <a href=\"https:\/\/manakinfleurs.com\/fr\/boutique\/?filter_flowers=rose&amp;filter_color=corail\">roses de jardin p\u00eache<\/a>, <a href=\"https:\/\/manakinfleurs.com\/fr\/boutique\/?filter_flowers=eustoma&amp;filter_color=rose\">lisianthus rose<\/a> et <a href=\"https:\/\/manakinfleurs.com\/fr\/boutique\/?filter_flowers=eustoma&amp;filter_color=blanc\">blanc<\/a>, <strong>c\u00e9losie rose vif<\/strong>, <a href=\"https:\/\/manakinfleurs.com\/fr\/boutique\/?filter_flowers=dauphinelles&amp;filter_color=bleu\">delphiniums bleu ciel<\/a> : une palette dynamique de textures et couleurs. Avec une touche d\u2019eucalyptus, ce bouquet offre gaiet\u00e9 et originalit\u00e9.  <\/p>\n<p>Ses roses fuchsia audacieuses en font le choix parfait pour <a href=\"https:\/\/manakinfleurs.com\/fr\/categorie\/anniversaire\">anniversaires<\/a>, <a href=\"https:\/\/manakinfleurs.com\/fr\/categorie\/romantique\">gestes romantiques<\/a> ou <a href=\"https:\/\/manakinfleurs.com\/fr\/categorie\/anniversaire-de-mariage\">f\u00eates<\/a>. \u00c9gayez la journ\u00e9e d\u2019un proche avec ce bouquet unique, symbole d\u2019\u00e9nergie et de charme. <\/p>\n<p>&nbsp;<\/p>\n","protected":false},"featured_media":34625,"template":"","meta":{"_uf_show_specific_survey":0,"_uf_disable_surveys":false},"product_brand":[],"product_cat":[1402,1390,1408,1431,1433],"product_tag":[],"class_list":{"0":"post-38572","1":"product","2":"type-product","3":"status-publish","4":"has-post-thumbnail","6":"product_cat-anniversaire","7":"product_cat-anniversaire-de-mariage","8":"product_cat-champetre","9":"product_cat-romantique","10":"product_cat-bouquets-de-roses","13":"first","14":"instock","15":"taxable","16":"shipping-taxable","17":"purchasable","18":"product-type-simple"},"_links":{"self":[{"href":"https:\/\/manakinfleurs.com\/fr\/wp-json\/wp\/v2\/product\/38572","targetHints":{"allow":["GET"]}}],"collection":[{"href":"https:\/\/manakinfleurs.com\/fr\/wp-json\/wp\/v2\/product"}],"about":[{"href":"https:\/\/manakinfleurs.com\/fr\/wp-json\/wp\/v2\/types\/product"}],"wp:featuredmedia":[{"embeddable":true,"href":"https:\/\/manakinfleurs.com\/fr\/wp-json\/wp\/v2\/media\/34625"}],"wp:attachment":[{"href":"https:\/\/manakinfleurs.com\/fr\/wp-json\/wp\/v2\/media?parent=38572"}],"wp:term":[{"taxonomy":"product_brand","embeddable":true,"href":"https:\/\/manakinfleurs.com\/fr\/wp-json\/wp\/v2\/product_brand?post=38572"},{"taxonomy":"product_cat","embeddable":true,"href":"https:\/\/manakinfleurs.com\/fr\/wp-json\/wp\/v2\/product_cat?post=38572"},{"taxonomy":"product_tag","embeddable":true,"href":"https:\/\/manakinfleurs.com\/fr\/wp-json\/wp\/v2\/product_tag?post=38572"}],"curies":[{"name":"wp","href":"https:\/\/api.w.org\/{rel}","templated":true}]}}