{"id":38570,"date":"2023-02-16T12:16:34","date_gmt":"2023-02-16T11:16:34","guid":{"rendered":"https:\/\/manakinfleurs.com\/?post_type=product&#038;p=38570"},"modified":"2025-09-22T11:22:31","modified_gmt":"2025-09-22T10:22:31","slug":"free-spirit-vibrant-flower-bouquet","status":"publish","type":"product","link":"https:\/\/manakinfleurs.com\/fr\/boutique\/free-spirit-vibrant-flower-bouquet\/","title":{"rendered":"FREE SPIRIT"},"content":{"rendered":"<p>Votre bouquet \u00abFree Spirit\u00bb est pr\u00e9par\u00e9 avec soin par Manakin Fleurs et D\u00e9corations : livraison \u00e0 Saint-Tropez, Cannes, Nice, Monaco, Menton, toute la C\u00f4te d\u2019Azur. Pour toute commande importante, livraison possible sur demande sp\u00e9ciale. <\/p>\n<p>Merci de noter que la disponibilit\u00e9 de nos fleurs varie selon la saison et les approvisionnements au moment de la commande. Si une fleur manque, elle sera remplac\u00e9e par l\u2019alternative la plus proche pour pr\u00e9server l\u2019harmonie du bouquet. Si la cr\u00e9ation exacte n\u2019est pas possible, nous vous contacterons pour vous proposer la meilleure option de saison.  <\/p>\n<p>Diam\u00e8tre : 55 cm<\/p>\n","protected":false},"excerpt":{"rendered":"<h2><span data-sheets-root=\"1\">magnifique bouquet de fleurs<br \/>\n<\/span><\/h2>\n<p>Le magnifique bouquet de fleurs, \u00e9galement appel\u00e9 <strong>Free Spirit<\/strong>, est une \u0153uvre florale con\u00e7ue pour c\u00e9l\u00e9brer les moments heureux. M\u00e9lange champ\u00eatre et harmonieux : <a href=\"https:\/\/manakinfleurs.com\/fr\/boutique\/?filter_flowers=dauphinelles&amp;filter_color=bleu\">delphinium bleu<\/a>, <a href=\"https:\/\/manakinfleurs.com\/flower-shop\/?filter_color=coral&amp;filter_flowers=peonies\">pivoines corail<\/a>, <a href=\"https:\/\/manakinfleurs.com\/flower-shop\/?filter_color=violet&amp;filter_flowers=roses\">roses violettes<\/a>, <a href=\"https:\/\/manakinfleurs.com\/fr\/boutique\/?filter_flowers=eustoma&amp;filter_color=rose\">lisianthus roses<\/a>, <strong>limonium <\/strong> et <a href=\"https:\/\/manakinfleurs.com\/fr\/boutique\/?filter_color=vert\">feuillage frais<\/a>. Palette vive et color\u00e9e, pour <a href=\"https:\/\/manakinfleurs.com\/fr\/categorie\/anniversaire\">anniversaires<\/a>, <a href=\"https:\/\/manakinfleurs.com\/fr\/categorie\/anniversaire-de-mariage\">f\u00eates<\/a>, <a href=\"https:\/\/manakinfleurs.com\/fr\/categorie\/romantique\">moments romantiques<\/a>. 55 cm de diam\u00e8tre : la nature dans toute sa splendeur, r\u00e9alis\u00e9e avec soin, pour mettre de la joie dans chaque \u00e9v\u00e9nement.   <\/p>\n<p><strong>Pourquoi choisir un magnifique bouquet de fleurs ?<\/strong><br \/>\nParfait pour offrir lors d\u2019un <a href=\"https:\/\/manakinfleurs.com\/fr\/categorie\/anniversaire\">anniversaire<\/a>, d\u2019une <a href=\"https:\/\/manakinfleurs.com\/fr\/categorie\/anniversaire-de-mariage\">f\u00eate <\/a> ou en <a href=\"https:\/\/manakinfleurs.com\/fr\/categorie\/romantique\">surprise romantique<\/a><br \/>\n; chaque bouquet est cr\u00e9\u00e9 avec des fleurs premium et des accents de fra\u00eecheur. <\/p>\n<p>Vibe champ\u00eatre et festive : \u00e9l\u00e9gance et joie garanties pour toutes les occasions.<\/p>\n<p>&nbsp;<\/p>\n","protected":false},"featured_media":35235,"template":"","meta":{"_uf_show_specific_survey":0,"_uf_disable_surveys":false},"product_brand":[],"product_cat":[1402,1390,1408,1429,1431,1433],"product_tag":[],"class_list":{"0":"post-38570","1":"product","2":"type-product","3":"status-publish","4":"has-post-thumbnail","6":"product_cat-anniversaire","7":"product_cat-anniversaire-de-mariage","8":"product_cat-champetre","9":"product_cat-pivoines","10":"product_cat-romantique","11":"product_cat-bouquets-de-roses","14":"first","15":"instock","16":"taxable","17":"shipping-taxable","18":"purchasable","19":"product-type-simple"},"_links":{"self":[{"href":"https:\/\/manakinfleurs.com\/fr\/wp-json\/wp\/v2\/product\/38570","targetHints":{"allow":["GET"]}}],"collection":[{"href":"https:\/\/manakinfleurs.com\/fr\/wp-json\/wp\/v2\/product"}],"about":[{"href":"https:\/\/manakinfleurs.com\/fr\/wp-json\/wp\/v2\/types\/product"}],"wp:featuredmedia":[{"embeddable":true,"href":"https:\/\/manakinfleurs.com\/fr\/wp-json\/wp\/v2\/media\/35235"}],"wp:attachment":[{"href":"https:\/\/manakinfleurs.com\/fr\/wp-json\/wp\/v2\/media?parent=38570"}],"wp:term":[{"taxonomy":"product_brand","embeddable":true,"href":"https:\/\/manakinfleurs.com\/fr\/wp-json\/wp\/v2\/product_brand?post=38570"},{"taxonomy":"product_cat","embeddable":true,"href":"https:\/\/manakinfleurs.com\/fr\/wp-json\/wp\/v2\/product_cat?post=38570"},{"taxonomy":"product_tag","embeddable":true,"href":"https:\/\/manakinfleurs.com\/fr\/wp-json\/wp\/v2\/product_tag?post=38570"}],"curies":[{"name":"wp","href":"https:\/\/api.w.org\/{rel}","templated":true}]}}