{"id":38562,"date":"2023-02-16T12:18:49","date_gmt":"2023-02-16T11:18:49","guid":{"rendered":"https:\/\/manakinfleurs.com\/?post_type=product&#038;p=38562"},"modified":"2025-09-22T11:22:30","modified_gmt":"2025-09-22T10:22:30","slug":"south-spring-colorful-spring-flowers","status":"publish","type":"product","link":"https:\/\/manakinfleurs.com\/fr\/boutique\/south-spring-colorful-spring-flowers\/","title":{"rendered":"SOUTH SPRING"},"content":{"rendered":"<p>Avec un diam\u00e8tre de 40 cm, ce bouquet de fleurs de printemps color\u00e9es incarne l\u2019\u00e9quilibre parfait entre beaut\u00e9 et fra\u00eecheur. Commandez ce bouquet exceptionnel chez Manakin Fleurs et D\u00e9corations, votre <strong>fleuriste de confiance<\/strong> sur la C\u00f4te d\u2019Azur : pour les grandes occasions ou les f\u00eates de saison, la livraison peut \u00e9galement \u00eatre \u00e9tendue selon besoins.  <\/p>\n<p>Le bouquet South Spring est la d\u00e9finition m\u00eame des fleurs de printemps color\u00e9es, pens\u00e9 pour enchanter chaque \u00e9v\u00e9nement. M\u00e9lange rustique et artistique : limonium violet, renoncules jaunes, roses rose p\u00e2le, tulipes roses, delphinium bleu clair, feuillage vert luxuriant.  <\/p>\n<p>Diam\u00e8tre 40 cm<\/p>\n","protected":false},"excerpt":{"rendered":"<h2><span data-sheets-root=\"1\">fleurs de printemps color\u00e9es<br \/>\n<\/span><\/h2>\n<p>Le bouquet <strong>South Spring<\/strong> est le symbole des fleurs de printemps color\u00e9es, con\u00e7u pour apporter une touche vibrante \u00e0 chaque occasion. Cette composition florale allie le charme champ\u00eatre \u00e0 un m\u00e9lange artistique de fleurs multicolores. Au programme :  <\/p>\n<ul>\n<li>Le bouquet <strong>South Spring<\/strong> est le symbole des <strong>fleurs de printemps color\u00e9es<\/strong>, con\u00e7u pour apporter une touche vibrante \u00e0 chaque occasion. Cette composition florale allie le charme champ\u00eatre \u00e0 un m\u00e9lange artistique de fleurs multicolores. Au programme :\n<ul>\n<li><strong>Limonium violet<\/strong> pour une touche de d\u00e9licatesse,<\/li>\n<li><a href=\"https:\/\/manakinfleurs.com\/fr\/boutique\/?filter_flowers=renoncules&amp;filter_color=jaune\"><strong>Renoncules jaunes<\/strong><\/a> pour la luminosit\u00e9,<\/li>\n<li><a href=\"https:\/\/manakinfleurs.com\/fr\/boutique\/?filter_flowers=rose&amp;filter_color=rose\"><strong>Roses rose p\u00e2le<\/strong><\/a> pour l\u2019\u00e9l\u00e9gance,<\/li>\n<li><a href=\"https:\/\/manakinfleurs.com\/flower-shop\/?filter_color=pink&amp;filter_flowers=tulips\"><strong>Tulipes roses<\/strong><\/a> pour une note romantique,<\/li>\n<li><a href=\"https:\/\/manakinfleurs.com\/flower-shop\/?filter_color=blue&amp;filter_flowers=delphinium\"><strong>Delphinium bleu<\/strong><\/a> clair pour un souffle de fra\u00eecheur,<\/li>\n<li><a href=\"https:\/\/manakinfleurs.com\/fr\/boutique\/?filter_color=vert\"><strong>Feuillage vert luxuriant<\/strong><\/a> pour \u00e9quilibrer la palette.<\/li>\n<\/ul>\n<p>Gr\u00e2ce \u00e0 une s\u00e9lection soign\u00e9e de fleurs fra\u00eeches, le bouquet South Spring est parfait pour <a href=\"https:\/\/manakinfleurs.com\/fr\/categorie\/anniversaire\">les anniversaires<\/a>, <a href=\"https:\/\/manakinfleurs.com\/fr\/categorie\/romantique\"> les f\u00eates romantiques <\/a> ou simplement pour offrir de la joie. Ses couleurs harmonieuses et son design champ\u00eatre en font un cadeau floral inoubliable. <\/li>\n<\/ul>\n<p>&nbsp;<\/p>\n","protected":false},"featured_media":35237,"template":"","meta":{"_uf_show_specific_survey":0,"_uf_disable_surveys":false},"product_brand":[1447],"product_cat":[1402,1408,1431,1433,1455],"product_tag":[],"class_list":{"0":"post-38562","1":"product","2":"type-product","3":"status-publish","4":"has-post-thumbnail","6":"product_brand-manakin-fleurs","7":"product_cat-anniversaire","8":"product_cat-champetre","9":"product_cat-romantique","10":"product_cat-bouquets-de-roses","11":"product_cat-tulipes","14":"first","15":"instock","16":"taxable","17":"shipping-taxable","18":"purchasable","19":"product-type-simple"},"_links":{"self":[{"href":"https:\/\/manakinfleurs.com\/fr\/wp-json\/wp\/v2\/product\/38562","targetHints":{"allow":["GET"]}}],"collection":[{"href":"https:\/\/manakinfleurs.com\/fr\/wp-json\/wp\/v2\/product"}],"about":[{"href":"https:\/\/manakinfleurs.com\/fr\/wp-json\/wp\/v2\/types\/product"}],"wp:featuredmedia":[{"embeddable":true,"href":"https:\/\/manakinfleurs.com\/fr\/wp-json\/wp\/v2\/media\/35237"}],"wp:attachment":[{"href":"https:\/\/manakinfleurs.com\/fr\/wp-json\/wp\/v2\/media?parent=38562"}],"wp:term":[{"taxonomy":"product_brand","embeddable":true,"href":"https:\/\/manakinfleurs.com\/fr\/wp-json\/wp\/v2\/product_brand?post=38562"},{"taxonomy":"product_cat","embeddable":true,"href":"https:\/\/manakinfleurs.com\/fr\/wp-json\/wp\/v2\/product_cat?post=38562"},{"taxonomy":"product_tag","embeddable":true,"href":"https:\/\/manakinfleurs.com\/fr\/wp-json\/wp\/v2\/product_tag?post=38562"}],"curies":[{"name":"wp","href":"https:\/\/api.w.org\/{rel}","templated":true}]}}