{"id":38561,"date":"2023-02-16T12:23:44","date_gmt":"2023-02-16T11:23:44","guid":{"rendered":"https:\/\/manakinfleurs.com\/?post_type=product&#038;p=38561"},"modified":"2025-09-22T11:22:29","modified_gmt":"2025-09-22T10:22:29","slug":"lollipop-luxury-birthday-bouquet","status":"publish","type":"product","link":"https:\/\/manakinfleurs.com\/fr\/boutique\/lollipop-luxury-birthday-bouquet\/","title":{"rendered":"LOLLIPOP"},"content":{"rendered":"<h3>Pourquoi choisir le bouquet anniversaire LOLLIPOP ?<\/h3>\n<p>\ud83c\udf38 <strong>Fleurs de qualit\u00e9 premium<\/strong> : s\u00e9lection soign\u00e9e des plus belles roses. \ud83c\udf38<br \/>\n\ud83c\udf38 <strong>Savoir-faire artisanal<\/strong> : chaque bouquet est r\u00e9alis\u00e9 \u00e0 la main par nos fleuristes, jusque dans les moindres d\u00e9tails.<br \/>\n\ud83c\udf38 <strong>Design polyvalent<\/strong> : id\u00e9al pour anniversaire, f\u00eate ou d\u00e9claration d\u2019amour.<br \/>\n\ud83c\udf38 <strong>Livraison exclusive<\/strong> : Nice, Monaco, Cannes, Antibes, Saint-Tropez, Sud de la France.<\/p>\n<p>Merci de noter que la disponibilit\u00e9 de nos fleurs varie selon la saison et les approvisionnements au moment de la commande. Si une fleur manque, elle sera remplac\u00e9e par l\u2019alternative la plus proche pour pr\u00e9server l\u2019harmonie du bouquet. Si la cr\u00e9ation exacte n\u2019est pas possible, nous vous contacterons pour vous proposer la meilleure option de saison.  <\/p>\n<p>Diam\u00e8tre : 50 cm<\/p>\n","protected":false},"excerpt":{"rendered":"<h2>C\u00e9l\u00e9brez avec \u00e9l\u00e9gance gr\u00e2ce \u00e0 un magnifique bouquet de fleurs anniversaire<\/h2>\n<p>Laissez-vous s\u00e9duire par la beaut\u00e9 du bouquet anniversaire <strong>LOLLIPOP<\/strong>, \u0153uvre florale signature de <a href=\"https:\/\/manakinfleurs.com\/fr\">Manakin Fleurs<\/a>. <a href=\"https:\/\/manakinfleurs.com\/flower-shop\/?filter_color=purple&amp;filter_flowers=roses\"><strong>Roses violettes<\/strong><\/a>, <a href=\"https:\/\/manakinfleurs.com\/fr\/boutique\/?filter_flowers=rose&amp;filter_color=rose\"><strong>roses O\u2019Hara<\/strong><\/a> et <a href=\"https:\/\/manakinfleurs.com\/fr\/boutique\/?filter_flowers=rose&amp;filter_color=blanc\"><strong>roses blanches<\/strong><\/a> s\u2019associent pour une composition raffin\u00e9e et enchanteresse. <\/p>\n<p>Dot\u00e9 d\u2019un m\u00e9lange harmonieux de fleurs compl\u00e9mentaires et d\u2019un diam\u00e8tre impressionnant de <strong>50 cm<\/strong>, ce <a href=\"https:\/\/manakinfleurs.com\/fr\/categorie\/anniversaire\">bouquet anniversaire<\/a> capte l\u2019essence du raffinement. Il illuminera chaque occasion, de <a href=\"https:\/\/manakinfleurs.com\/fr\/categorie\/anniversaire-de-mariage\">l\u2019anniversaire <\/a> \u00e0 la <a href=\"https:\/\/manakinfleurs.com\/fr\/categorie\/romantique\">d\u00e9claration romantique<\/a>. <\/p>\n<p>Que ce soit pour marquer une \u00e9tape importante ou sublimer une journ\u00e9e sp\u00e9ciale, le <strong>bouquet LOLLIPOP<\/strong> est le choix id\u00e9al.<\/p>\n","protected":false},"featured_media":35241,"template":"","meta":{"_uf_show_specific_survey":0,"_uf_disable_surveys":false},"product_brand":[],"product_cat":[1402,1390,1431,1433,1398],"product_tag":[],"class_list":{"0":"post-38561","1":"product","2":"type-product","3":"status-publish","4":"has-post-thumbnail","6":"product_cat-anniversaire","7":"product_cat-anniversaire-de-mariage","8":"product_cat-romantique","9":"product_cat-bouquets-de-roses","10":"product_cat-sur-mesure","13":"first","14":"instock","15":"taxable","16":"shipping-taxable","17":"purchasable","18":"product-type-simple"},"_links":{"self":[{"href":"https:\/\/manakinfleurs.com\/fr\/wp-json\/wp\/v2\/product\/38561","targetHints":{"allow":["GET"]}}],"collection":[{"href":"https:\/\/manakinfleurs.com\/fr\/wp-json\/wp\/v2\/product"}],"about":[{"href":"https:\/\/manakinfleurs.com\/fr\/wp-json\/wp\/v2\/types\/product"}],"wp:featuredmedia":[{"embeddable":true,"href":"https:\/\/manakinfleurs.com\/fr\/wp-json\/wp\/v2\/media\/35241"}],"wp:attachment":[{"href":"https:\/\/manakinfleurs.com\/fr\/wp-json\/wp\/v2\/media?parent=38561"}],"wp:term":[{"taxonomy":"product_brand","embeddable":true,"href":"https:\/\/manakinfleurs.com\/fr\/wp-json\/wp\/v2\/product_brand?post=38561"},{"taxonomy":"product_cat","embeddable":true,"href":"https:\/\/manakinfleurs.com\/fr\/wp-json\/wp\/v2\/product_cat?post=38561"},{"taxonomy":"product_tag","embeddable":true,"href":"https:\/\/manakinfleurs.com\/fr\/wp-json\/wp\/v2\/product_tag?post=38561"}],"curies":[{"name":"wp","href":"https:\/\/api.w.org\/{rel}","templated":true}]}}