{"id":38559,"date":"2023-02-16T12:27:52","date_gmt":"2023-02-16T11:27:52","guid":{"rendered":"https:\/\/manakinfleurs.com\/?post_type=product&#038;p=38559"},"modified":"2025-09-22T11:22:29","modified_gmt":"2025-09-22T10:22:29","slug":"provence-wild-anniversary-flowers","status":"publish","type":"product","link":"https:\/\/manakinfleurs.com\/fr\/boutique\/provence-wild-anniversary-flowers\/","title":{"rendered":"PROVENCE WILD"},"content":{"rendered":"<p>Alors, si vous voulez marquer vraiment le coup, le bouquet Provence Wild est le cadeau parfait. C\u2019est comme offrir un coin de jardin magique fa\u00e7on bouquet pour anniversaire de mariage : de la g\u00e9n\u00e9rosit\u00e9 et du romantisme dans chaque composition. <\/p>\n<p>Merci de noter que la disponibilit\u00e9 de nos fleurs d\u00e9pend des saisons et que la s\u00e9lection peut varier selon les arrivages. Si certaines vari\u00e9t\u00e9s sont indisponibles, nous les remplacerons par l\u2019alternative la plus proche pour pr\u00e9server l\u2019esth\u00e9tique de votre anthurium vert. Si la cr\u00e9ation de votre bouquet s\u2019av\u00e8re impossible, nous vous contacterons rapidement pour convenir d\u2019une solution.  <\/p>\n<p>Diam\u00e8tre du bouquet : 1 m<\/p>\n","protected":false},"excerpt":{"rendered":"<h2><span data-sheets-root=\"1\">Un bouquet \u00e9poustouflant de fleurs pour anniversaire de mariage<\/span><\/h2>\n<p>Le bouquet <strong>Provence Wild<\/strong> incarne <a href=\"https:\/\/manakinfleurs.com\/fr\/categorie\/luxe\">le luxe<\/a> et <a href=\"https:\/\/manakinfleurs.com\/fr\/categorie\/romantique\">la romance<\/a>, id\u00e9al comme fleurs pour <a href=\"https:\/\/manakinfleurs.com\/fr\/categorie\/anniversaire-de-mariage\">anniversaire de mariage<\/a>. Avec un diam\u00e8tre d\u20191 m, il r\u00e9unit <a href=\"https:\/\/manakinfleurs.com\/fr\/boutique\/?filter_flowers=pivoines&amp;filter_color=rose\">pivoines roses,<\/a> <a href=\"https:\/\/manakinfleurs.com\/fr\/boutique\/?filter_flowers=dauphinelles&amp;filter_color=pourpre\">delphiniums violets<\/a>, <a href=\"https:\/\/manakinfleurs.com\/fr\/boutique\/?filter_flowers=pivoines&amp;filter_color=blanc\">pivoines blanches\u2018Mother\u2019s Choice\u2019<\/a>, <a href=\"https:\/\/manakinfleurs.com\/fr\/boutique\/?filter_flowers=hortensia&amp;filter_color=bleu\">hortensias bleus<\/a>, <a href=\"https:\/\/manakinfleurs.com\/fr\/boutique\/?filter_flowers=tournesols&amp;filter_color=fuchsias\">roses fuchsia<\/a> et <strong>c\u00e9losie<\/strong>. Les subtiles nuances de bleu, rose doux et framboise en font un \u00e9quilibre raffin\u00e9 et sauvage.  <\/p>\n<p>Id\u00e9al pour c\u00e9l\u00e9brer l\u2019amour, ce bouquet apporte une touche de beaut\u00e9 naturelle \u00e0 votre journ\u00e9e sp\u00e9ciale. Chaque fleur est soigneusement s\u00e9lectionn\u00e9e pour offrir fra\u00eecheur et qualit\u00e9, pour un cadeau inoubliable qui parle de passion et de d\u00e9vouement. <\/p>\n","protected":false},"featured_media":35245,"template":"","meta":{"_uf_show_specific_survey":0,"_uf_disable_surveys":false},"product_brand":[],"product_cat":[1398,1390,1420,1418,1429,1433],"product_tag":[],"class_list":{"0":"post-38559","1":"product","2":"type-product","3":"status-publish","4":"has-post-thumbnail","6":"product_cat-sur-mesure","7":"product_cat-anniversaire-de-mariage","8":"product_cat-enorme","9":"product_cat-luxe","10":"product_cat-pivoines","11":"product_cat-bouquets-de-roses","14":"first","15":"instock","16":"taxable","17":"shipping-taxable","18":"purchasable","19":"product-type-simple"},"_links":{"self":[{"href":"https:\/\/manakinfleurs.com\/fr\/wp-json\/wp\/v2\/product\/38559","targetHints":{"allow":["GET"]}}],"collection":[{"href":"https:\/\/manakinfleurs.com\/fr\/wp-json\/wp\/v2\/product"}],"about":[{"href":"https:\/\/manakinfleurs.com\/fr\/wp-json\/wp\/v2\/types\/product"}],"wp:featuredmedia":[{"embeddable":true,"href":"https:\/\/manakinfleurs.com\/fr\/wp-json\/wp\/v2\/media\/35245"}],"wp:attachment":[{"href":"https:\/\/manakinfleurs.com\/fr\/wp-json\/wp\/v2\/media?parent=38559"}],"wp:term":[{"taxonomy":"product_brand","embeddable":true,"href":"https:\/\/manakinfleurs.com\/fr\/wp-json\/wp\/v2\/product_brand?post=38559"},{"taxonomy":"product_cat","embeddable":true,"href":"https:\/\/manakinfleurs.com\/fr\/wp-json\/wp\/v2\/product_cat?post=38559"},{"taxonomy":"product_tag","embeddable":true,"href":"https:\/\/manakinfleurs.com\/fr\/wp-json\/wp\/v2\/product_tag?post=38559"}],"curies":[{"name":"wp","href":"https:\/\/api.w.org\/{rel}","templated":true}]}}