{"id":38553,"date":"2023-02-22T14:30:44","date_gmt":"2023-02-22T13:30:44","guid":{"rendered":"https:\/\/manakinfleurs.com\/?post_type=product&#038;p=38553"},"modified":"2025-09-22T11:21:15","modified_gmt":"2025-09-22T10:21:15","slug":"vibrant-rhapsody-birthday-flowers","status":"publish","type":"product","link":"https:\/\/manakinfleurs.com\/fr\/boutique\/vibrant-rhapsody-birthday-flowers\/","title":{"rendered":"VIBRANT RHAPSODY"},"content":{"rendered":"<p>Commandez le bouquet \u00abVibrant Rhapsody\u00bb chez Manakin Fleurs et D\u00e9corations, votre fleuriste de confiance livrant dans toute la r\u00e9gion enchant\u00e9e de Saint-Tropez.<\/p>\n<p>Veuillez noter que notre offre florale d\u00e9pend des saisons et de la disponibilit\u00e9 au moment de la commande. Si une vari\u00e9t\u00e9 n\u2019est pas disponible, elle sera remplac\u00e9e par la meilleure alternative possible pour pr\u00e9server l\u2019aspect du bouquet. Si la cr\u00e9ation exacte n\u2019est pas r\u00e9alisable, nous vous contacterons rapidement pour d\u00e9finir ensemble la solution id\u00e9ale.  <\/p>\n<p>Diam\u00e8tre 60\u201365 cm<\/p>\n","protected":false},"excerpt":{"rendered":"<h2><span data-sheets-root=\"1\">Fleurs \u00e9l\u00e9gantes pour anniversaires : Bouquet Vibrant Rhapsody<\/span><\/h2>\n<p><span data-sheets-root=\"1\">Le bouquet <strong>Vibrant Rhapsody<\/strong> est le choix ultime pour offrir des fleurs \u00e9l\u00e9gantes pour anniversaire. D\u2019un diam\u00e8tre de 60 \u00e0 65 cm, il marie <a href=\"https:\/\/manakinfleurs.com\/fr\/boutique\/?filter_flowers=rose&amp;filter_color=rose\">roses roses,<\/a> <a href=\"https:\/\/manakinfleurs.com\/fr\/boutique\/?filter_flowers=rose&amp;filter_color=blanc\">roses blanches<\/a>, <a href=\"https:\/\/manakinfleurs.com\/flower-shop\/?filter_color=burgundy&amp;filter_flowers=roses\">roses bordeaux<\/a>, <strong>c\u00e9losie<\/strong>, <strong>mufliers <\/strong> et <strong>touche d\u2019olive<\/strong> pour une sophistication romantique.   <\/span><\/p>\n<p><span data-sheets-root=\"1\">Sa palette de couleurs raffin\u00e9e (bordeaux intense, rose poudr\u00e9, blanc pur) apporte chaleur et \u00e9l\u00e9gance \u00e0 toute <a href=\"https:\/\/manakinfleurs.com\/fr\/categorie\/anniversaire\">f\u00eate d\u2019anniversaire<\/a>, <a href=\"https:\/\/manakinfleurs.com\/fr\/categorie\/anniversaire-de-mariage\">anniversaire de mariage<\/a> ou <a href=\"https:\/\/manakinfleurs.com\/fr\/categorie\/romantique\">c\u00e9l\u00e9bration romantique<\/a>. Son charme champ\u00eatre et <a href=\"https:\/\/manakinfleurs.com\/fr\/categorie\/luxe\">luxueux <\/a> \u00e9merveillera \u00e0 coup s\u00fbr le destinataire. <\/span><\/p>\n<p>&nbsp;<\/p>\n","protected":false},"featured_media":35263,"template":"","meta":{"_uf_show_specific_survey":0,"_uf_disable_surveys":false},"product_brand":[],"product_cat":[1402,1408,1431,1433],"product_tag":[],"class_list":{"0":"post-38553","1":"product","2":"type-product","3":"status-publish","4":"has-post-thumbnail","6":"product_cat-anniversaire","7":"product_cat-champetre","8":"product_cat-romantique","9":"product_cat-bouquets-de-roses","12":"first","13":"instock","14":"taxable","15":"shipping-taxable","16":"purchasable","17":"product-type-simple"},"_links":{"self":[{"href":"https:\/\/manakinfleurs.com\/fr\/wp-json\/wp\/v2\/product\/38553","targetHints":{"allow":["GET"]}}],"collection":[{"href":"https:\/\/manakinfleurs.com\/fr\/wp-json\/wp\/v2\/product"}],"about":[{"href":"https:\/\/manakinfleurs.com\/fr\/wp-json\/wp\/v2\/types\/product"}],"wp:featuredmedia":[{"embeddable":true,"href":"https:\/\/manakinfleurs.com\/fr\/wp-json\/wp\/v2\/media\/35263"}],"wp:attachment":[{"href":"https:\/\/manakinfleurs.com\/fr\/wp-json\/wp\/v2\/media?parent=38553"}],"wp:term":[{"taxonomy":"product_brand","embeddable":true,"href":"https:\/\/manakinfleurs.com\/fr\/wp-json\/wp\/v2\/product_brand?post=38553"},{"taxonomy":"product_cat","embeddable":true,"href":"https:\/\/manakinfleurs.com\/fr\/wp-json\/wp\/v2\/product_cat?post=38553"},{"taxonomy":"product_tag","embeddable":true,"href":"https:\/\/manakinfleurs.com\/fr\/wp-json\/wp\/v2\/product_tag?post=38553"}],"curies":[{"name":"wp","href":"https:\/\/api.w.org\/{rel}","templated":true}]}}