{"id":38550,"date":"2023-02-22T14:42:27","date_gmt":"2023-02-22T13:42:27","guid":{"rendered":"https:\/\/manakinfleurs.com\/?post_type=product&#038;p=38550"},"modified":"2025-09-22T11:22:26","modified_gmt":"2025-09-22T10:22:26","slug":"carmen-luxury-purple-bouquet","status":"publish","type":"product","link":"https:\/\/manakinfleurs.com\/fr\/boutique\/carmen-luxury-purple-bouquet\/","title":{"rendered":"CARMEN"},"content":{"rendered":"<p>Imaginez l\u2019\u00e9clat du rose framboise, du violet profond et du fuchsia entrelac\u00e9s dans un bouquet violet de luxe. Chaque fleur \u2014 de l\u2019hortensia d\u00e9licat \u00e0 la pivoine bourgogne \u2014 est soigneusement s\u00e9lectionn\u00e9e pour sa qualit\u00e9, assurant un effet visuel spectaculaire. <\/p>\n<p>Merci de noter que la disponibilit\u00e9 de nos fleurs est soumise \u00e0 la saisonnalit\u00e9 ; la s\u00e9lection pour votre bouquet de fleurs violet peut varier selon les arrivages. Si une fleur pr\u00e9cise manque, nous la remplacerons par une alternative la plus proche, pour pr\u00e9server l\u2019esth\u00e9tique de votre bouquet de fleurs violet. Si la cr\u00e9ation exacte de votre bouquet de fleurs violet s\u2019av\u00e8re difficile ou impossible, nous vous contacterons rapidement pour convenir ensemble de la meilleure solution.<\/p>\n<p>Diam\u00e8tre 70-80 cm<\/p>\n","protected":false},"excerpt":{"rendered":"<h2><span data-sheets-root=\"1\">Bouquet violet de luxe : affirmation \u00e9l\u00e9gante et audacieuse<\/span><\/h2>\n<p>Ce bouquet violet de luxe, aussi appel\u00e9 <strong>Carmen<\/strong>, est un chef-d\u2019\u0153uvre floral associant de riches tons violets, <a href=\"https:\/\/manakinfleurs.com\/flower-shop\/?filter_color=purple\">roses <\/a> et <a href=\"https:\/\/manakinfleurs.com\/fr\/boutique\/?filter_color=rose\">bordeaux<\/a>. <a href=\"https:\/\/manakinfleurs.com\/flower-shop\/?filter_color=burgundy\"><\/a><a href=\"https:\/\/manakinfleurs.com\/fr\/boutique\/?filter_flowers=hortensia&amp;filter_color=rose\">Hortensias roses<\/a> et <a href=\"https:\/\/manakinfleurs.com\/flower-shop\/?filter_color=purple&amp;filter_flowers=hydrangea\">violets<\/a>, <a href=\"https:\/\/manakinfleurs.com\/fr\/boutique\/?filter_flowers=tournesols&amp;filter_color=fuchsias\">roses fuchsia<\/a>, <a href=\"https:\/\/manakinfleurs.com\/flower-shop\/?filter_color=purple&amp;filter_flowers=lisianthus\"><strong>lisianthus mauves<\/strong><\/a>, <a href=\"https:\/\/manakinfleurs.com\/flower-shop\/?filter_color=burgundy&amp;filter_flowers=dahlia\">dahlias bourgogne<\/a> : ce bouquet (diam\u00e8tre 70-80 cm) se d\u00e9marque lors de vos <a href=\"https:\/\/manakinfleurs.com\/fr\/categorie\/felicitations\">grands \u00e9v\u00e9nements<\/a>, <a href=\"https:\/\/manakinfleurs.com\/fr\/categorie\/anniversaire\">anniversaires<\/a> et <a href=\"https:\/\/manakinfleurs.com\/fr\/categorie\/anniversaire-de-mariage\">f\u00eates<\/a>. Artisanat de <a href=\"https:\/\/manakinfleurs.com\/fr\/categorie\/luxe\">luxe <\/a> et sophistication pour un r\u00e9sultat spectaculaire.   <\/p>\n","protected":false},"featured_media":35269,"template":"","meta":{"_uf_show_specific_survey":0,"_uf_disable_surveys":false},"product_brand":[],"product_cat":[1402,1390,1433,1398],"product_tag":[],"class_list":{"0":"post-38550","1":"product","2":"type-product","3":"status-publish","4":"has-post-thumbnail","6":"product_cat-anniversaire","7":"product_cat-anniversaire-de-mariage","8":"product_cat-bouquets-de-roses","9":"product_cat-sur-mesure","12":"first","13":"instock","14":"taxable","15":"shipping-taxable","16":"purchasable","17":"product-type-simple"},"_links":{"self":[{"href":"https:\/\/manakinfleurs.com\/fr\/wp-json\/wp\/v2\/product\/38550","targetHints":{"allow":["GET"]}}],"collection":[{"href":"https:\/\/manakinfleurs.com\/fr\/wp-json\/wp\/v2\/product"}],"about":[{"href":"https:\/\/manakinfleurs.com\/fr\/wp-json\/wp\/v2\/types\/product"}],"wp:featuredmedia":[{"embeddable":true,"href":"https:\/\/manakinfleurs.com\/fr\/wp-json\/wp\/v2\/media\/35269"}],"wp:attachment":[{"href":"https:\/\/manakinfleurs.com\/fr\/wp-json\/wp\/v2\/media?parent=38550"}],"wp:term":[{"taxonomy":"product_brand","embeddable":true,"href":"https:\/\/manakinfleurs.com\/fr\/wp-json\/wp\/v2\/product_brand?post=38550"},{"taxonomy":"product_cat","embeddable":true,"href":"https:\/\/manakinfleurs.com\/fr\/wp-json\/wp\/v2\/product_cat?post=38550"},{"taxonomy":"product_tag","embeddable":true,"href":"https:\/\/manakinfleurs.com\/fr\/wp-json\/wp\/v2\/product_tag?post=38550"}],"curies":[{"name":"wp","href":"https:\/\/api.w.org\/{rel}","templated":true}]}}