{"id":38549,"date":"2023-02-22T14:48:20","date_gmt":"2023-02-22T13:48:20","guid":{"rendered":"https:\/\/manakinfleurs.com\/?post_type=product&#038;p=38549"},"modified":"2025-09-22T11:22:25","modified_gmt":"2025-09-22T10:22:25","slug":"midsummer-joy-delicate-pastel-flower","status":"publish","type":"product","link":"https:\/\/manakinfleurs.com\/fr\/boutique\/midsummer-joy-delicate-pastel-flower\/","title":{"rendered":"MIDSUMMER JOY"},"content":{"rendered":"<p>Confiez-nous votre exp\u00e9rience florale : Manakin Fleurs et D\u00e9corations est votre fleuriste pour toutes vos envies de bouquet de fleurs pastel. Livraison <strong>\u00e0 Saint-Tropez<\/strong>, <strong>Cannes<\/strong>, Juan-les-Pins, Antibes, Saint-Paul-de-Vence, <strong>Nice<\/strong>, Saint-Jean-Cap-Ferrat, \u00c8ze, <strong>Monaco<\/strong>, Menton, et sur toute la C\u00f4te d\u2019Azur.  <\/p>\n<p>Merci de noter que la disponibilit\u00e9 de nos fleurs d\u00e9pend des saisons et que la s\u00e9lection peut varier selon les arrivages. Si certaines vari\u00e9t\u00e9s sont indisponibles, nous les remplacerons par l\u2019alternative la plus proche pour pr\u00e9server l\u2019esth\u00e9tique de votre anthurium vert. Si la cr\u00e9ation de votre bouquet s\u2019av\u00e8re impossible, nous vous contacterons rapidement pour convenir d\u2019une solution.  <\/p>\n<p>Diam\u00e8tre 65 cm<\/p>\n","protected":false},"excerpt":{"rendered":"<p><strong><span data-sheets-root=\"1\">Bouquet de fleurs pastel d\u00e9licat : Midsummer Joy<\/span><\/strong><\/p>\n<p>Une composition ravissante <strong>d\u2019hortensias <\/strong> verts et roses, <strong>scabieuses <\/strong> violette claire, roses rose tendre, <strong>\u0153illets <\/strong> jaunes et <strong>mufliers <\/strong> roses. Ce bouquet adorable d\u2019un diam\u00e8tre de 65 cm est une cr\u00e9ation <strong> florale grande et luxueuse<\/strong>.. <\/p>\n<p>Laissez-vous s\u00e9duire par la beaut\u00e9 champ\u00eatre de ce bouquet de fleurs pastel, orn\u00e9 d\u2019un m\u00e9lange harmonieux de couleurs douces et \u00e9quilibr\u00e9es. Rien n\u2019est trop vif, tout est raffin\u00e9. Grand, a\u00e9rien, aux teintes \u00e9th\u00e9r\u00e9es comme dans un conte de f\u00e9es et domin\u00e9 par le rose tendre, il apporte une note po\u00e9tique \u00e0 chaque int\u00e9rieur.   <\/p>\n<p>&nbsp;<\/p>\n","protected":false},"featured_media":35277,"template":"","meta":{"_uf_show_specific_survey":0,"_uf_disable_surveys":false},"product_brand":[],"product_cat":[1402,1390,1408,1431,1433],"product_tag":[],"class_list":{"0":"post-38549","1":"product","2":"type-product","3":"status-publish","4":"has-post-thumbnail","6":"product_cat-anniversaire","7":"product_cat-anniversaire-de-mariage","8":"product_cat-champetre","9":"product_cat-romantique","10":"product_cat-bouquets-de-roses","13":"first","14":"instock","15":"taxable","16":"shipping-taxable","17":"purchasable","18":"product-type-simple"},"_links":{"self":[{"href":"https:\/\/manakinfleurs.com\/fr\/wp-json\/wp\/v2\/product\/38549","targetHints":{"allow":["GET"]}}],"collection":[{"href":"https:\/\/manakinfleurs.com\/fr\/wp-json\/wp\/v2\/product"}],"about":[{"href":"https:\/\/manakinfleurs.com\/fr\/wp-json\/wp\/v2\/types\/product"}],"wp:featuredmedia":[{"embeddable":true,"href":"https:\/\/manakinfleurs.com\/fr\/wp-json\/wp\/v2\/media\/35277"}],"wp:attachment":[{"href":"https:\/\/manakinfleurs.com\/fr\/wp-json\/wp\/v2\/media?parent=38549"}],"wp:term":[{"taxonomy":"product_brand","embeddable":true,"href":"https:\/\/manakinfleurs.com\/fr\/wp-json\/wp\/v2\/product_brand?post=38549"},{"taxonomy":"product_cat","embeddable":true,"href":"https:\/\/manakinfleurs.com\/fr\/wp-json\/wp\/v2\/product_cat?post=38549"},{"taxonomy":"product_tag","embeddable":true,"href":"https:\/\/manakinfleurs.com\/fr\/wp-json\/wp\/v2\/product_tag?post=38549"}],"curies":[{"name":"wp","href":"https:\/\/api.w.org\/{rel}","templated":true}]}}