{"id":38544,"date":"2023-02-22T14:52:57","date_gmt":"2023-02-22T13:52:57","guid":{"rendered":"https:\/\/manakinfleurs.com\/?post_type=product&#038;p=38544"},"modified":"2025-09-22T11:21:16","modified_gmt":"2025-09-22T10:21:16","slug":"lovely-june-a-sunflower-bouquet","status":"publish","type":"product","link":"https:\/\/manakinfleurs.com\/fr\/boutique\/lovely-june-a-sunflower-bouquet\/","title":{"rendered":"LOVELY JUNE"},"content":{"rendered":"<p>Le bouquet \u00ab<strong>Lovely June<\/strong>\u00bb est une magnifique repr\u00e9sentation des <strong>plus belles fleurs d\u2019\u00e9t\u00e9<\/strong>, offrant un <strong>bouquet de tournesols<\/strong> naturel et \u00e9clatant.<\/p>\n<p>Comptez sur <strong>Manakin Fleurs et D\u00e9corations<\/strong> pour les <strong>plus belles fleurs d\u2019\u00e9t\u00e9<\/strong> : nous cr\u00e9ons le bouquet id\u00e9al pour vous. Notre <strong>boutique de fleurs \u00e0 Nice<\/strong> assure la livraison \u00e0 <strong>Saint-Tropez, Cannes, Juan-les-Pins, Antibes, Saint-Paul-de-Vence, Nice, Saint-Jean-Cap-Ferrat, \u00c8ze, Monaco, Menton<\/strong> et sur toute la <strong>C\u00f4te d\u2019Azur<\/strong>. and more. <\/p>\n<p>Merci de noter que la disponibilit\u00e9 de nos fleurs varie selon la saison et les approvisionnements au moment de la commande. Si une fleur manque \u00e0 l\u2019appel, elle sera remplac\u00e9e par l\u2019alternative la plus proche pour garantir l\u2019\u00e9quilibre du bouquet. Si la cr\u00e9ation exacte n\u2019est pas r\u00e9alisable, vous serez contact\u00e9 pour convenir ensemble de la meilleure option de saison.  <\/p>\n<p>Diam\u00e8tre 40 cm<\/p>\n","protected":false},"excerpt":{"rendered":"<h2><span data-sheets-root=\"1\">Un bouquet de tournesols \u00e9l\u00e9gant pour chaque occasion<\/span><\/h2>\n<p><span data-sheets-root=\"1\">C\u00e9l\u00e9brez chaque moment avec le bouquet <strong>Lovely June<\/strong>, un bouquet de tournesols \u00e9l\u00e9gant qui associe <a href=\"https:\/\/manakinfleurs.com\/flower-shop\/?filter_flowers=sunflowers\">des tournesols jaune vif<\/a>, <a href=\"https:\/\/manakinfleurs.com\/flower-shop\/?filter_color=burgundy&amp;filter_flowers=hydrangea\"><strong>hortensia bordeaux, scabieuse violette<\/strong>, <\/a><a href=\"https:\/\/manakinfleurs.com\/flower-shop\/?filter_color=burgundy&amp;filter_flowers=hydrangea\">dahlia rose <\/a> et <strong>eucalyptus parfum\u00e9<\/strong>. Son design sauvage et harmonieux capte toute la beaut\u00e9 de l\u2019\u00e9t\u00e9 dans chaque d\u00e9tail.  <\/span><\/p>\n<p><span data-sheets-root=\"1\">Parfait pour <a href=\"https:\/\/manakinfleurs.com\/fr\/categorie\/anniversaire\">les anniversaires<\/a>, <a href=\"https:\/\/manakinfleurs.com\/fr\/categorie\/romantique\"><\/a><a href=\"https:\/\/manakinfleurs.com\/product-category\/corporate\/\">gestes romantiques ou \u00e9v\u00e9nements professionnels<\/a>, <strong>Lovely June<\/strong> est un bouquet de tournesols intemporel qui apporte charme et couleur \u00e0 tous les espaces.<\/span><\/p>\n","protected":false},"featured_media":35283,"template":"","meta":{"_uf_show_specific_survey":0,"_uf_disable_surveys":false},"product_brand":[],"product_cat":[1402,1437,1431],"product_tag":[],"class_list":{"0":"post-38544","1":"product","2":"type-product","3":"status-publish","4":"has-post-thumbnail","6":"product_cat-anniversaire","7":"product_cat-ete","8":"product_cat-romantique","11":"first","12":"instock","13":"taxable","14":"shipping-taxable","15":"purchasable","16":"product-type-simple"},"_links":{"self":[{"href":"https:\/\/manakinfleurs.com\/fr\/wp-json\/wp\/v2\/product\/38544","targetHints":{"allow":["GET"]}}],"collection":[{"href":"https:\/\/manakinfleurs.com\/fr\/wp-json\/wp\/v2\/product"}],"about":[{"href":"https:\/\/manakinfleurs.com\/fr\/wp-json\/wp\/v2\/types\/product"}],"wp:featuredmedia":[{"embeddable":true,"href":"https:\/\/manakinfleurs.com\/fr\/wp-json\/wp\/v2\/media\/35283"}],"wp:attachment":[{"href":"https:\/\/manakinfleurs.com\/fr\/wp-json\/wp\/v2\/media?parent=38544"}],"wp:term":[{"taxonomy":"product_brand","embeddable":true,"href":"https:\/\/manakinfleurs.com\/fr\/wp-json\/wp\/v2\/product_brand?post=38544"},{"taxonomy":"product_cat","embeddable":true,"href":"https:\/\/manakinfleurs.com\/fr\/wp-json\/wp\/v2\/product_cat?post=38544"},{"taxonomy":"product_tag","embeddable":true,"href":"https:\/\/manakinfleurs.com\/fr\/wp-json\/wp\/v2\/product_tag?post=38544"}],"curies":[{"name":"wp","href":"https:\/\/api.w.org\/{rel}","templated":true}]}}