{"id":38538,"date":"2023-02-22T20:26:17","date_gmt":"2023-02-22T19:26:17","guid":{"rendered":"https:\/\/manakinfleurs.com\/?post_type=product&#038;p=38538"},"modified":"2025-09-22T11:22:23","modified_gmt":"2025-09-22T10:22:23","slug":"pinky-crush-elegant-pink-bouquet","status":"publish","type":"product","link":"https:\/\/manakinfleurs.com\/fr\/boutique\/pinky-crush-elegant-pink-bouquet\/","title":{"rendered":"PINKY CRUSH"},"content":{"rendered":"<p>Le bouquet \u00ab<strong>Pinky Crush<\/strong>\u00bb incarne \u00e0 <strong>merveille l\u2019\u00e9l\u00e9gance estivale<\/strong> des plus belles fleurs, minutieusement assembl\u00e9es par <strong>nos fleuristes<\/strong> pour <strong>une composition parfum\u00e9e et \u00e9blouissante<\/strong>..<\/p>\n<p>Pour <strong>une livraison de fleurs \u00e0 Nice<\/strong> ou sur la C\u00f4te d\u2019Azur, faites confiance \u00e0 Manakin Fleurs et D\u00e9corations pour un bouquet parfait. Livraison \u00e0 Saint-Tropez, Cannes, Juan-les-Pins, Antibes, Saint-Paul-de-Vence, Nice, Saint-Jean-Cap-Ferrat, \u00c8ze, Monaco, Menton et bien plus. Contactez-nous au +33 78 66 00 498 ou +33 64 74 41 358 pour commander le bouquet Pinky Crush et envoyer des <strong>bouquets de fleurs roses<\/strong> d\u2019exception \u00e0 vos proches.  <\/p>\n<p>Merci de noter que la disponibilit\u00e9 de nos fleurs d\u00e9pend des saisons et que la s\u00e9lection peut varier selon les arrivages. Si certaines vari\u00e9t\u00e9s sont indisponibles, nous les remplacerons par l\u2019alternative la plus proche pour pr\u00e9server l\u2019esth\u00e9tique de votre anthurium vert. Si la cr\u00e9ation de votre bouquet s\u2019av\u00e8re impossible, nous vous contacterons rapidement pour convenir d\u2019une solution.  <\/p>\n<p>Diam\u00e8tre 40 cm<\/p>\n","protected":false},"excerpt":{"rendered":"<h2><span data-sheets-root=\"1\">Bouquet de fleurs roses \u00e9l\u00e9gant pour les occasions romantiques<\/span><\/h2>\n<p>D\u00e9couvrez le bouquet de fleurs roses \u00e9l\u00e9gant : harmonie de tons roses tendres, une touche d\u2019\u00e9l\u00e9gance et de charme pour chaque occasion sp\u00e9ciale. Dahlias roses luxuriants, <a href=\"https:\/\/manakinfleurs.com\/fr\/boutique\/?filter_flowers=hortensia&amp;filter_color=rose\">hortensias pink<\/a>, <a href=\"https:\/\/manakinfleurs.com\/flower-shop\/?filter_color=coral&amp;filter_flowers=lisianthus\">lisianthus p\u00eache<\/a> d\u00e9licats et eucalyptus parfum\u00e9 \u2014 un chef-d\u2019\u0153uvre floral. <\/p>\n<p>Avec un diam\u00e8tre de 40 cm, cette composition florale respire la tendresse et l\u2019\u00e9l\u00e9gance romantique : un choix id\u00e9al pour <a href=\"https:\/\/manakinfleurs.com\/fr\/categorie\/anniversaire\">anniversaires<\/a>, <a href=\"https:\/\/manakinfleurs.com\/fr\/categorie\/anniversaire-de-mariage\">f\u00eates <\/a> ou d\u00e9clarations d\u2019amour.<\/p>\n<p>Laissez-vous envo\u00fbter par la symphonie de couleurs et de parfums \u2014 ces bouquets de fleurs roses feront de chaque moment un souvenir pr\u00e9cieux. Commandez vite pour une exp\u00e9rience florale inoubliable ! <\/p>\n","protected":false},"featured_media":35293,"template":"","meta":{"_uf_show_specific_survey":0,"_uf_disable_surveys":false},"product_brand":[1447],"product_cat":[1402,1437,1394,1431],"product_tag":[],"class_list":{"0":"post-38538","1":"product","2":"type-product","3":"status-publish","4":"has-post-thumbnail","6":"product_brand-manakin-fleurs","7":"product_cat-anniversaire","8":"product_cat-ete","9":"product_cat-rentree-scolaire","10":"product_cat-romantique","13":"first","14":"instock","15":"taxable","16":"shipping-taxable","17":"purchasable","18":"product-type-simple"},"_links":{"self":[{"href":"https:\/\/manakinfleurs.com\/fr\/wp-json\/wp\/v2\/product\/38538","targetHints":{"allow":["GET"]}}],"collection":[{"href":"https:\/\/manakinfleurs.com\/fr\/wp-json\/wp\/v2\/product"}],"about":[{"href":"https:\/\/manakinfleurs.com\/fr\/wp-json\/wp\/v2\/types\/product"}],"wp:featuredmedia":[{"embeddable":true,"href":"https:\/\/manakinfleurs.com\/fr\/wp-json\/wp\/v2\/media\/35293"}],"wp:attachment":[{"href":"https:\/\/manakinfleurs.com\/fr\/wp-json\/wp\/v2\/media?parent=38538"}],"wp:term":[{"taxonomy":"product_brand","embeddable":true,"href":"https:\/\/manakinfleurs.com\/fr\/wp-json\/wp\/v2\/product_brand?post=38538"},{"taxonomy":"product_cat","embeddable":true,"href":"https:\/\/manakinfleurs.com\/fr\/wp-json\/wp\/v2\/product_cat?post=38538"},{"taxonomy":"product_tag","embeddable":true,"href":"https:\/\/manakinfleurs.com\/fr\/wp-json\/wp\/v2\/product_tag?post=38538"}],"curies":[{"name":"wp","href":"https:\/\/api.w.org\/{rel}","templated":true}]}}