{"id":38532,"date":"2023-02-22T20:33:44","date_gmt":"2023-02-22T19:33:44","guid":{"rendered":"https:\/\/manakinfleurs.com\/?post_type=product&#038;p=38532"},"modified":"2025-09-22T11:22:22","modified_gmt":"2025-09-22T10:22:22","slug":"summer-flower-box","status":"publish","type":"product","link":"https:\/\/manakinfleurs.com\/fr\/boutique\/summer-flower-box\/","title":{"rendered":"SUMMER FLOWER BOX"},"content":{"rendered":"<p>Faites confiance \u00e0 <strong>Manakin Fleurs et D\u00e9corations<\/strong> pour sublimer votre exp\u00e9rience florale ! Votre fleuriste de r\u00e9f\u00e9rence pour toutes vos envies de fleurs sur la C\u00f4te d\u2019Azur : livraison \u00e0 <strong>Saint-Tropez, Cannes, Juan-les-Pins, Antibes, Saint-Paul-de-Vence, Nice, Saint-Jean-Cap-Ferrat, \u00c8ze, Monaco, Menton<\/strong> et plus encore. <\/p>\n<p>Veuillez noter que notre offre florale d\u00e9pend des saisons et de la disponibilit\u00e9 au moment de la commande. Si une vari\u00e9t\u00e9 n\u2019est pas disponible, elle sera remplac\u00e9e par la meilleure alternative possible pour pr\u00e9server l\u2019aspect du bouquet. Si la cr\u00e9ation exacte n\u2019est pas r\u00e9alisable, nous vous contacterons rapidement pour d\u00e9finir ensemble la solution id\u00e9ale.  <\/p>\n<p>Diameter 65cm &#8211; 70cm<\/p>\n","protected":false},"excerpt":{"rendered":"<h2><span data-sheets-root=\"1\">D\u00e9couvrez le charme de l\u2019\u00e9t\u00e9 <\/span><\/h2>\n<p><span class=\"css-1jxf684 r-bcqeeo r-1ttztb7 r-qvutc0 r-poiln3 r-1wl4xqv\"><span class=\"css-1jxf684 r-bcqeeo r-1ttztb7 r-qvutc0 r-poiln3\">Une composition florale romantique baptis\u00e9e<\/span><\/span> <strong><span class=\"css-1jxf684 r-bcqeeo r-1ttztb7 r-qvutc0 r-poiln3 r-b88u0q\"><span class=\"css-1jxf684 r-bcqeeo r-1ttztb7 r-qvutc0 r-poiln3\"><span class=\"css-1jxf684 r-bcqeeo r-1ttztb7 r-qvutc0 r-poiln3 r-1wl4xqv\">Summer Flower Box<\/span><\/span><\/span><\/strong> :<span class=\"css-1jxf684 r-bcqeeo r-1ttztb7 r-qvutc0 r-poiln3 r-1wl4xqv\"><span class=\"css-1jxf684 r-bcqeeo r-1ttztb7 r-qvutc0 r-poiln3\"> : <a href=\"https:\/\/manakinfleurs.com\/fr\/boutique\/?filter_flowers=dauphinelles\">delphinium blanc<\/a>, <a href=\"https:\/\/manakinfleurs.com\/flower-shop\/?filter_color=coral&amp;filter_flowers=roses\">roses p\u00eache<\/a>, limonium fuchsia, <a href=\"https:\/\/manakinfleurs.com\/fr\/boutique\/?filter_flowers=eustoma&amp;filter_color=rose\">lisianthus rose<\/a>, <a href=\"https:\/\/manakinfleurs.com\/fr\/boutique\/?filter_flowers=hortensia&amp;filter_color=blanc\">hortensias blancs<\/a> et <a href=\"https:\/\/manakinfleurs.com\/flower-shop\/?filter_color=violet&amp;filter_flowers=lisianthus\">lisianthus violet<\/a>. Un arrangement <a href=\"https:\/\/manakinfleurs.com\/fr\/categorie\/luxe\">raffin\u00e9 <\/a> aux tons doux de rose et de blanc, parfait \u00e0 offrir en cadeau estival. Cr\u00e9\u00e9 pour ceux qui appr\u00e9cient le raffinement et la sensibilit\u00e9. Diam\u00e8tre : 65\u201370 cm, tout le charme et l\u2019\u00e9l\u00e9gance dans un seul box floral.    <\/span><\/span><\/p>\n<p><span class=\"css-1jxf684 r-bcqeeo r-1ttztb7 r-qvutc0 r-poiln3 r-1wl4xqv\"><span class=\"css-1jxf684 r-bcqeeo r-1ttztb7 r-qvutc0 r-poiln3\">Le jeu des nuances d\u00e9licates apporte une sensation de luxe \u00e0 toute la composition, id\u00e9ale pour <a href=\"https:\/\/manakinfleurs.com\/fr\/categorie\/anniversaire\">un anniversaire<\/a>, <a href=\"https:\/\/manakinfleurs.com\/fr\/categorie\/anniversaire-de-mariage\">une f\u00eate<\/a>, <a href=\"https:\/\/manakinfleurs.com\/fr\/categorie\/romantique\">une d\u00e9claration romantique<\/a> ou une <a href=\"https:\/\/manakinfleurs.com\/fr\/categorie\/decor-floral-maison\">d\u00e9coration raffin\u00e9e chez soi<\/a>. Profitez de ce box floral estival exceptionnel.  <\/span><\/span><span class=\"css-1jxf684 r-bcqeeo r-1ttztb7 r-qvutc0 r-poiln3 r-b88u0q\"><span class=\"css-1jxf684 r-bcqeeo r-1ttztb7 r-qvutc0 r-poiln3\"><span class=\"css-1jxf684 r-bcqeeo r-1ttztb7 r-qvutc0 r-poiln3 r-1wl4xqv\">SUMMER FLOWER BOX <\/span><\/span><\/span><span class=\"css-1jxf684 r-bcqeeo r-1ttztb7 r-qvutc0 r-poiln3 r-1wl4xqv\"><span class=\"css-1jxf684 r-bcqeeo r-1ttztb7 r-qvutc0 r-poiln3\">\u00e0 Nice, Monaco, Cannes et sur toute la C\u00f4te d\u2019Azur. . <\/span><\/span><\/p>\n","protected":false},"featured_media":35297,"template":"","meta":{"_uf_show_specific_survey":0,"_uf_disable_surveys":false},"product_brand":[1447],"product_cat":[1402,1390,1404,1416,1431,1433],"product_tag":[],"class_list":{"0":"post-38532","1":"product","2":"type-product","3":"status-publish","4":"has-post-thumbnail","6":"product_brand-manakin-fleurs","7":"product_cat-anniversaire","8":"product_cat-anniversaire-de-mariage","9":"product_cat-boite-de-fleurs","10":"product_cat-decor-floral-maison","11":"product_cat-romantique","12":"product_cat-bouquets-de-roses","15":"first","16":"instock","17":"taxable","18":"shipping-taxable","19":"purchasable","20":"product-type-simple"},"_links":{"self":[{"href":"https:\/\/manakinfleurs.com\/fr\/wp-json\/wp\/v2\/product\/38532","targetHints":{"allow":["GET"]}}],"collection":[{"href":"https:\/\/manakinfleurs.com\/fr\/wp-json\/wp\/v2\/product"}],"about":[{"href":"https:\/\/manakinfleurs.com\/fr\/wp-json\/wp\/v2\/types\/product"}],"wp:featuredmedia":[{"embeddable":true,"href":"https:\/\/manakinfleurs.com\/fr\/wp-json\/wp\/v2\/media\/35297"}],"wp:attachment":[{"href":"https:\/\/manakinfleurs.com\/fr\/wp-json\/wp\/v2\/media?parent=38532"}],"wp:term":[{"taxonomy":"product_brand","embeddable":true,"href":"https:\/\/manakinfleurs.com\/fr\/wp-json\/wp\/v2\/product_brand?post=38532"},{"taxonomy":"product_cat","embeddable":true,"href":"https:\/\/manakinfleurs.com\/fr\/wp-json\/wp\/v2\/product_cat?post=38532"},{"taxonomy":"product_tag","embeddable":true,"href":"https:\/\/manakinfleurs.com\/fr\/wp-json\/wp\/v2\/product_tag?post=38532"}],"curies":[{"name":"wp","href":"https:\/\/api.w.org\/{rel}","templated":true}]}}