{"id":38530,"date":"2023-02-22T20:38:22","date_gmt":"2023-02-22T19:38:22","guid":{"rendered":"https:\/\/manakinfleurs.com\/?post_type=product&#038;p=38530"},"modified":"2025-09-22T11:22:22","modified_gmt":"2025-09-22T10:22:22","slug":"roses-fantasy-colorful-rose-arrangement","status":"publish","type":"product","link":"https:\/\/manakinfleurs.com\/fr\/boutique\/roses-fantasy-colorful-rose-arrangement\/","title":{"rendered":"ROSES FANTASY"},"content":{"rendered":"<p>Ce <strong>bouquet g\u00e9ant<\/strong> est une cr\u00e9ation magnifique sign\u00e9e de nos fleuristes talentueux, parfait pour des fian\u00e7ailles, une demande en mariage ou toute occasion exceptionnelle. En tant que <strong>fleuriste de confiance \u00e0 Monaco<\/strong> et Nice, nous sommes fiers de vous offrir une exp\u00e9rience de livraison florale inoubliable. Commandez \u00ab<strong>Roses FANTASY<\/strong>\u00bb d\u00e8s maintenant et partagez la joie de ce bouquet de roses multicolores avec une personne ch\u00e8re.  <\/p>\n<p>Manakin Fleurs et D\u00e9corations est votre fleuriste de r\u00e9f\u00e9rence pour la livraison de <strong>bouquets d\u2019exception<\/strong> : <strong>Saint-Tropez, Cannes, Juan-les-Pins, Antibes, Saint-Paul-de-Vence, Nice <\/strong> et toute la <strong>C\u00f4te d\u2019Azur<\/strong>. Sur demande ou pour des commandes sp\u00e9ciales, notre zone de livraison peut \u00eatre \u00e9tendue. <\/p>\n<p>Veuillez noter que notre offre florale d\u00e9pend des saisons et de la disponibilit\u00e9 au moment de la commande. Si une vari\u00e9t\u00e9 n\u2019est pas disponible, elle sera remplac\u00e9e par la meilleure alternative possible pour pr\u00e9server l\u2019aspect du bouquet. Si la cr\u00e9ation exacte n\u2019est pas r\u00e9alisable, nous vous contacterons rapidement pour d\u00e9finir ensemble la solution id\u00e9ale.  <\/p>\n<p>Diam\u00e8tre 1m<\/p>\n","protected":false},"excerpt":{"rendered":"<p><span class=\"css-1jxf684 r-bcqeeo r-1ttztb7 r-qvutc0 r-poiln3 r-1wl4xqv\"><span class=\"css-1jxf684 r-bcqeeo r-1ttztb7 r-qvutc0 r-poiln3\">Vivez toute la grandeur de<\/span><\/span> <strong><span class=\"css-1jxf684 r-bcqeeo r-1ttztb7 r-qvutc0 r-poiln3 r-b88u0q\"><span class=\"css-1jxf684 r-bcqeeo r-1ttztb7 r-qvutc0 r-poiln3\"><span class=\"css-1jxf684 r-bcqeeo r-1ttztb7 r-qvutc0 r-poiln3 r-1wl4xqv\">ROSES FANTASY<\/span><\/span><\/span><\/strong> <span class=\"css-1jxf684 r-bcqeeo r-1ttztb7 r-qvutc0 r-poiln3 r-1wl4xqv\"><span class=\"css-1jxf684 r-bcqeeo r-1ttztb7 r-qvutc0 r-poiln3\">:<\/span><\/span> <span class=\"css-1jxf684 r-bcqeeo r-1ttztb7 r-qvutc0 r-poiln3 r-b88u0q\"><span class=\"css-1jxf684 r-bcqeeo r-1ttztb7 r-qvutc0 r-poiln3\"><span class=\"css-1jxf684 r-bcqeeo r-1ttztb7 r-qvutc0 r-poiln3 r-1wl4xqv\">un bouquet de roses multicolores avec 150 roses<\/span><\/span><\/span><span class=\"css-1jxf684 r-bcqeeo r-1ttztb7 r-qvutc0 r-poiln3 r-1wl4xqv\"><span class=\"css-1jxf684 r-bcqeeo r-1ttztb7 r-qvutc0 r-poiln3\"> <a href=\"https:\/\/manakinfleurs.com\/fr\/boutique\/?filter_flowers=rose\">parfum\u00e9es en blanc, rose, fuchsia \u00e9clatant et jaune soleil<\/a>. Avec un diam\u00e8tre d\u2019un m\u00e8tre, ce  <\/span><\/span><span class=\"css-1jxf684 r-bcqeeo r-1ttztb7 r-qvutc0 r-poiln3 r-b88u0q\"><span class=\"css-1jxf684 r-bcqeeo r-1ttztb7 r-qvutc0 r-poiln3\"><span class=\"css-1jxf684 r-bcqeeo r-1ttztb7 r-qvutc0 r-poiln3 r-1wl4xqv\">bouquet de roses multicolores<\/span><\/span><\/span><span class=\"css-1jxf684 r-bcqeeo r-1ttztb7 r-qvutc0 r-poiln3 r-1wl4xqv\"><span class=\"css-1jxf684 r-bcqeeo r-1ttztb7 r-qvutc0 r-poiln3\"> est con\u00e7u pour impressionner. Sa taille imposante en fait presque une \u0153uvre d\u2019art, incarnation de la joie de vivre et de la f\u00eate des couleurs.   <\/span><\/span><span class=\"css-1jxf684 r-bcqeeo r-1ttztb7 r-qvutc0 r-poiln3 r-b88u0q\"><span class=\"css-1jxf684 r-bcqeeo r-1ttztb7 r-qvutc0 r-poiln3\"><span class=\"css-1jxf684 r-bcqeeo r-1ttztb7 r-qvutc0 r-poiln3 r-1wl4xqv\">Compos\u00e9 uniquement de roses fra\u00eeches<\/span><\/span><\/span>, <span class=\"css-1jxf684 r-bcqeeo r-1ttztb7 r-qvutc0 r-poiln3 r-1wl4xqv\"><span class=\"css-1jxf684 r-bcqeeo r-1ttztb7 r-qvutc0 r-poiln3\">ce bouquet est une explosion de couleurs et de vitalit\u00e9, id\u00e9al pour celles et ceux qui souhaitent faire sensation avec une livraison florale \u00e0 Nice, Monaco, Cannes et sur toute la C\u00f4te d\u2019Azur.<\/span><\/span><\/p>\n","protected":false},"featured_media":35299,"template":"","meta":{"_uf_show_specific_survey":0,"_uf_disable_surveys":false},"product_brand":[],"product_cat":[1420,1418,1427,1433],"product_tag":[],"class_list":{"0":"post-38530","1":"product","2":"type-product","3":"status-publish","4":"has-post-thumbnail","6":"product_cat-enorme","7":"product_cat-luxe","8":"product_cat-mono-bouquets","9":"product_cat-bouquets-de-roses","12":"first","13":"instock","14":"taxable","15":"shipping-taxable","16":"purchasable","17":"product-type-simple"},"_links":{"self":[{"href":"https:\/\/manakinfleurs.com\/fr\/wp-json\/wp\/v2\/product\/38530","targetHints":{"allow":["GET"]}}],"collection":[{"href":"https:\/\/manakinfleurs.com\/fr\/wp-json\/wp\/v2\/product"}],"about":[{"href":"https:\/\/manakinfleurs.com\/fr\/wp-json\/wp\/v2\/types\/product"}],"wp:featuredmedia":[{"embeddable":true,"href":"https:\/\/manakinfleurs.com\/fr\/wp-json\/wp\/v2\/media\/35299"}],"wp:attachment":[{"href":"https:\/\/manakinfleurs.com\/fr\/wp-json\/wp\/v2\/media?parent=38530"}],"wp:term":[{"taxonomy":"product_brand","embeddable":true,"href":"https:\/\/manakinfleurs.com\/fr\/wp-json\/wp\/v2\/product_brand?post=38530"},{"taxonomy":"product_cat","embeddable":true,"href":"https:\/\/manakinfleurs.com\/fr\/wp-json\/wp\/v2\/product_cat?post=38530"},{"taxonomy":"product_tag","embeddable":true,"href":"https:\/\/manakinfleurs.com\/fr\/wp-json\/wp\/v2\/product_tag?post=38530"}],"curies":[{"name":"wp","href":"https:\/\/api.w.org\/{rel}","templated":true}]}}