{"id":38528,"date":"2023-02-22T20:42:07","date_gmt":"2023-02-22T19:42:07","guid":{"rendered":"https:\/\/manakinfleurs.com\/?post_type=product&#038;p=38528"},"modified":"2025-09-22T11:22:21","modified_gmt":"2025-09-22T10:22:21","slug":"paris-luxury-flower-bouquet","status":"publish","type":"product","link":"https:\/\/manakinfleurs.com\/fr\/boutique\/paris-luxury-flower-bouquet\/","title":{"rendered":"PARIS"},"content":{"rendered":"<p>Le bouquet \u00abParis\u00bb est un symbole d\u2019\u00e9l\u00e9gance et de puret\u00e9. Plongez dans la douceur des tonalit\u00e9s roses et blanches, \u00e0 travers de d\u00e9licates fleurs <strong>inspir\u00e9es du chic parisien<\/strong>. Cette cr\u00e9ation r\u00e9unit de g\u00e9n\u00e9reuses roses blanches et roses ainsi que de nobles orchid\u00e9es blanches pleines de gr\u00e2ce. L\u2019ensemble, subtile alliance de teintes blanches et roses, \u00e9voque la puret\u00e9 absolue \u2014 un authentique bouquet de fleurs de luxe.   <\/p>\n<p>Commandez d\u00e8s aujourd\u2019hui votre bouquet de fleurs de luxe Paris et profitez de sa beaut\u00e9 intemporelle, livr\u00e9e chez vous. Livraison disponible \u00e0 Saint-Tropez, Cannes, Juan-les-Pins, Antibes, Saint-Paul-de-Vence, Nice, Saint-Jean-Cap-Ferrat, \u00c8ze, Monaco, Menton \u2013 sur toute la C\u00f4te d\u2019Azur. Sur demande, nous pouvons \u00e9tendre notre zone de livraison.  <\/p>\n<p>Merci de noter que la disponibilit\u00e9 de nos fleurs d\u00e9pend des saisons et que la s\u00e9lection peut varier selon les arrivages. Si certaines vari\u00e9t\u00e9s sont indisponibles, nous les remplacerons par l\u2019alternative la plus proche pour pr\u00e9server l\u2019esth\u00e9tique de votre anthurium vert. Si la cr\u00e9ation de votre bouquet s\u2019av\u00e8re impossible, nous vous contacterons rapidement pour convenir d\u2019une solution.  <\/p>\n<p>Diam\u00e8tre 60 cm<\/p>\n","protected":false},"excerpt":{"rendered":"<h2>Vivez l\u2019exp\u00e9rience d\u2019un bouquet de fleurs de luxe exceptionnel.<\/h2>\n<p><span class=\"ng-star-inserted\">Ce bouquet <strong>Paris <\/strong> d\u2019exception est un v\u00e9ritable<\/span> <strong class=\"ng-star-inserted\"><span class=\"ng-star-inserted\">bouquet de fleurs de luxe,<\/span><\/strong><span class=\"ng-star-inserted\"> disponible exclusivement chez Manakin Fleurs et D\u00e9corations, votre fleuriste de confiance pour des cr\u00e9ations sans faute. Son diam\u00e8tre impressionnant de 60 cm met en avant la beaut\u00e9 de <a href=\"https:\/\/manakinfleurs.com\/fr\/boutique\/?filter_flowers=hortensia&amp;filter_color=rose\">l\u2019hortensia rose<\/a>, <a href=\"https:\/\/manakinfleurs.com\/fr\/boutique\/?filter_flowers=rose&amp;filter_color=blanc\">des roses O\u2019Hara blanches<\/a>, <a href=\"https:\/\/manakinfleurs.com\/fr\/boutique\/?filter_flowers=eustoma&amp;filter_color=rose\">du lisianthus rose<\/a>, des roses p\u00e2les et <a href=\"https:\/\/manakinfleurs.com\/fr\/boutique\/?filter_flowers=rose&amp;filter_color=rose\">des orchid\u00e9es blanches raffin\u00e9es<\/a> \u2013 tous ces \u00e9l\u00e9ments r\u00e9unis dans un  <\/span><strong class=\"ng-star-inserted\"><span class=\"ng-star-inserted\">bouquet de fleurs de luxe<\/span><\/strong> <span class=\"ng-star-inserted\">inoubliable<\/span>. <\/p>\n<p><span class=\"ng-star-inserted\">Le bouquet <strong>Paris <\/strong> est une cr\u00e9ation sur-mesure qui irradie sophistication et charme \u2013 le choix id\u00e9al pour les grandes occasions, lorsque seuls les arrangements floraux les plus impressionnants conviennent. Commandez d\u00e8s aujourd\u2019hui votre  <\/span><strong class=\"ng-star-inserted\"><span class=\"ng-star-inserted\">bouquet de fleurs de luxe<\/span><\/strong><span class=\"ng-star-inserted\">unique et d\u00e9couvrez l\u2019excellence de l\u2019art floral <strong>parisien<\/strong>.  <\/span><strong class=\"ng-star-inserted\"><span class=\"ng-star-inserted\">Un bouquet de fleurs de luxe<\/span><\/strong> <span class=\"ng-star-inserted\"> vraiment remarquable \u00e0 aimer, disponible en livraison sur la C\u00f4te d\u2019Azur.<\/span><\/p>\n","protected":false},"featured_media":35301,"template":"","meta":{"_uf_show_specific_survey":0,"_uf_disable_surveys":false},"product_brand":[],"product_cat":[1402,1392,1431,1433,1398],"product_tag":[],"class_list":{"0":"post-38528","1":"product","2":"type-product","3":"status-publish","4":"has-post-thumbnail","6":"product_cat-anniversaire","7":"product_cat-fleurs-pour-naissance","8":"product_cat-romantique","9":"product_cat-bouquets-de-roses","10":"product_cat-sur-mesure","13":"first","14":"instock","15":"taxable","16":"shipping-taxable","17":"purchasable","18":"product-type-simple"},"_links":{"self":[{"href":"https:\/\/manakinfleurs.com\/fr\/wp-json\/wp\/v2\/product\/38528","targetHints":{"allow":["GET"]}}],"collection":[{"href":"https:\/\/manakinfleurs.com\/fr\/wp-json\/wp\/v2\/product"}],"about":[{"href":"https:\/\/manakinfleurs.com\/fr\/wp-json\/wp\/v2\/types\/product"}],"wp:featuredmedia":[{"embeddable":true,"href":"https:\/\/manakinfleurs.com\/fr\/wp-json\/wp\/v2\/media\/35301"}],"wp:attachment":[{"href":"https:\/\/manakinfleurs.com\/fr\/wp-json\/wp\/v2\/media?parent=38528"}],"wp:term":[{"taxonomy":"product_brand","embeddable":true,"href":"https:\/\/manakinfleurs.com\/fr\/wp-json\/wp\/v2\/product_brand?post=38528"},{"taxonomy":"product_cat","embeddable":true,"href":"https:\/\/manakinfleurs.com\/fr\/wp-json\/wp\/v2\/product_cat?post=38528"},{"taxonomy":"product_tag","embeddable":true,"href":"https:\/\/manakinfleurs.com\/fr\/wp-json\/wp\/v2\/product_tag?post=38528"}],"curies":[{"name":"wp","href":"https:\/\/api.w.org\/{rel}","templated":true}]}}