{"id":38525,"date":"2023-02-22T20:45:37","date_gmt":"2023-02-22T19:45:37","guid":{"rendered":"https:\/\/manakinfleurs.com\/?post_type=product&#038;p=38525"},"modified":"2025-09-22T11:22:20","modified_gmt":"2025-09-22T10:22:20","slug":"milan-elegant-flower-bouquet","status":"publish","type":"product","link":"https:\/\/manakinfleurs.com\/fr\/boutique\/milan-elegant-flower-bouquet\/","title":{"rendered":"MILAN"},"content":{"rendered":"<p>D\u00e9couvrez notre collection pour <strong>envoyer des fleurs<\/strong> qui transmettent des sentiments sinc\u00e8res.<\/p>\n<p>Merci de noter que la disponibilit\u00e9 de nos fleurs d\u00e9pend des saisons. Si certains types de fleurs manquent, nous les remplacerons par l\u2019alternative la plus proche pour un bouquet de gerberas roses toujours harmonieux. Si la r\u00e9alisation exacte du bouquet s\u2019av\u00e8re impossible, nous vous contacterons rapidement pour trouver ensemble la meilleure solution.  <\/p>\n<p>Diam\u00e8tre 40-45 cm<\/p>\n","protected":false},"excerpt":{"rendered":"<h2>Un bouquet de fleurs chic et \u00e9l\u00e9gant<\/h2>\n<p><span class=\"ng-star-inserted\">Chez <a href=\"https:\/\/manakinfleurs.com\/fr\">Manakin Fleurs<\/a>, notre bouquet <strong>Milan <\/strong> <a href=\"https:\/\/manakinfleurs.com\/product-category\/bespoke\">sur-mesure<\/a> incarne toute l\u2019\u00e9l\u00e9gance et la gr\u00e2ce<\/span> : <strong class=\"ng-star-inserted\"><span class=\"ng-star-inserted\">un bouquet de fleurs chic vraiment unique.<\/span><\/strong><span class=\"ng-star-inserted\">. Cette composition raffin\u00e9e met en valeur la beaut\u00e9 captivante de <a href=\"https:\/\/manakinfleurs.com\/fr\/boutique\/?filter_flowers=hortensia&amp;filter_color=rose\">hortensia rose<\/a>, <a href=\"https:\/\/manakinfleurs.com\/fr\/boutique\/?filter_color=rose\">du lisianthus rose<\/a> p\u00e2le et de la scabieuse fuchsia, harmonieusement compl\u00e9t\u00e9s par de d\u00e9licates <a href=\"https:\/\/manakinfleurs.com\/fr\/boutique\/?filter_flowers=rose&amp;filter_color=rose\">roses claires<\/a>. <strong>Milan<\/strong> est un  <\/span><strong class=\"ng-star-inserted\"><span class=\"ng-star-inserted\">bouquet de fleurs chic d\u2019exception.<\/span><\/strong><span class=\"ng-star-inserted\"> est le choix parfait pour dire \u00abje t\u2019aime\u00bb. Cette cr\u00e9ation sur-mesure, au diam\u00e8tre de 40 \u00e0 45 cm, respire sophistication et charme : l\u2019id\u00e9al pour une occasion sp\u00e9ciale. Pour un bouquet de fleurs chic vraiment sublime, choisissez Milan. Son style raffin\u00e9 et sophistiqu\u00e9 fera plaisir \u00e0 coup s\u00fbr. Commandez votre bouquet chic d\u00e8s maintenant et offrez un vrai cadeau de beaut\u00e9.   <\/span><strong class=\"ng-star-inserted\"><span class=\"ng-star-inserted\">bouquet de fleurs chic d\u2019exception.<\/span><\/strong><span class=\"ng-star-inserted\"> Ne cherchez plus, choisissez <strong>Milan<\/strong>. Avec son style raffin\u00e9 et sophistiqu\u00e9, c\u2019est la meilleure fa\u00e7on de faire plaisir \u00e0 quelqu\u2019un.   <\/span><strong class=\"ng-star-inserted\"><span class=\"ng-star-inserted\">Commandez d\u00e8s maintenant<\/span><\/strong> <span class=\"ng-star-inserted\">ce bouquet de fleurs chic et offrez un vrai cadeau de beaut\u00e9.<\/span><\/p>\n","protected":false},"featured_media":35303,"template":"","meta":{"_uf_show_specific_survey":0,"_uf_disable_surveys":false},"product_brand":[],"product_cat":[1402,1431,1433,1398],"product_tag":[],"class_list":{"0":"post-38525","1":"product","2":"type-product","3":"status-publish","4":"has-post-thumbnail","6":"product_cat-anniversaire","7":"product_cat-romantique","8":"product_cat-bouquets-de-roses","9":"product_cat-sur-mesure","12":"first","13":"instock","14":"taxable","15":"shipping-taxable","16":"purchasable","17":"product-type-simple"},"_links":{"self":[{"href":"https:\/\/manakinfleurs.com\/fr\/wp-json\/wp\/v2\/product\/38525","targetHints":{"allow":["GET"]}}],"collection":[{"href":"https:\/\/manakinfleurs.com\/fr\/wp-json\/wp\/v2\/product"}],"about":[{"href":"https:\/\/manakinfleurs.com\/fr\/wp-json\/wp\/v2\/types\/product"}],"wp:featuredmedia":[{"embeddable":true,"href":"https:\/\/manakinfleurs.com\/fr\/wp-json\/wp\/v2\/media\/35303"}],"wp:attachment":[{"href":"https:\/\/manakinfleurs.com\/fr\/wp-json\/wp\/v2\/media?parent=38525"}],"wp:term":[{"taxonomy":"product_brand","embeddable":true,"href":"https:\/\/manakinfleurs.com\/fr\/wp-json\/wp\/v2\/product_brand?post=38525"},{"taxonomy":"product_cat","embeddable":true,"href":"https:\/\/manakinfleurs.com\/fr\/wp-json\/wp\/v2\/product_cat?post=38525"},{"taxonomy":"product_tag","embeddable":true,"href":"https:\/\/manakinfleurs.com\/fr\/wp-json\/wp\/v2\/product_tag?post=38525"}],"curies":[{"name":"wp","href":"https:\/\/api.w.org\/{rel}","templated":true}]}}