{"id":38522,"date":"2023-02-22T20:54:17","date_gmt":"2023-02-22T19:54:17","guid":{"rendered":"https:\/\/manakinfleurs.com\/?post_type=product&#038;p=38522"},"modified":"2025-09-22T11:21:18","modified_gmt":"2025-09-22T10:21:18","slug":"roses-cascade-150-roses-bouquet","status":"publish","type":"product","link":"https:\/\/manakinfleurs.com\/fr\/boutique\/roses-cascade-150-roses-bouquet\/","title":{"rendered":"ROSES CASCADE"},"content":{"rendered":"<p>Manakin Fleurs et D\u00e9corations est votre fleuriste de r\u00e9f\u00e9rence pour la livraison de <strong>bouquets d\u2019exception<\/strong> : Saint-Tropez, Cannes, Juan-les-Pins, Antibes, Saint-Paul-de-Vence, Nice et toute la C\u00f4te d\u2019Azur. Sur demande ou pour des commandes sp\u00e9ciales, notre zone de livraison peut \u00eatre \u00e9tendue. <\/p>\n<p>Merci de noter que la disponibilit\u00e9 de nos fleurs varie selon la saison et les approvisionnements au moment de la commande. Si une fleur manque \u00e0 l\u2019appel, elle sera remplac\u00e9e par l\u2019alternative la plus proche pour garantir l\u2019\u00e9quilibre du bouquet. Si la cr\u00e9ation exacte n\u2019est pas r\u00e9alisable, vous serez contact\u00e9 pour convenir ensemble de la meilleure option de saison.  <\/p>\n<p>Diam\u00e8tre 1m<\/p>\n","protected":false},"excerpt":{"rendered":"<p><span class=\"ng-star-inserted\">D\u00e9couvrez toute la grandeur de notre bouquet <strong>Roses Cascade<\/strong><\/span> : <strong class=\"ng-star-inserted\"><span class=\"ng-star-inserted\">150 <a href=\"https:\/\/manakinfleurs.com\/fr\/boutique\/?filter_flowers=rose\">roses <\/a> exceptionnelles pour un effet spectaculaire<\/span><\/strong>.<span class=\"ng-star-inserted\"> Un bouquet con\u00e7u pour impressionner ! Il se compose de 150 roses parfum\u00e9es aux couleurs <a href=\"https:\/\/manakinfleurs.com\/fr\/boutique\/?filter_color=jaune\">jaunes<\/a>, <a href=\"https:\/\/manakinfleurs.com\/fr\/boutique\/?filter_color=vert\">vertes <\/a> et <a href=\"https:\/\/manakinfleurs.com\/flower-shop\/?filter_color=red\">rouges claires<\/a>, pour un diam\u00e8tre exceptionnel d\u2019un m\u00e8tre. <strong>Roses Cascade<\/strong> apporte de multiples nuances de bonheur. Un bouquet de 150 roses, exclusivement compos\u00e9 de vari\u00e9t\u00e9s fra\u00eeches et opulentes, v\u00e9ritable explosion de couleurs et vitalit\u00e9.   <\/span><strong class=\"ng-star-inserted\"><span class=\"ng-star-inserted\">bouquet de 150 roses<\/span><\/strong><span class=\"ng-star-inserted\"> offre de multiples nuances de jaune, pour une sensation de richesse et de bonheur. Ce bouquet, compos\u00e9 uniquement de roses fra\u00eeches et opulentes,  <\/span><span class=\"ng-star-inserted\">bouquet<\/span><span class=\"ng-star-inserted\"> est une explosion de couleurs et de vitalit\u00e9. Un choix id\u00e9al pour une demande en mariage, <a href=\"https:\/\/manakinfleurs.com\/fr\/categorie\/anniversaire-de-mariage\">un anniversaire<\/a> ou <a href=\"https:\/\/manakinfleurs.com\/fr\/categorie\/evenement\">tout \u00e9v\u00e9nement<\/a> que vous souhaitez marquer par un cadeau floral spectaculaire. Votre fleuriste de confiance \u00e0 Nice livre ces splendides cr\u00e9ations format XXL sur toute la C\u00f4te d\u2019Azur. Commandez notre composition unique <strong>Roses Cascade<\/strong>    <\/span><strong class=\"ng-star-inserted\"><span class=\"ng-star-inserted\">bouquet de 150 roses<\/span><\/strong> <span class=\"ng-star-inserted\"> d\u00e8s maintenant et offrez la beaut\u00e9 spectaculaire de ce bouquet g\u00e9ant \u00e0 quelqu\u2019un de sp\u00e9cial sur la C\u00f4te d\u2019Azur ! <\/span><\/p>\n","protected":false},"featured_media":35309,"template":"","meta":{"_uf_show_specific_survey":0,"_uf_disable_surveys":false},"product_brand":[],"product_cat":[1402,1390,1420,1427,1431,1433],"product_tag":[],"class_list":{"0":"post-38522","1":"product","2":"type-product","3":"status-publish","4":"has-post-thumbnail","6":"product_cat-anniversaire","7":"product_cat-anniversaire-de-mariage","8":"product_cat-enorme","9":"product_cat-mono-bouquets","10":"product_cat-romantique","11":"product_cat-bouquets-de-roses","14":"first","15":"instock","16":"taxable","17":"shipping-taxable","18":"purchasable","19":"product-type-simple"},"_links":{"self":[{"href":"https:\/\/manakinfleurs.com\/fr\/wp-json\/wp\/v2\/product\/38522","targetHints":{"allow":["GET"]}}],"collection":[{"href":"https:\/\/manakinfleurs.com\/fr\/wp-json\/wp\/v2\/product"}],"about":[{"href":"https:\/\/manakinfleurs.com\/fr\/wp-json\/wp\/v2\/types\/product"}],"wp:featuredmedia":[{"embeddable":true,"href":"https:\/\/manakinfleurs.com\/fr\/wp-json\/wp\/v2\/media\/35309"}],"wp:attachment":[{"href":"https:\/\/manakinfleurs.com\/fr\/wp-json\/wp\/v2\/media?parent=38522"}],"wp:term":[{"taxonomy":"product_brand","embeddable":true,"href":"https:\/\/manakinfleurs.com\/fr\/wp-json\/wp\/v2\/product_brand?post=38522"},{"taxonomy":"product_cat","embeddable":true,"href":"https:\/\/manakinfleurs.com\/fr\/wp-json\/wp\/v2\/product_cat?post=38522"},{"taxonomy":"product_tag","embeddable":true,"href":"https:\/\/manakinfleurs.com\/fr\/wp-json\/wp\/v2\/product_tag?post=38522"}],"curies":[{"name":"wp","href":"https:\/\/api.w.org\/{rel}","templated":true}]}}