{"id":38518,"date":"2023-02-22T21:07:05","date_gmt":"2023-02-22T20:07:05","guid":{"rendered":"https:\/\/manakinfleurs.com\/?post_type=product&#038;p=38518"},"modified":"2025-09-22T11:22:18","modified_gmt":"2025-09-22T10:22:18","slug":"joy-bestselling-flower-bouquet","status":"publish","type":"product","link":"https:\/\/manakinfleurs.com\/fr\/boutique\/joy-bestselling-flower-bouquet\/","title":{"rendered":"JOY"},"content":{"rendered":"<p>Commandez la <strong>livraison de fleurs \u00e0 Nice<\/strong>, <strong>envoyez des fleurs \u00e0 Cannes<\/strong> ou <strong> \u00e0 Saint-Tropez.<\/strong><\/p>\n<p>Merci de noter que la disponibilit\u00e9 de nos fleurs d\u00e9pend des saisons et que la s\u00e9lection peut varier selon les arrivages. Si certaines vari\u00e9t\u00e9s sont indisponibles, nous les remplacerons par l\u2019alternative la plus proche pour pr\u00e9server l\u2019esth\u00e9tique de votre anthurium vert. Si la cr\u00e9ation de votre bouquet s\u2019av\u00e8re impossible, nous vous contacterons rapidement pour convenir d\u2019une solution.  <\/p>\n<p>Diam\u00e8tre 45-50cm<\/p>\n","protected":false},"excerpt":{"rendered":"<p><span class=\"ng-star-inserted\">D\u00e9couvrez l\u2019incarnation de l\u2019\u00e9l\u00e9gance avec le bouquet <strong>Joy <\/strong> de <strong>Manakin Fleurs<\/strong>, notre<\/span> <strong class=\"ng-star-inserted\"><span class=\"ng-star-inserted\">meilleur bouquet de fleurs<\/span><\/strong>.<span class=\"ng-star-inserted\">. Ce bouquet d\u00e9borde de gr\u00e2ce et de sophistication, avec de vibrants hortensias roses, des roses d\u00e9licates, des lisianthus fuchsia, de la matthiola rose et de l\u2019eucalyptus aromatique. Joy est un choix vraiment enchanteur comme meilleur bouquet de fleurs.  <\/span><strong class=\"ng-star-inserted\"><span class=\"ng-star-inserted\">meilleur bouquet de fleurs<\/span><\/strong><span class=\"ng-star-inserted\"> d\u2019un diam\u00e8tre de 45-50cm, con\u00e7u pour offrir une exp\u00e9rience florale exceptionnelle. Parfait pour exprimer l\u2019amour, la gratitude, f\u00eater un anniversaire ou offrir en cadeau d\u2019entreprise. En tant que meilleur bouquet de fleurs.   <\/span><strong class=\"ng-star-inserted\"><span class=\"ng-star-inserted\">meilleur bouquet de fleurs<\/span><\/strong><span class=\"ng-star-inserted\">\u00abJoy\u00bb est un choix s\u00fbr qui impressionnera \u00e0 coup s\u00fbr. Commandez d\u00e8s maintenant et profitez de la magie de notre meilleur bouquet de fleurs, avec livraison sur la C\u00f4te d\u2019Azur.  <\/span><strong class=\"ng-star-inserted\"><span class=\"ng-star-inserted\">meilleur bouquet de fleurs<\/span><\/strong>, <span class=\"ng-star-inserted\">avec livraison sur la C\u00f4te d\u2019Azur. RUS\u0102<\/span>:<\/p>\n","protected":false},"featured_media":35319,"template":"","meta":{"_uf_show_specific_survey":0,"_uf_disable_surveys":false},"product_brand":[],"product_cat":[1402,1394,1431,1433,1398],"product_tag":[],"class_list":{"0":"post-38518","1":"product","2":"type-product","3":"status-publish","4":"has-post-thumbnail","6":"product_cat-anniversaire","7":"product_cat-rentree-scolaire","8":"product_cat-romantique","9":"product_cat-bouquets-de-roses","10":"product_cat-sur-mesure","13":"first","14":"instock","15":"taxable","16":"shipping-taxable","17":"purchasable","18":"product-type-simple"},"_links":{"self":[{"href":"https:\/\/manakinfleurs.com\/fr\/wp-json\/wp\/v2\/product\/38518","targetHints":{"allow":["GET"]}}],"collection":[{"href":"https:\/\/manakinfleurs.com\/fr\/wp-json\/wp\/v2\/product"}],"about":[{"href":"https:\/\/manakinfleurs.com\/fr\/wp-json\/wp\/v2\/types\/product"}],"wp:featuredmedia":[{"embeddable":true,"href":"https:\/\/manakinfleurs.com\/fr\/wp-json\/wp\/v2\/media\/35319"}],"wp:attachment":[{"href":"https:\/\/manakinfleurs.com\/fr\/wp-json\/wp\/v2\/media?parent=38518"}],"wp:term":[{"taxonomy":"product_brand","embeddable":true,"href":"https:\/\/manakinfleurs.com\/fr\/wp-json\/wp\/v2\/product_brand?post=38518"},{"taxonomy":"product_cat","embeddable":true,"href":"https:\/\/manakinfleurs.com\/fr\/wp-json\/wp\/v2\/product_cat?post=38518"},{"taxonomy":"product_tag","embeddable":true,"href":"https:\/\/manakinfleurs.com\/fr\/wp-json\/wp\/v2\/product_tag?post=38518"}],"curies":[{"name":"wp","href":"https:\/\/api.w.org\/{rel}","templated":true}]}}