{"id":38511,"date":"2026-01-18T21:15:59","date_gmt":"2026-01-18T20:15:59","guid":{"rendered":"https:\/\/manakinfleurs.com\/?post_type=product&#038;p=38511"},"modified":"2025-09-22T11:22:16","modified_gmt":"2025-09-22T10:22:16","slug":"roses-fusion-100-pink-roses-bouquet","status":"publish","type":"product","link":"https:\/\/manakinfleurs.com\/fr\/boutique\/roses-fusion-100-pink-roses-bouquet\/","title":{"rendered":"ROSES FUSION"},"content":{"rendered":"<p><strong>Fleuriste incontournable \u00e0 Nice, <\/strong> Manakin Fleurs et D\u00e9corations s\u2019engage \u00e0 offrir une d\u00e9coration florale artistique qui fait plaisir aux sens. &#8220;Roses FUSION&#8221; est <strong>une superbe association de fleurs<\/strong>, parfaite pour toutes les occasions. <\/p>\n<p>Manakin Fleurs et D\u00e9corations s\u2019engage \u00e0 livrer des bouquets spectaculaires, avec un souci constant de qualit\u00e9 et d\u2019excellence. <strong>Livraison de fleurs<\/strong> \u00e0 Saint-Tropez, Cannes, Juan-Les-Pins, Antibes, Saint-Paul-de-Vence, Nice, Saint-Jean-Cap-Ferrat, \u00c8ze, Monaco, Menton et sur toute la C\u00f4te d\u2019Azur. Pour les grosses commandes ou circonstances sp\u00e9ciales, la livraison peut \u00eatre \u00e9largie.  <\/p>\n<p>Veuillez noter que notre offre florale d\u00e9pend des saisons et de la disponibilit\u00e9 au moment de la commande. Si une vari\u00e9t\u00e9 n\u2019est pas disponible, elle sera remplac\u00e9e par la meilleure alternative possible pour pr\u00e9server l\u2019aspect du bouquet. Si la cr\u00e9ation exacte n\u2019est pas r\u00e9alisable, nous vous contacterons rapidement pour d\u00e9finir ensemble la solution id\u00e9ale.  <\/p>\n<p>Diam\u00e8tre 70-75 cm<\/p>\n","protected":false},"excerpt":{"rendered":"<p><span class=\"ng-star-inserted\">Laissez-vous envo\u00fbter par la beaut\u00e9 du<\/span> <strong class=\"ng-star-inserted\"><span class=\"ng-star-inserted\">bouquet 100 roses roses<\/span><\/strong><span class=\"ng-star-inserted\">Une exp\u00e9rience florale inoubliable. Cette composition somptueuse r\u00e9unit cent roses soigneusement s\u00e9lectionn\u00e9es, m\u00ealant nuances roses claires et fonc\u00e9es pour un rendu d\u2019une \u00e9l\u00e9gance et d\u2019un romantisme incomparables. Avec un diam\u00e8tre impressionnant de 70 \u00e0 75 cm, ce grand bouquet ne passe pas inaper\u00e7u ! Il est parfait pour les anniversaires, \u00e9v\u00e9nements sp\u00e9ciaux ou toute occasion \u00e0 marquer d\u2019une touche luxueuse. Chaque rose est assembl\u00e9e \u00e0 la main avec le plus grand soin, pour offrir un cadeau inoubliable, m\u00eame bien apr\u00e8s la floraison. D\u00e9couvrez la magie de la C\u00f4te d\u2019Azur avec cette cr\u00e9ation florale d\u2019exception.     <\/span><\/p>\n","protected":false},"featured_media":36231,"template":"","meta":{"_uf_show_specific_survey":0,"_uf_disable_surveys":false},"product_brand":[],"product_cat":[1390,1418,1427,1394,1431,1433,1400],"product_tag":[],"class_list":{"0":"post-38511","1":"product","2":"type-product","3":"status-publish","4":"has-post-thumbnail","6":"product_cat-anniversaire-de-mariage","7":"product_cat-luxe","8":"product_cat-mono-bouquets","9":"product_cat-rentree-scolaire","10":"product_cat-romantique","11":"product_cat-bouquets-de-roses","12":"product_cat-saint-valentin","15":"first","16":"instock","17":"taxable","18":"shipping-taxable","19":"purchasable","20":"product-type-simple"},"_links":{"self":[{"href":"https:\/\/manakinfleurs.com\/fr\/wp-json\/wp\/v2\/product\/38511","targetHints":{"allow":["GET"]}}],"collection":[{"href":"https:\/\/manakinfleurs.com\/fr\/wp-json\/wp\/v2\/product"}],"about":[{"href":"https:\/\/manakinfleurs.com\/fr\/wp-json\/wp\/v2\/types\/product"}],"wp:featuredmedia":[{"embeddable":true,"href":"https:\/\/manakinfleurs.com\/fr\/wp-json\/wp\/v2\/media\/36231"}],"wp:attachment":[{"href":"https:\/\/manakinfleurs.com\/fr\/wp-json\/wp\/v2\/media?parent=38511"}],"wp:term":[{"taxonomy":"product_brand","embeddable":true,"href":"https:\/\/manakinfleurs.com\/fr\/wp-json\/wp\/v2\/product_brand?post=38511"},{"taxonomy":"product_cat","embeddable":true,"href":"https:\/\/manakinfleurs.com\/fr\/wp-json\/wp\/v2\/product_cat?post=38511"},{"taxonomy":"product_tag","embeddable":true,"href":"https:\/\/manakinfleurs.com\/fr\/wp-json\/wp\/v2\/product_tag?post=38511"}],"curies":[{"name":"wp","href":"https:\/\/api.w.org\/{rel}","templated":true}]}}