{"id":38507,"date":"2019-04-30T09:03:24","date_gmt":"2019-04-30T08:03:24","guid":{"rendered":"https:\/\/manakinfleurs.com\/?post_type=product&#038;p=38507"},"modified":"2025-09-22T11:21:19","modified_gmt":"2025-09-22T10:21:19","slug":"medium-vase-for-flowers","status":"publish","type":"product","link":"https:\/\/manakinfleurs.com\/fr\/boutique\/medium-vase-for-flowers\/","title":{"rendered":"\u0412\u0430\u0437\u0430 M"},"content":{"rendered":"<p><strong data-start=\"244\" data-end=\"310\">\u0421\u0440\u0435\u0434\u043d\u044f\u044f \u0432\u0430\u0437\u0430 \u0434\u043b\u044f \u0446\u0432\u0435\u0442\u043e\u0432 \u2014 \u0432\u043e\u043f\u043b\u043e\u0449\u0435\u043d\u0438\u0435 \u044d\u043b\u0435\u0433\u0430\u043d\u0442\u043d\u043e\u0441\u0442\u0438 \u0434\u043b\u044f \u0432\u0430\u0448\u0435\u0433\u043e \u0431\u0443\u043a\u0435\u0442\u0430<\/strong><\/p>\n<p><br data-start=\"310\" data-end=\"313\"\/>\u041a\u0440\u0430\u0441\u0438\u0432\u044b\u0439 \u0431\u0443\u043a\u0435\u0442 \u0437\u0430\u0441\u043b\u0443\u0436\u0438\u0432\u0430\u0435\u0442 \u0438\u0434\u0435\u0430\u043b\u044c\u043d\u043e\u0433\u043e \u0441\u043f\u0443\u0442\u043d\u0438\u043a\u0430 \u2014 \u0441\u0440\u0435\u0434\u043d\u0435\u0439 \u0432\u0430\u0437\u044b \u0434\u043b\u044f \u0446\u0432\u0435\u0442\u043e\u0432, \u0441\u043e\u0447\u0435\u0442\u0430\u044e\u0449\u0435\u0439 \u0432\u0435\u0447\u043d\u0443\u044e \u044d\u043b\u0435\u0433\u0430\u043d\u0442\u043d\u043e\u0441\u0442\u044c \u0438 \u0444\u0443\u043d\u043a\u0446\u0438\u043e\u043d\u0430\u043b\u044c\u043d\u044b\u0439 \u0434\u0438\u0437\u0430\u0439\u043d. \u041d\u0430\u0448\u0430 \u0442\u0449\u0430\u0442\u0435\u043b\u044c\u043d\u043e \u043f\u043e\u0434\u043e\u0431\u0440\u0430\u043d\u043d\u0430\u044f \u0441\u0440\u0435\u0434\u043d\u044f\u044f \u0432\u0430\u0437\u0430 \u043f\u043e\u0434\u0447\u0451\u0440\u043a\u0438\u0432\u0430\u0435\u0442 \u044f\u0440\u043a\u0438\u0435 \u043e\u0442\u0442\u0435\u043d\u043a\u0438 \u0438 \u0438\u0437\u044f\u0449\u043d\u0443\u044e \u0441\u0442\u0440\u0443\u043a\u0442\u0443\u0440\u0443 \u0432\u0430\u0448\u0435\u0433\u043e \u0431\u0443\u043a\u0435\u0442\u0430, \u0430 \u0442\u0430\u043a\u0436\u0435 \u0441\u043b\u0443\u0436\u0438\u0442 \u0441\u0442\u0438\u043b\u044c\u043d\u044b\u043c \u0430\u043a\u0446\u0435\u043d\u0442\u043e\u043c. \u041d\u0430 \u0441\u0442\u043e\u043b\u0435, \u043a\u0430\u043c\u0438\u043d\u043d\u043e\u0439 \u043f\u043e\u043b\u043a\u0435 \u0438\u043b\u0438 \u0440\u0430\u0431\u043e\u0447\u0435\u043c \u043c\u0435\u0441\u0442\u0435 \u0435\u0451 \u043f\u0440\u0435\u043c\u0438\u0430\u043b\u044c\u043d\u043e\u0435 \u0441\u0442\u0435\u043a\u043b\u043e \u043e\u0431\u0435\u0441\u043f\u0435\u0447\u0438\u0432\u0430\u0435\u0442 \u0431\u043b\u0435\u0441\u043a \u0438 \u043f\u0440\u043e\u0437\u0440\u0430\u0447\u043d\u043e\u0441\u0442\u044c, \u0433\u0430\u0440\u043c\u043e\u043d\u0438\u0447\u043d\u043e \u0434\u043e\u043f\u043e\u043b\u043d\u044f\u044f \u043b\u044e\u0431\u043e\u0439 \u0441\u0442\u0438\u043b\u044c. \u0422\u0430\u043a\u0430\u044f \u0432\u0430\u0437\u0430 \u043f\u0440\u0435\u0432\u0440\u0430\u0449\u0430\u0435\u0442 \u0431\u0443\u043a\u0435\u0442 \u0432 \u0433\u043b\u0430\u0432\u043d\u044b\u0439 \u0430\u043a\u0446\u0435\u043d\u0442, \u0438\u0441\u0442\u043e\u0447\u0430\u044e\u0449\u0438\u0439 \u0448\u0430\u0440\u043c \u0438 \u0443\u0442\u043e\u043d\u0447\u0435\u043d\u043d\u043e\u0441\u0442\u044c.   <\/p>\n","protected":false},"excerpt":{"rendered":"<p>Mettez en valeur votre bouquet avec notre vase pour fleurs \u2014 parfaitement con\u00e7u en verre \u00e9l\u00e9gant pour sublimer vos compositions florales.<\/p>\n","protected":false},"featured_media":37179,"template":"","meta":{"_uf_show_specific_survey":0,"_uf_disable_surveys":false},"product_brand":[],"product_cat":[1388],"product_tag":[],"class_list":{"0":"post-38507","1":"product","2":"type-product","3":"status-publish","4":"has-post-thumbnail","6":"product_cat-accessoires","9":"first","10":"instock","11":"taxable","12":"shipping-taxable","13":"purchasable","14":"product-type-simple"},"_links":{"self":[{"href":"https:\/\/manakinfleurs.com\/fr\/wp-json\/wp\/v2\/product\/38507","targetHints":{"allow":["GET"]}}],"collection":[{"href":"https:\/\/manakinfleurs.com\/fr\/wp-json\/wp\/v2\/product"}],"about":[{"href":"https:\/\/manakinfleurs.com\/fr\/wp-json\/wp\/v2\/types\/product"}],"wp:featuredmedia":[{"embeddable":true,"href":"https:\/\/manakinfleurs.com\/fr\/wp-json\/wp\/v2\/media\/37179"}],"wp:attachment":[{"href":"https:\/\/manakinfleurs.com\/fr\/wp-json\/wp\/v2\/media?parent=38507"}],"wp:term":[{"taxonomy":"product_brand","embeddable":true,"href":"https:\/\/manakinfleurs.com\/fr\/wp-json\/wp\/v2\/product_brand?post=38507"},{"taxonomy":"product_cat","embeddable":true,"href":"https:\/\/manakinfleurs.com\/fr\/wp-json\/wp\/v2\/product_cat?post=38507"},{"taxonomy":"product_tag","embeddable":true,"href":"https:\/\/manakinfleurs.com\/fr\/wp-json\/wp\/v2\/product_tag?post=38507"}],"curies":[{"name":"wp","href":"https:\/\/api.w.org\/{rel}","templated":true}]}}