{"id":38501,"date":"2019-04-30T11:58:30","date_gmt":"2019-04-30T10:58:30","guid":{"rendered":"https:\/\/manakinfleurs.com\/?post_type=product&#038;p=38501"},"modified":"2025-09-22T11:22:13","modified_gmt":"2025-09-22T10:22:13","slug":"xxl-vase-for-flowers","status":"publish","type":"product","link":"https:\/\/manakinfleurs.com\/fr\/boutique\/xxl-vase-for-flowers\/","title":{"rendered":"Vase XXL"},"content":{"rendered":"<p><strong data-start=\"244\" data-end=\"310\">Vase XXL pour fleurs \u2013 L\u2019\u00e9l\u00e9gance ultime pour votre bouquet<\/strong><\/p>\n<p><br data-start=\"310\" data-end=\"313\"\/>Un magnifique bouquet m\u00e9rite son compagnon id\u00e9al : un vase XXL pour fleurs, alliant \u00e9l\u00e9gance intemporelle et design fonctionnel. Notre vase XXL soigneusement s\u00e9lectionn\u00e9 sublime les couleurs vives et la structure d\u00e9licate de votre bouquet, tout en servant d\u2019accent raffin\u00e9. Que ce soit sur une table, une chemin\u00e9e ou un bureau, son verre haut de gamme offre clart\u00e9 et \u00e9clat, s\u2019accordant \u00e0 tous les styles de d\u00e9co. Ce choix garantit que vos fleurs resteront la pi\u00e8ce ma\u00eetresse, empreinte de charme et de raffinement.   <\/p>\n","protected":false},"excerpt":{"rendered":"<p>Mettez en valeur votre bouquet avec notre vase pour fleurs \u2014 parfaitement con\u00e7u en verre \u00e9l\u00e9gant pour sublimer vos compositions florales.<\/p>\n","protected":false},"featured_media":37185,"template":"","meta":{"_uf_show_specific_survey":0,"_uf_disable_surveys":false},"product_brand":[],"product_cat":[1388],"product_tag":[],"class_list":{"0":"post-38501","1":"product","2":"type-product","3":"status-publish","4":"has-post-thumbnail","6":"product_cat-accessoires","9":"first","10":"instock","11":"taxable","12":"shipping-taxable","13":"purchasable","14":"product-type-simple"},"_links":{"self":[{"href":"https:\/\/manakinfleurs.com\/fr\/wp-json\/wp\/v2\/product\/38501","targetHints":{"allow":["GET"]}}],"collection":[{"href":"https:\/\/manakinfleurs.com\/fr\/wp-json\/wp\/v2\/product"}],"about":[{"href":"https:\/\/manakinfleurs.com\/fr\/wp-json\/wp\/v2\/types\/product"}],"wp:featuredmedia":[{"embeddable":true,"href":"https:\/\/manakinfleurs.com\/fr\/wp-json\/wp\/v2\/media\/37185"}],"wp:attachment":[{"href":"https:\/\/manakinfleurs.com\/fr\/wp-json\/wp\/v2\/media?parent=38501"}],"wp:term":[{"taxonomy":"product_brand","embeddable":true,"href":"https:\/\/manakinfleurs.com\/fr\/wp-json\/wp\/v2\/product_brand?post=38501"},{"taxonomy":"product_cat","embeddable":true,"href":"https:\/\/manakinfleurs.com\/fr\/wp-json\/wp\/v2\/product_cat?post=38501"},{"taxonomy":"product_tag","embeddable":true,"href":"https:\/\/manakinfleurs.com\/fr\/wp-json\/wp\/v2\/product_tag?post=38501"}],"curies":[{"name":"wp","href":"https:\/\/api.w.org\/{rel}","templated":true}]}}