{"id":38495,"date":"2024-04-10T10:16:17","date_gmt":"2024-04-10T09:16:17","guid":{"rendered":"https:\/\/manakinfleurs.com\/?post_type=product&#038;p=38495"},"modified":"2025-09-22T11:22:13","modified_gmt":"2025-09-22T10:22:13","slug":"summer-solstice-white-chrysanthemum","status":"publish","type":"product","link":"https:\/\/manakinfleurs.com\/fr\/boutique\/summer-solstice-white-chrysanthemum\/","title":{"rendered":"SUMMER SOLSTICE"},"content":{"rendered":"<h3 class=\"mb-xs mt-5 text-base font-[500] first:mt-0 dark:font-[475]\">Cadeau parfait pour toutes les occasions<\/h3>\n<p class=\"my-0\">Ce bouquet polyvalent est id\u00e9al pour :<\/p>\n<ul>\n<li class=\"my-0\"><a href=\"https:\/\/manakinfleurs.com\/fr\/categorie\/anniversaire\/\">Anniversaires <\/a> et <a href=\"https:\/\/manakinfleurs.com\/fr\/categorie\/anniversaire-de-mariage\/\">f\u00eates<\/a><\/li>\n<li class=\"my-0\">D\u00e9clarations d\u2019amour, de gratitude ou de <a href=\"https:\/\/manakinfleurs.com\/fr\/categorie\/felicitations\/\">f\u00e9licitations <\/a><\/li>\n<li class=\"my-0\">Illuminer la journ\u00e9e de vos proches avec une touche de joie estivale<\/li>\n<\/ul>\n<p class=\"my-0\">Chaque composition de chrysanth\u00e8mes blancs est fra\u00eechement r\u00e9alis\u00e9e par les fleuristes experts de <strong>Manakin Fleurs<\/strong> pour garantir \u00e9l\u00e9gance et effet visuel spectaculaire \u00e0 la livraison.<\/p>\n<p><iframe loading=\"lazy\" title=\"May Riviera \u2013 Cadeau floral de la Riviera\" src=\"https:\/\/www.youtube.com\/embed\/-zAafV-QliI\" width=\"315\" height=\"560\" frameborder=\"0\" allowfullscreen=\"allowfullscreen\"><\/iframe><\/p>\n<h3 class=\"mb-xs mt-5 text-base font-[500] first:mt-0 dark:font-[475]\">Inspir\u00e9 par la C\u00f4te d\u2019Azur<\/h3>\n<p class=\"my-0\">S\u2019inspirant des paysages luxuriants de la M\u00e9diterran\u00e9e, le bouquet <strong>Summer Solstice<\/strong> (Solstice d\u2019\u00c9t\u00e9) marie nuances de <a href=\"https:\/\/manakinfleurs.com\/fr\/boutique\/?filter_color=blanc\">blanc <\/a> et de <a href=\"https:\/\/manakinfleurs.com\/fr\/boutique\/?filter_color=vert\">vert<\/a>, symboles de puret\u00e9, de renouveau et d\u2019abondance naturelle. Son style asym\u00e9trique et libre \u00e9voque la beaut\u00e9 spontan\u00e9e des jardins baign\u00e9s de soleil sur la C\u00f4te d\u2019Azur. <\/p>\n<h3 class=\"mb-xs mt-5 text-base font-[500] first:mt-0 dark:font-[475]\">Service personnalis\u00e9 et fiable<\/h3>\n<p class=\"my-0\">Ajoutez un message personnel pour une touche finale attentionn\u00e9e. <strong>Manakin Fleurs et D\u00e9corations<\/strong> livre partout sur la C\u00f4te d\u2019Azur : Saint-Tropez, <a href=\"https:\/\/manakinfleurs.com\/delivery\/flower-delivery-in-cannes-06400\/\">Cannes<\/a>, Juan-Les-Pins, Antibes, Saint-Paul-de-Vence, <a href=\"https:\/\/manakinfleurs.com\/delivery\/flower-delivery-in-nice-cote-d-azur\/\">Nice<\/a>, <a href=\"https:\/\/manakinfleurs.com\/delivery\/flower-delivery-saint-jean-cap-ferrat\/\">Saint-Jean-Cap-Ferrat<\/a>, \u00c8ze, <a href=\"https:\/\/manakinfleurs.com\/delivery\/premium-flower-delivery-in-monaco\/\">Monaco<\/a>, Menton.<\/p>\n<p class=\"my-0\"><strong>Remarque<\/strong> : la disponibilit\u00e9 des fleurs d\u00e9pend des saisons. Si une fleur est manquante, notre \u00e9quipe choisira l\u2019alternative la plus proche pour pr\u00e9server la beaut\u00e9 et l\u2019harmonie du bouquet. Si la composition exacte n\u2019est pas r\u00e9alisable, vous serez contact\u00e9 rapidement pour convenir de la meilleure option.  <\/p>\n<h3 class=\"mb-xs mt-5 text-base font-[500] first:mt-0 dark:font-[475]\">Vivez l\u2019exp\u00e9rience du Solstice d\u2019\u00c9t\u00e9<\/h3>\n<p class=\"my-0\">Ressentez l\u2019essence de l\u2019\u00e9t\u00e9 avec ce bouquet artisanal, confectionn\u00e9 avec soin et livr\u00e9 avec professionnalisme. Commandez le <strong>Summer Solstice<\/strong> chez <strong>Manakin Fleurs<\/strong> et transformez chaque jour en une f\u00eate \u00e9l\u00e9gante et joyeuse. <\/p>\n","protected":false},"excerpt":{"rendered":"<h2 class=\"mb-xs mt-5 text-base font-[500] first:mt-0 dark:font-[475]\">\u00c9l\u00e9gance estivale intemporelle<\/h2>\n<p>C\u00e9l\u00e9brez la beaut\u00e9 \u00e9clatante de la saison avec le superbe bouquet \u00ab <strong>Summer Solstice<\/strong>\u00bb de la collection <a href=\"https:\/\/manakinfleurs.com\/fr\/categorie\/champetre\">Champ\u00eatre <\/a> <strong>Manakin Fleurs et D\u00e9corations<\/strong>. Cette composition saisissante capture toute la fra\u00eecheur et la joie lumineuse des estivales sur la C\u00f4te d\u2019Azur. <\/p>\n<h3 class=\"mb-xs mt-5 text-base font-[500] first:mt-0 dark:font-[475]\">Caract\u00e9ristiques principales<\/h3>\n<ul>\n<li class=\"my-0\"><strong><a href=\"https:\/\/manakinfleurs.com\/flower-shop\/?filter_color=white&amp;filter_flowers=matthiola\">Matthiola blanche d\u00e9licate <\/a><\/strong> : fleurs douces et \u00e9l\u00e9gantes qui apportent d\u00e9licatesse et une fragrance l\u00e9g\u00e8re.<\/li>\n<li class=\"my-0\"><strong><a href=\"https:\/\/manakinfleurs.com\/flower-shop\/?filter_color=white&amp;filter_flowers=chrysanthemum\">Chrysanth\u00e8mes blancs purs <\/a> :<\/strong> symboles de puret\u00e9 et de s\u00e9r\u00e9nit\u00e9, apportant du volume et de la texture.<\/li>\n<li class=\"my-0\"><strong>Fleurs Ami <a href=\"https:\/\/manakinfleurs.com\/fr\/boutique\/?filter_color=vert\">vertes <\/a> \u00e9clatantes<\/strong> : tons verts luxuriants pour une touche de fra\u00eecheur et d\u2019harmonie avec les p\u00e9tales blancs a\u00e9r\u00e9s.<\/li>\n<li class=\"my-0\"><strong>Design naturel et asym\u00e9trique <\/strong> : esth\u00e9tique spontan\u00e9e et vivante evocant des prairies sauvages en fleurs.<\/li>\n<\/ul>\n","protected":false},"featured_media":37759,"template":"","meta":{"_uf_show_specific_survey":0,"_uf_disable_surveys":false},"product_brand":[1447],"product_cat":[1408,1416,1439],"product_tag":[],"class_list":{"0":"post-38495","1":"product","2":"type-product","3":"status-publish","4":"has-post-thumbnail","6":"product_brand-manakin-fleurs","7":"product_cat-champetre","8":"product_cat-decor-floral-maison","9":"product_cat-deuil","12":"first","13":"instock","14":"taxable","15":"shipping-taxable","16":"purchasable","17":"product-type-variable","18":"has-default-attributes"},"_links":{"self":[{"href":"https:\/\/manakinfleurs.com\/fr\/wp-json\/wp\/v2\/product\/38495","targetHints":{"allow":["GET"]}}],"collection":[{"href":"https:\/\/manakinfleurs.com\/fr\/wp-json\/wp\/v2\/product"}],"about":[{"href":"https:\/\/manakinfleurs.com\/fr\/wp-json\/wp\/v2\/types\/product"}],"wp:featuredmedia":[{"embeddable":true,"href":"https:\/\/manakinfleurs.com\/fr\/wp-json\/wp\/v2\/media\/37759"}],"wp:attachment":[{"href":"https:\/\/manakinfleurs.com\/fr\/wp-json\/wp\/v2\/media?parent=38495"}],"wp:term":[{"taxonomy":"product_brand","embeddable":true,"href":"https:\/\/manakinfleurs.com\/fr\/wp-json\/wp\/v2\/product_brand?post=38495"},{"taxonomy":"product_cat","embeddable":true,"href":"https:\/\/manakinfleurs.com\/fr\/wp-json\/wp\/v2\/product_cat?post=38495"},{"taxonomy":"product_tag","embeddable":true,"href":"https:\/\/manakinfleurs.com\/fr\/wp-json\/wp\/v2\/product_tag?post=38495"}],"curies":[{"name":"wp","href":"https:\/\/api.w.org\/{rel}","templated":true}]}}