{"id":38490,"date":"2024-04-10T10:28:53","date_gmt":"2024-04-10T09:28:53","guid":{"rendered":"https:\/\/manakinfleurs.com\/?post_type=product&#038;p=38490"},"modified":"2025-09-22T11:21:20","modified_gmt":"2025-09-22T10:21:20","slug":"summer-in-monaco-bouquet","status":"publish","type":"product","link":"https:\/\/manakinfleurs.com\/fr\/boutique\/summer-in-monaco-bouquet\/","title":{"rendered":"SUMMER IN MONACO"},"content":{"rendered":"<p>Avec un diam\u00e8tre de 60 cm, ce bouquet d\u2019\u00e9t\u00e9 Monaco affiche un volume g\u00e9n\u00e9reux et attire tous les regards. Parfait pour sublimer une table ou illuminer un int\u00e9rieur, il apporte une vraie dose de soleil et de chaleur. <\/p>\n<p>Nos fleurs sont soigneusement emball\u00e9es dans un papier sp\u00e9cifique, assurant une parfaite protection durant le transport. Livr\u00e9es par coursier, elles arrivent fra\u00eeches et pr\u00eates \u00e0 \u00e9merveiller. <\/p>\n<p>N\u2019oubliez pas d\u2019ajouter un message personnalis\u00e9 \u00e0 votre bouquet pour le rendre encore plus sp\u00e9cial. Avec Manakin Fleurs et D\u00e9corations, la <strong>livraison de fleurs<\/strong> n\u2019a jamais \u00e9t\u00e9 aussi simple. Commandez d\u00e8s maintenant et offrez un petit bout de C\u00f4te d\u2019Azur \u00e0 votre entourage.  <\/p>\n<p>Il est important de noter que notre s\u00e9lection de fleurs varie selon les saisons et les arrivages au moment de la commande. Si certaines vari\u00e9t\u00e9s sont indisponibles, nous les rempla\u00e7ons par la meilleure alternative pour conserver l\u2019esth\u00e9tique souhait\u00e9e. En cas d\u2019impossibilit\u00e9, nous vous contacterons rapidement pour convenir ensemble de la meilleure option.  <\/p>\n","protected":false},"excerpt":{"rendered":"<p>Commandez notre magnifique <strong>bouquet d\u2019\u00e9t\u00e9 Monaco<\/strong> de la collection <a href=\"https:\/\/manakinfleurs.com\/product-category\/champetre-en\/\">Champ\u00eatre<\/a>, <strong>Manakin Fleurs et D\u00e9corations<\/strong>. \u00c9clatant de vie et de nuances roses vibrantes, il c\u00e9l\u00e8bre la joie de vivre avec \u00e9l\u00e9gance et fantaisie. <\/p>\n<p>Compos\u00e9 de <a href=\"https:\/\/manakinfleurs.com\/flower-shop\/?filter_color=yellow&amp;filter_flowers=ranunculus\"><strong>renoncules <\/strong> citron<\/a>, de <a href=\"https:\/\/manakinfleurs.com\/fr\/boutique\/?filter_flowers=gerbera&amp;filter_color=rose\"><strong>gerberas roses<\/strong><\/a> et de <strong>mufliers roses<\/strong>, le <strong>bouquet d\u2019\u00e9t\u00e9 Monaco<\/strong> associe des fleurs pleines de bonheur et de bonne humeur. Son <strong>design asym\u00e9trique<\/strong> renforce son c\u00f4t\u00e9 espi\u00e8gle, tandis que les couleurs vives instaurent une atmosph\u00e8re joyeuse et festive. <\/p>\n<p>&nbsp;<\/p>\n","protected":false},"featured_media":35955,"template":"","meta":{"_uf_show_specific_survey":0,"_uf_disable_surveys":false},"product_brand":[],"product_cat":[1402,1408,1431],"product_tag":[],"class_list":{"0":"post-38490","1":"product","2":"type-product","3":"status-publish","4":"has-post-thumbnail","6":"product_cat-anniversaire","7":"product_cat-champetre","8":"product_cat-romantique","11":"first","12":"instock","13":"taxable","14":"shipping-taxable","15":"purchasable","16":"product-type-variable","17":"has-default-attributes"},"_links":{"self":[{"href":"https:\/\/manakinfleurs.com\/fr\/wp-json\/wp\/v2\/product\/38490","targetHints":{"allow":["GET"]}}],"collection":[{"href":"https:\/\/manakinfleurs.com\/fr\/wp-json\/wp\/v2\/product"}],"about":[{"href":"https:\/\/manakinfleurs.com\/fr\/wp-json\/wp\/v2\/types\/product"}],"wp:featuredmedia":[{"embeddable":true,"href":"https:\/\/manakinfleurs.com\/fr\/wp-json\/wp\/v2\/media\/35955"}],"wp:attachment":[{"href":"https:\/\/manakinfleurs.com\/fr\/wp-json\/wp\/v2\/media?parent=38490"}],"wp:term":[{"taxonomy":"product_brand","embeddable":true,"href":"https:\/\/manakinfleurs.com\/fr\/wp-json\/wp\/v2\/product_brand?post=38490"},{"taxonomy":"product_cat","embeddable":true,"href":"https:\/\/manakinfleurs.com\/fr\/wp-json\/wp\/v2\/product_cat?post=38490"},{"taxonomy":"product_tag","embeddable":true,"href":"https:\/\/manakinfleurs.com\/fr\/wp-json\/wp\/v2\/product_tag?post=38490"}],"curies":[{"name":"wp","href":"https:\/\/api.w.org\/{rel}","templated":true}]}}