{"id":38477,"date":"2026-01-03T15:34:30","date_gmt":"2026-01-03T14:34:30","guid":{"rendered":"https:\/\/manakinfleurs.com\/?post_type=product&#038;p=38477"},"modified":"2025-09-22T11:21:21","modified_gmt":"2025-09-22T10:21:21","slug":"sweetheart-heart-shaped-rose-basket","status":"publish","type":"product","link":"https:\/\/manakinfleurs.com\/fr\/boutique\/sweetheart-heart-shaped-rose-basket\/","title":{"rendered":"SWEETHEART"},"content":{"rendered":"<p>Le panier peut \u00eatre personnalis\u00e9 avec diff\u00e9rentes nuances de roses pour s\u2019adapter \u00e0 vos envies ou au th\u00e8me de votre \u00e9v\u00e9nement. Nous proposons aussi d\u2019ajouter une lettre, des initiales ou un chiffre au centre de la composition pour encore plus de personnalisation. Id\u00e9al pour souligner les grands moments comme un anniversaire de mariage, un anniversaire marquant ou un accomplissement sp\u00e9cial.  <\/p>\n<p>Pour une touche personnelle suppl\u00e9mentaire, choisissez <strong>les couleurs pr\u00e9f\u00e9r\u00e9es<\/strong> du destinataire ou celles du th\u00e8me de l\u2019\u00e9v\u00e9nement.<\/p>\n<p>Chez Manakin Fleurs et D\u00e9coration, <strong>votre fleuriste de confiance \u00e0 Nice<\/strong>, nous <strong>livrons <\/strong> partout sur la C\u00f4te d\u2019Azur.<\/p>\n<p>Notez que notre s\u00e9lection de fleurs d\u00e9pend de la saison et des arrivages : si une vari\u00e9t\u00e9 manque, elle sera remplac\u00e9e par l\u2019alternative la plus proche afin de pr\u00e9server l\u2019esth\u00e9tique souhait\u00e9e. Si la cr\u00e9ation du bouquet n\u2019est pas r\u00e9alisable, nous vous contacterons rapidement pour convenir ensemble de la meilleure composition.  <\/p>\n","protected":false},"excerpt":{"rendered":"<h2><span data-sheets-root=\"1\">Panier de roses en forme de c\u0153ur : un geste romantique et raffin\u00e9<\/span><\/h2>\n<p>Le panier de roses en forme de c\u0153ur <strong>Sweetheart <\/strong> est un chef-d\u2019\u0153uvre floral spectaculaire, d\u2019un <strong>diam\u00e8tre impressionnant de 70 \u00e0 80 cm<\/strong>. Pens\u00e9 pour fasciner, cet arrangement <a href=\"https:\/\/manakinfleurs.com\/fr\/categorie\/luxe\">luxueux <\/a> marie la passion intense <a href=\"https:\/\/manakinfleurs.com\/flower-shop\/?filter_color=red&amp;filter_flowers=rose\">des roses rouges<\/a> \u00e0 la douceur d\u00e9licate <a href=\"https:\/\/manakinfleurs.com\/fr\/boutique\/?filter_flowers=rose&amp;filter_color=rose\">des roses roses<\/a>, \u00e9l\u00e9gamment fa\u00e7onn\u00e9 en forme de c\u0153ur. Id\u00e9al pour <a href=\"https:\/\/manakinfleurs.com\/fr\/categorie\/mariage\">les mariages<\/a>, <a href=\"https:\/\/manakinfleurs.com\/fr\/categorie\/anniversaire\">anniversaires<\/a>, <a href=\"https:\/\/manakinfleurs.com\/fr\/categorie\/anniversaire-de-mariage\">f\u00eates <\/a> ou <a href=\"https:\/\/manakinfleurs.com\/fr\/categorie\/romantique\">toute occasion romantique<\/a>, ce <a href=\"https:\/\/manakinfleurs.com\/fr\/categorie\/panier-de-fleurs\">panier <\/a> exprime magnifiquement l\u2019affection et le raffinement.  <\/p>\n<p>Chaque rose est s\u00e9lectionn\u00e9e \u00e0 la main et dispos\u00e9e avec soin, faisant de ce panier le cadeau id\u00e9al pour c\u00e9l\u00e9brer l\u2019amour et cr\u00e9er des souvenirs inoubliables. Offrez de la joie et une touche d\u2019\u00e9l\u00e9gance \u00e0 vos moments pr\u00e9cieux gr\u00e2ce \u00e0 cette composition florale unique. <\/p>\n","protected":false},"featured_media":36275,"template":"","meta":{"_uf_show_specific_survey":0,"_uf_disable_surveys":false},"product_brand":[1447],"product_cat":[1396,1402,1390,1418,1441,1431,1433,1400],"product_tag":[],"class_list":{"0":"post-38477","1":"product","2":"type-product","3":"status-publish","4":"has-post-thumbnail","6":"product_brand-manakin-fleurs","7":"product_cat-panier-de-fleurs","8":"product_cat-anniversaire","9":"product_cat-anniversaire-de-mariage","10":"product_cat-luxe","11":"product_cat-mariage","12":"product_cat-romantique","13":"product_cat-bouquets-de-roses","14":"product_cat-saint-valentin","17":"first","18":"instock","19":"taxable","20":"shipping-taxable","21":"purchasable","22":"product-type-simple"},"_links":{"self":[{"href":"https:\/\/manakinfleurs.com\/fr\/wp-json\/wp\/v2\/product\/38477","targetHints":{"allow":["GET"]}}],"collection":[{"href":"https:\/\/manakinfleurs.com\/fr\/wp-json\/wp\/v2\/product"}],"about":[{"href":"https:\/\/manakinfleurs.com\/fr\/wp-json\/wp\/v2\/types\/product"}],"wp:featuredmedia":[{"embeddable":true,"href":"https:\/\/manakinfleurs.com\/fr\/wp-json\/wp\/v2\/media\/36275"}],"wp:attachment":[{"href":"https:\/\/manakinfleurs.com\/fr\/wp-json\/wp\/v2\/media?parent=38477"}],"wp:term":[{"taxonomy":"product_brand","embeddable":true,"href":"https:\/\/manakinfleurs.com\/fr\/wp-json\/wp\/v2\/product_brand?post=38477"},{"taxonomy":"product_cat","embeddable":true,"href":"https:\/\/manakinfleurs.com\/fr\/wp-json\/wp\/v2\/product_cat?post=38477"},{"taxonomy":"product_tag","embeddable":true,"href":"https:\/\/manakinfleurs.com\/fr\/wp-json\/wp\/v2\/product_tag?post=38477"}],"curies":[{"name":"wp","href":"https:\/\/api.w.org\/{rel}","templated":true}]}}