{"id":38475,"date":"2024-07-29T15:42:29","date_gmt":"2024-07-29T14:42:29","guid":{"rendered":"https:\/\/manakinfleurs.com\/?post_type=product&#038;p=38475"},"modified":"2025-09-22T11:22:09","modified_gmt":"2025-09-22T10:22:09","slug":"verde-anthurium-vert","status":"publish","type":"product","link":"https:\/\/manakinfleurs.com\/fr\/boutique\/verde-anthurium-vert\/","title":{"rendered":"VERDE"},"content":{"rendered":"<p>Pour un <strong>cadeau floral plein de fra\u00eecheur et d\u2019\u00e9nergie<\/strong>, choisissez le panier \u2018Verde\u2019<\/p>\n<p>Chez Manakin Fleurs et D\u00e9coration, nous avons \u00e0 c\u0153ur de proposer des cr\u00e9ations florales raffin\u00e9es. Notre service de livraison dessert toute la C\u00f4te d\u2019Azur, de Saint-Tropez \u00e0 Menton, en passant par Monaco, Cannes, Juan-les-Pins, Antibes, Saint-Paul-de-Vence, Nice, Saint-Jean-Cap-Ferrat et Eze. <\/p>\n<p>Merci de noter que la disponibilit\u00e9 de nos fleurs d\u00e9pend des saisons et que la s\u00e9lection peut varier selon les arrivages. Si certaines vari\u00e9t\u00e9s sont indisponibles, nous les remplacerons par l\u2019alternative la plus proche pour pr\u00e9server l\u2019esth\u00e9tique de votre anthurium vert. Si la cr\u00e9ation de votre bouquet s\u2019av\u00e8re impossible, nous vous contacterons rapidement pour convenir d\u2019une solution.  <\/p>\n","protected":false},"excerpt":{"rendered":"<h2><strong>Arrangement floral Verde \u00e0 base d\u2019anthurium vert \u2014 une harmonie de la nature<\/strong><\/h2>\n<p>\u00c9levez votre d\u00e9coration avec l\u2019arrangement florale <strong>Verde<\/strong>, un <a href=\"https:\/\/manakinfleurs.com\/product-category\/basket\/?\">bouquet somptueux<\/a> des plus belles fleurs\u202f: <strong>anthurium <a href=\"https:\/\/manakinfleurs.com\/fr\/boutique\/?filter_color=vert\">vert<\/a><\/strong> luxuriant, <a href=\"https:\/\/manakinfleurs.com\/flower-shop\/?filter_color=white&amp;filter_flowers=ranunculus&amp;orderby=date\"><strong>renoncules blanches<\/strong><\/a> d\u00e9licates, <a href=\"https:\/\/manakinfleurs.com\/fr\/boutique\/?filter_flowers=gerbera\"><strong>gerberas <\/strong><\/a>\u00e9clatants, \u00e9l\u00e9gantes <a href=\"https:\/\/manakinfleurs.com\/fr\/boutique\/?filter_flowers=rose\"><strong>roses Ohara<\/strong><\/a>, <strong>viburnum <\/strong>vibrant. Agr\u00e9ment\u00e9 de <a href=\"https:\/\/manakinfleurs.com\/flower-shop\/?filter_color=white\"><strong>lilas blanc<\/strong><\/a> et de <a href=\"https:\/\/manakinfleurs.com\/fr\/boutique\/?filter_flowers=rose\"><strong>roses Avalanche<\/strong><\/a>, cet anthurium vert apporte harmonie, s\u00e9r\u00e9nit\u00e9 et \u00e9quilibre \u00e0 chaque pi\u00e8ce.  <\/p>\n<p>Soin et savoir-faire font du panier <strong>Verde <\/strong>bien plus qu\u2019un simple bouquet\u202f: c\u2019est un message d\u2019\u00e9l\u00e9gance et de tranquillit\u00e9. Cadeau design ou pi\u00e8ce ma\u00eetresse pour la <a href=\"https:\/\/manakinfleurs.com\/product-category\/home-decor-arrangements\">maison<\/a>, les nuances de <a href=\"https:\/\/manakinfleurs.com\/flower-shop\/?filter_color=green\">vert<\/a> et de <a href=\"https:\/\/manakinfleurs.com\/fr\/boutique\/?filter_color=blanc\">blanc <\/a>de cet anthurium vert cr\u00e9ent une ambiance fra\u00eeche et raffin\u00e9e. <\/p>\n<p>Laissez <strong>l\u2019arrangement floral Verde<\/strong> \u00e0 base d\u2019anthurium vert sublimer votre espace avec s\u00e9r\u00e9nit\u00e9 et sophistication. \ud83c\udf3f<\/p>\n","protected":false},"featured_media":36281,"template":"","meta":{"_uf_show_specific_survey":0,"_uf_disable_surveys":false},"product_brand":[1447],"product_cat":[1396,1472,1416,1433],"product_tag":[],"class_list":{"0":"post-38475","1":"product","2":"type-product","3":"status-publish","4":"has-post-thumbnail","6":"product_brand-manakin-fleurs","7":"product_cat-panier-de-fleurs","8":"product_cat-8-mars","9":"product_cat-decor-floral-maison","10":"product_cat-bouquets-de-roses","13":"first","14":"instock","15":"taxable","16":"shipping-taxable","17":"purchasable","18":"product-type-simple"},"_links":{"self":[{"href":"https:\/\/manakinfleurs.com\/fr\/wp-json\/wp\/v2\/product\/38475","targetHints":{"allow":["GET"]}}],"collection":[{"href":"https:\/\/manakinfleurs.com\/fr\/wp-json\/wp\/v2\/product"}],"about":[{"href":"https:\/\/manakinfleurs.com\/fr\/wp-json\/wp\/v2\/types\/product"}],"wp:featuredmedia":[{"embeddable":true,"href":"https:\/\/manakinfleurs.com\/fr\/wp-json\/wp\/v2\/media\/36281"}],"wp:attachment":[{"href":"https:\/\/manakinfleurs.com\/fr\/wp-json\/wp\/v2\/media?parent=38475"}],"wp:term":[{"taxonomy":"product_brand","embeddable":true,"href":"https:\/\/manakinfleurs.com\/fr\/wp-json\/wp\/v2\/product_brand?post=38475"},{"taxonomy":"product_cat","embeddable":true,"href":"https:\/\/manakinfleurs.com\/fr\/wp-json\/wp\/v2\/product_cat?post=38475"},{"taxonomy":"product_tag","embeddable":true,"href":"https:\/\/manakinfleurs.com\/fr\/wp-json\/wp\/v2\/product_tag?post=38475"}],"curies":[{"name":"wp","href":"https:\/\/api.w.org\/{rel}","templated":true}]}}