{"id":38473,"date":"2024-08-10T11:24:28","date_gmt":"2024-08-10T10:24:28","guid":{"rendered":"https:\/\/manakinfleurs.com\/?post_type=product&#038;p=38473"},"modified":"2025-09-22T11:22:08","modified_gmt":"2025-09-22T10:22:08","slug":"orchid-garden-decoration-interieure","status":"publish","type":"product","link":"https:\/\/manakinfleurs.com\/fr\/boutique\/orchid-garden-decoration-interieure\/","title":{"rendered":"ORCHID GARDEN"},"content":{"rendered":"<p>Diam\u00e8tre de la composition\u202f: 60\u202fcm, hauteur des tiges\u202f: 80\u202fcm.<\/p>\n<p><strong>Conseils d\u2019entretien pour votre orchid\u00e9e<\/strong><br \/>\nPour que votre orchid\u00e9e phalaenopsis blanche reste splendide, suivez ces conseils essentiels :<br \/>\n\u2022 Coupez la tige de la fleur fan\u00e9e juste au-dessus du bourgeon (\u00e0 20-25\u202fcm de la racine)<br \/>\n\u2022 \u00c9vitez le soleil direct et prot\u00e9gez-la des courants d\u2019air froids<br \/>\n\u2022 Maintenez la temp\u00e9rature de la pi\u00e8ce entre 18 et 21\u202f\u00b0C<br \/>\n\u2022 Immergez la plante dans de l\u2019eau ti\u00e8de une fois par semaine et laissez bien s\u2019\u00e9goutter avant de la remettre dans son cache-pot (de mars \u00e0 septembre, ajoutez une dose d\u2019engrais sp\u00e9cial orchid\u00e9es une fois par mois)<br \/>\u2022 Tous les 2-3 ans, rempotez avec un substrat sp\u00e9cial orchid\u00e9es pour maintenir une belle floraison  <\/p>\n","protected":false},"excerpt":{"rendered":"<h2><span data-sheets-root=\"1\">Orchid Garden\u202f: arrangement luxueux d\u2019orchid\u00e9es pour toute d\u00e9coration int\u00e9rieure<\/span><\/h2>\n<p>Apportez beaut\u00e9 intemporelle et luxe \u00e0 votre <a href=\"https:\/\/manakinfleurs.com\/fr\/categorie\/decor-floral-maison\">d\u00e9coration int\u00e9rieure<\/a> avec notre <strong>Orchid Garden<\/strong>. Cette composition comprend 10 <a href=\"https:\/\/manakinfleurs.com\/fr\/boutique\/?filter_flowers=orchidee-cymbidium\">orchid\u00e9es <\/a>d\u2019exception dans des tons exquis, <a href=\"https:\/\/manakinfleurs.com\/fr\/boutique\/?filter_color=rose\">du rose<\/a>, <a href=\"https:\/\/manakinfleurs.com\/fr\/boutique\/?filter_color=jaune\">du jaune<\/a> et <a href=\"https:\/\/manakinfleurs.com\/fr\/boutique\/?filter_flowers=lilas&amp;filter_color=blanc\">du blanc<\/a> \u2014 un spectacle fascinant. \u00c9l\u00e9gamment pr\u00e9sent\u00e9e dans un pot en c\u00e9ramique, ce jardin d\u2019orchid\u00e9es sublime la <a href=\"https:\/\/manakinfleurs.com\/fr\/boutique\/?filter_flowers=lilas&amp;filter_color=blanc\">d\u00e9coration des int\u00e9rieurs<\/a>, <a href=\"https:\/\/manakinfleurs.com\/yachts\/\">yachts <\/a>ou <a href=\"https:\/\/manakinfleurs.com\/fr\/categorie\/evenement\">\u00e9v\u00e9nements <\/a>haut de gamme.  <\/p>\n<p><strong>Pourquoi choisir notre Orchid Garden\u202f?<\/strong><\/p>\n<ul>\n<li>M\u00e9lange vibrant d\u2019orchid\u00e9es premium pour la d\u00e9coration int\u00e9rieure<\/li>\n<li>Pot en c\u00e9ramique design, parfait pour tout style d\u2019int\u00e9rieur<\/li>\n<li>Centre de table id\u00e9al pour la maison, les yachts de luxe ou les \u00e9v\u00e9nements<\/li>\n<li>Floraison longue dur\u00e9e pour une touche d\u2019\u00e9l\u00e9gance qui se prolonge dans le temps<\/li>\n<\/ul>\n<p>Que ce soit pour votre maison, pour offrir ou d\u00e9corer une occasion sp\u00e9ciale, <strong>Orchid Garden<\/strong> incarne le raffinement et le charme. Chaque orchid\u00e9e est s\u00e9lectionn\u00e9e avec soin pour garantir beaut\u00e9, long\u00e9vit\u00e9 et qualit\u00e9, faisant de cette composition pour la d\u00e9coration int\u00e9rieure une v\u00e9ritable pi\u00e8ce de design. <\/p>\n<p>Ajoutez luxe et \u00e9l\u00e9gance \u00e0 votre int\u00e9rieur d\u00e8s aujourd\u2019hui avec <strong>Orchid Garden\u202f<\/strong>\u2014 un chef-d\u2019\u0153uvre qui sublime la d\u00e9coration int\u00e9rieure.<\/p>\n","protected":false},"featured_media":36299,"template":"","meta":{"_uf_show_specific_survey":0,"_uf_disable_surveys":false},"product_brand":[],"product_cat":[1425,1416],"product_tag":[],"class_list":{"0":"post-38473","1":"product","2":"type-product","3":"status-publish","4":"has-post-thumbnail","6":"product_cat-orchidees","7":"product_cat-decor-floral-maison","10":"first","11":"instock","12":"taxable","13":"shipping-taxable","14":"purchasable","15":"product-type-simple"},"_links":{"self":[{"href":"https:\/\/manakinfleurs.com\/fr\/wp-json\/wp\/v2\/product\/38473","targetHints":{"allow":["GET"]}}],"collection":[{"href":"https:\/\/manakinfleurs.com\/fr\/wp-json\/wp\/v2\/product"}],"about":[{"href":"https:\/\/manakinfleurs.com\/fr\/wp-json\/wp\/v2\/types\/product"}],"wp:featuredmedia":[{"embeddable":true,"href":"https:\/\/manakinfleurs.com\/fr\/wp-json\/wp\/v2\/media\/36299"}],"wp:attachment":[{"href":"https:\/\/manakinfleurs.com\/fr\/wp-json\/wp\/v2\/media?parent=38473"}],"wp:term":[{"taxonomy":"product_brand","embeddable":true,"href":"https:\/\/manakinfleurs.com\/fr\/wp-json\/wp\/v2\/product_brand?post=38473"},{"taxonomy":"product_cat","embeddable":true,"href":"https:\/\/manakinfleurs.com\/fr\/wp-json\/wp\/v2\/product_cat?post=38473"},{"taxonomy":"product_tag","embeddable":true,"href":"https:\/\/manakinfleurs.com\/fr\/wp-json\/wp\/v2\/product_tag?post=38473"}],"curies":[{"name":"wp","href":"https:\/\/api.w.org\/{rel}","templated":true}]}}