{"id":38467,"date":"2024-09-02T11:58:50","date_gmt":"2024-09-02T10:58:50","guid":{"rendered":"https:\/\/manakinfleurs.com\/?post_type=product&#038;p=38467"},"modified":"2025-09-22T11:21:22","modified_gmt":"2025-09-22T10:21:22","slug":"flower-paddle-composition-florale-flottante","status":"publish","type":"product","link":"https:\/\/manakinfleurs.com\/fr\/boutique\/flower-paddle-composition-florale-flottante\/","title":{"rendered":"FLOWER PADDLE"},"content":{"rendered":"<p>Manakin Fleurs et D\u00e9corations est votre <strong>service de livraison de fleurs<\/strong> de confiance sur la C\u00f4te d\u2019Azur, couvrant <strong>Saint-Tropez, Cannes, Juan-les-Pins, Antibes, Saint-Paul-de-Vence, Nice, Saint-Jean-Cap-Ferrat, \u00c8ze, Monaco, Menton, et toute la r\u00e9gion M\u00e9diterran\u00e9enne<\/strong>.<\/p>\n","protected":false},"excerpt":{"rendered":"<h2><span data-sheets-root=\"1\">Composition florale flottante unique<\/span><\/h2>\n<p>Pourquoi se contenter d\u2019un <strong>bouquet <\/strong>ou d\u2019un <strong>panier<\/strong> de fleurs\u202f? Osez la <strong>composition florale flottante sur planche\u202f<\/strong>!<br \/>\nOffrez un cadeau vraiment unique\u202f: <strong>une planche flottante \u00e9l\u00e9gamment d\u00e9cor\u00e9e de v\u00e9ritables hortensias<\/strong>. Sortez des sentiers battus pour surprendre vos proches avec une alternative spectaculaire au bouquet ou panier traditionnel. Cette cr\u00e9ation originale sign\u00e9e MANAKIN FLEURS ajoute une note magique \u00e0 un rendez-vous, une s\u00e9ance photo au bord de la piscine ou toute occasion sp\u00e9ciale. Un <strong>objet floral<\/strong> d\u2019exception pour des moments inoubliables, o\u00f9 la po\u00e9sie des fleurs rencontre le design unique.   <\/p>\n<p>&nbsp;<\/p>\n","protected":false},"featured_media":36345,"template":"","meta":{"_uf_show_specific_survey":0,"_uf_disable_surveys":false},"product_brand":[],"product_cat":[1420,1414,1418,1427],"product_tag":[],"class_list":{"0":"post-38467","1":"product","2":"type-product","3":"status-publish","4":"has-post-thumbnail","6":"product_cat-enorme","7":"product_cat-evenement","8":"product_cat-luxe","9":"product_cat-mono-bouquets","12":"first","13":"instock","14":"taxable","15":"shipping-taxable","16":"purchasable","17":"product-type-simple"},"_links":{"self":[{"href":"https:\/\/manakinfleurs.com\/fr\/wp-json\/wp\/v2\/product\/38467","targetHints":{"allow":["GET"]}}],"collection":[{"href":"https:\/\/manakinfleurs.com\/fr\/wp-json\/wp\/v2\/product"}],"about":[{"href":"https:\/\/manakinfleurs.com\/fr\/wp-json\/wp\/v2\/types\/product"}],"wp:featuredmedia":[{"embeddable":true,"href":"https:\/\/manakinfleurs.com\/fr\/wp-json\/wp\/v2\/media\/36345"}],"wp:attachment":[{"href":"https:\/\/manakinfleurs.com\/fr\/wp-json\/wp\/v2\/media?parent=38467"}],"wp:term":[{"taxonomy":"product_brand","embeddable":true,"href":"https:\/\/manakinfleurs.com\/fr\/wp-json\/wp\/v2\/product_brand?post=38467"},{"taxonomy":"product_cat","embeddable":true,"href":"https:\/\/manakinfleurs.com\/fr\/wp-json\/wp\/v2\/product_cat?post=38467"},{"taxonomy":"product_tag","embeddable":true,"href":"https:\/\/manakinfleurs.com\/fr\/wp-json\/wp\/v2\/product_tag?post=38467"}],"curies":[{"name":"wp","href":"https:\/\/api.w.org\/{rel}","templated":true}]}}