{"id":38462,"date":"2018-10-11T02:14:12","date_gmt":"2018-10-11T01:14:12","guid":{"rendered":"https:\/\/manakinfleurs.com\/?post_type=product&#038;p=38462"},"modified":"2025-09-22T11:22:02","modified_gmt":"2025-09-22T10:22:02","slug":"deep-night-hortensias-bleus-fonces","status":"publish","type":"product","link":"https:\/\/manakinfleurs.com\/fr\/boutique\/deep-night-hortensias-bleus-fonces\/","title":{"rendered":"DEEP NIGHT"},"content":{"rendered":"<p><span class=\"s1\">En raison de la saisonnalit\u00e9, toutes les couleurs ne sont pas toujours disponibles. Si nous ne pouvons pas satisfaire votre commande \u00e0 l\u2019identique, notre \u00e9quipe vous contactera pour trouver la meilleure alternative.   <\/span><span class=\"s2\">service <\/span><span class=\"s1\">de livraison dans toute <strong>la <\/strong><\/span><strong><span class=\"s2\">C\u00f4te d\u2019Azur<\/span><\/strong><span class=\"s1\">, de<\/span> <span class=\"s2\"><strong>Saint-Tropez<\/strong> \u00e0 <strong>Menton<\/strong><\/span> <span class=\"s1\">et <\/span><strong><span class=\"s2\">Monaco<\/span><\/strong><span class=\"s1\">.<\/span><\/p>\n","protected":false},"excerpt":{"rendered":"<h2><span data-sheets-root=\"1\">Hortensias bleus fonc\u00e9s : une expression intemporelle de l\u2019\u00e9l\u00e9gance<\/span><\/h2>\n<p><strong>Deep Night<\/strong> \u2014 un bouquet envo\u00fbtant <a href=\"https:\/\/manakinfleurs.com\/fr\/boutique\/?filter_flowers=hortensia&amp;filter_color=bleu\"><strong>d\u2019hortensias bleus<\/strong> <strong>fonc\u00e9s<\/strong><\/a>, inspir\u00e9 par la beaut\u00e9 du ciel au cr\u00e9puscule. Chaque fleur est teint\u00e9e d\u2019un bleu velout\u00e9, cr\u00e9ant une atmosph\u00e8re myst\u00e9rieuse et sophistiqu\u00e9e. Cette cr\u00e9ation unique, soigneusement r\u00e9alis\u00e9e, incarne l\u2019\u00e9l\u00e9gance et la grandeur \u2014 parfaite pour <a href=\"https:\/\/manakinfleurs.com\/fr\/categorie\/anniversaire\">un anniversaire<\/a>, <a href=\"https:\/\/manakinfleurs.com\/fr\/categorie\/anniversaire-de-mariage\"><strong>une c\u00e9l\u00e9bration<\/strong><\/a> ou toute occasion o\u00f9 beaut\u00e9 rime avec intensit\u00e9.  <\/p>\n<p>Surprenez un proche ou sublimez votre \u00e9v\u00e9nement avec ce bouquet <strong><a href=\"https:\/\/manakinfleurs.com\/fr\/boutique\/?filter_flowers=hortensia&amp;filter_color=bleu\">d\u2019hortensias bleus fonc\u00e9s<\/a><\/strong>. Sa couleur riche \u00e9voque la s\u00e9r\u00e9nit\u00e9 et l\u2019opulence : un cadeau inoubliable \u00e0 la hauteur des plus belles \u00e9motions. Pour une c\u00e9l\u00e9bration aussi m\u00e9morable qu\u2019un ciel \u00e9toil\u00e9, choisissez l\u2019\u00e9l\u00e9gance des hortensias bleus fonc\u00e9s. <\/p>\n<p>Rendez votre prochaine c\u00e9l\u00e9bration aussi inoubliable qu\u2019un ciel \u00e9toil\u00e9 gr\u00e2ce \u00e0 l\u2019\u00e9l\u00e9gance <a href=\"https:\/\/manakinfleurs.com\/fr\/boutique\/?filter_flowers=hortensia&amp;filter_color=bleu\"><strong>des hortensias bleus<\/strong> <strong>fonc\u00e9s<\/strong><\/a>.<\/p>\n","protected":false},"featured_media":36485,"template":"","meta":{"_uf_show_specific_survey":0,"_uf_disable_surveys":false},"product_brand":[],"product_cat":[1423,1402,1390],"product_tag":[],"class_list":{"0":"post-38462","1":"product","2":"type-product","3":"status-publish","4":"has-post-thumbnail","6":"product_cat-hortensias","7":"product_cat-anniversaire","8":"product_cat-anniversaire-de-mariage","11":"first","12":"outofstock","13":"taxable","14":"shipping-taxable","15":"purchasable","16":"product-type-simple"},"_links":{"self":[{"href":"https:\/\/manakinfleurs.com\/fr\/wp-json\/wp\/v2\/product\/38462","targetHints":{"allow":["GET"]}}],"collection":[{"href":"https:\/\/manakinfleurs.com\/fr\/wp-json\/wp\/v2\/product"}],"about":[{"href":"https:\/\/manakinfleurs.com\/fr\/wp-json\/wp\/v2\/types\/product"}],"wp:featuredmedia":[{"embeddable":true,"href":"https:\/\/manakinfleurs.com\/fr\/wp-json\/wp\/v2\/media\/36485"}],"wp:attachment":[{"href":"https:\/\/manakinfleurs.com\/fr\/wp-json\/wp\/v2\/media?parent=38462"}],"wp:term":[{"taxonomy":"product_brand","embeddable":true,"href":"https:\/\/manakinfleurs.com\/fr\/wp-json\/wp\/v2\/product_brand?post=38462"},{"taxonomy":"product_cat","embeddable":true,"href":"https:\/\/manakinfleurs.com\/fr\/wp-json\/wp\/v2\/product_cat?post=38462"},{"taxonomy":"product_tag","embeddable":true,"href":"https:\/\/manakinfleurs.com\/fr\/wp-json\/wp\/v2\/product_tag?post=38462"}],"curies":[{"name":"wp","href":"https:\/\/api.w.org\/{rel}","templated":true}]}}