{"id":38459,"date":"2024-10-11T02:41:12","date_gmt":"2024-10-11T01:41:12","guid":{"rendered":"https:\/\/manakinfleurs.com\/?post_type=product&#038;p=38459"},"modified":"2025-09-22T11:22:01","modified_gmt":"2025-09-22T10:22:01","slug":"peachy-sunrise-bouquet-roses-peche","status":"publish","type":"product","link":"https:\/\/manakinfleurs.com\/fr\/boutique\/peachy-sunrise-bouquet-roses-peche\/","title":{"rendered":"PEACHY SUNRISE"},"content":{"rendered":"<p>En tant que <strong>fleuriste de confiance \u00e0 Nice, Manakin Fleurs et D\u00e9corations <\/strong>s\u2019engage \u00e0 fournir une qualit\u00e9 exceptionnelle. <strong>Notre service<\/strong> couvre toute la <strong>C\u00f4te d\u2019Azur<\/strong> \u2014 de <strong>Saint-Tropez \u00e0 Monaco, en passant par Cannes, Antibes et Nice<\/strong>. O\u00f9 que vous soyez, nous assurons la livraison de <strong>bouquets frais et \u00e9l\u00e9gants<\/strong> dans toute la r\u00e9gion.  <\/p>\n","protected":false},"excerpt":{"rendered":"<h2><span data-sheets-root=\"1\">Bouquet de roses p\u00eache\u202f: une aube romantique d\u2019\u00e9l\u00e9gance<\/span><\/h2>\n<p><strong>Peachy Su<\/strong>nrise \u2014 <a href=\"https:\/\/manakinfleurs.com\/fr\/boutique\/?filter_flowers=rose&amp;filter_color=corail\"><strong>Un bouquet de roses p\u00eache<\/strong><\/a> tout en douceur qui capture la s\u00e9r\u00e9nit\u00e9 d\u2019un matin d\u2019\u00e9t\u00e9. Cette composition, confectionn\u00e9e \u00e0 la main avec de g\u00e9n\u00e9reux <a href=\"https:\/\/manakinfleurs.com\/fr\/boutique\/?filter_flowers=hortensia&amp;filter_color=bleu\"><strong>hortensias bleu pastel<\/strong><\/a>, <a href=\"https:\/\/manakinfleurs.com\/fr\/boutique\/?filter_flowers=rose&amp;filter_color=corail\"><strong>des roses couleur p\u00eache<\/strong><\/a> et de d\u00e9licats <a href=\"https:\/\/manakinfleurs.com\/fr\/boutique\/?filter_flowers=eustoma\"><strong>lisianthus<\/strong><\/a>, incarne la gr\u00e2ce et la tendresse. Les tonalit\u00e9s apaisantes s\u2019harmonisent pour cr\u00e9er un <a href=\"https:\/\/manakinfleurs.com\/fr\/categorie\/romantique\">bouquet romantique<\/a> et inoubliable.  <\/p>\n<p>Id\u00e9al pour <a href=\"https:\/\/manakinfleurs.com\/fr\/categorie\/anniversaire\">un anniversaire<\/a>, <a href=\"https:\/\/manakinfleurs.com\/fr\/categorie\/anniversaire-de-mariage\">une f\u00eate<\/a> ou une d\u00e9claration intime, ce bouquet de 50\u202fcm apporte une beaut\u00e9 intemporelle \u00e0 chaque moment. <strong>Peachy Sunrise<\/strong> refl\u00e8te l\u2019amour, la chaleur et la s\u00e9r\u00e9nit\u00e9\u202f: un cadeau raffin\u00e9 \u00e0 offrir ou une touche d\u2019\u00e9l\u00e9gance \u00e0 votre int\u00e9rieur. <\/p>\n","protected":false},"featured_media":36489,"template":"","meta":{"_uf_show_specific_survey":0,"_uf_disable_surveys":false},"product_brand":[],"product_cat":[1398,1402,1394,1431,1433],"product_tag":[],"class_list":{"0":"post-38459","1":"product","2":"type-product","3":"status-publish","4":"has-post-thumbnail","6":"product_cat-sur-mesure","7":"product_cat-anniversaire","8":"product_cat-rentree-scolaire","9":"product_cat-romantique","10":"product_cat-bouquets-de-roses","13":"first","14":"instock","15":"taxable","16":"shipping-taxable","17":"purchasable","18":"product-type-simple"},"_links":{"self":[{"href":"https:\/\/manakinfleurs.com\/fr\/wp-json\/wp\/v2\/product\/38459","targetHints":{"allow":["GET"]}}],"collection":[{"href":"https:\/\/manakinfleurs.com\/fr\/wp-json\/wp\/v2\/product"}],"about":[{"href":"https:\/\/manakinfleurs.com\/fr\/wp-json\/wp\/v2\/types\/product"}],"wp:featuredmedia":[{"embeddable":true,"href":"https:\/\/manakinfleurs.com\/fr\/wp-json\/wp\/v2\/media\/36489"}],"wp:attachment":[{"href":"https:\/\/manakinfleurs.com\/fr\/wp-json\/wp\/v2\/media?parent=38459"}],"wp:term":[{"taxonomy":"product_brand","embeddable":true,"href":"https:\/\/manakinfleurs.com\/fr\/wp-json\/wp\/v2\/product_brand?post=38459"},{"taxonomy":"product_cat","embeddable":true,"href":"https:\/\/manakinfleurs.com\/fr\/wp-json\/wp\/v2\/product_cat?post=38459"},{"taxonomy":"product_tag","embeddable":true,"href":"https:\/\/manakinfleurs.com\/fr\/wp-json\/wp\/v2\/product_tag?post=38459"}],"curies":[{"name":"wp","href":"https:\/\/api.w.org\/{rel}","templated":true}]}}